{"id":3387069,"date":"2025-12-22T07:35:04","date_gmt":"2025-12-22T05:35:04","guid":{"rendered":"https:\/\/tallinndesignhouse.com\/toode\/oliiviroheline-viskoos-siid-velvetist-pluus\/"},"modified":"2026-04-12T00:56:38","modified_gmt":"2026-04-11T21:56:38","slug":"oliiviroheline-viskoos-siid-velvetist-pluus","status":"publish","type":"product","link":"https:\/\/tallinndesignhouse.com\/en\/toode\/oliiviroheline-viskoos-siid-velvetist-pluus\/","title":{"rendered":"Olive viscose silk velvet blouse"},"content":{"rendered":"<p>The deep olive blouse by Eve Hanson is crafted from luxurious viscose\u2013silk velvet that drapes softly and catches the light with a subtle sheen, feeling smooth against the skin while moving effortlessly with the body. The relaxed silhouette is balanced by sculptural sleeves that gather into long adjustable ties at the cuffs, allowing the volume and shape to be styled to preference. A clean round neckline maintains a minimalist look, letting the rich texture of the velvet take centre stage. Designed for moments when you want to feel both effortless and elevated, the blouse pairs beautifully with wide-leg trousers, tailored pieces, and other refined wardrobe staples. Made in Estonia, it is suitable for dry cleaning only. The back length of size S is 60 cm. Composition: 82% viscose, 18% silk.<\/p>\n","protected":false},"excerpt":{"rendered":"<p>The deep olive blouse by Eve Hanson is crafted from luxurious viscose\u2013silk velvet that drapes softly and catches the light with a subtle sheen, feeling smooth against the skin while moving effortlessly with the body. The relaxed silhouette is balanced by sculptural sleeves that gather into long adjustable ties at the cuffs, allowing the volume [&hellip;]<\/p>\n","protected":false},"featured_media":3387077,"template":"","meta":{"_acf_changed":false},"product_brand":[],"product_cat":[1957,2837,3718],"product_tag":[2819],"class_list":{"0":"post-3387069","1":"product","2":"type-product","3":"status-publish","4":"has-post-thumbnail","6":"product_cat-shirts-and-blouses","7":"product_cat-clothes","8":"product_cat-winter-style","9":"product_tag-women","10":"pa_brand-eve-hanson-en","11":"pa_brand-eve-hanson","12":"pa_suurus-m-en","13":"pa_suurus-m","14":"pa_suurus-s","15":"pa_suurus-s-en","17":"first","18":"instock","19":"taxable","20":"shipping-taxable","21":"purchasable","22":"product-type-variable"},"acf":[],"yoast_head":"<!-- This site is optimized with the Yoast SEO plugin v26.0 - https:\/\/yoast.com\/wordpress\/plugins\/seo\/ -->\n<title>Eve Hanson Olive viscose silk velvet blouse - Tallinn Design House<\/title>\n<meta name=\"description\" content=\"Eve Hanson oliiviroheline viskoos-siid velvetist pluus sobitub laia s\u00e4\u00e4rega p\u00fckste, r\u00e4tsepal\u00f5ikeliste r\u00f5ivaesemete ja teiste garderoobiklassikutega.\" \/>\n<meta name=\"robots\" content=\"index, follow, max-snippet:-1, max-image-preview:large, max-video-preview:-1\" \/>\n<link rel=\"canonical\" href=\"https:\/\/tallinndesignhouse.com\/toode\/oliiviroheline-viskoos-siid-velvetist-pluus\/\" \/>\n<meta property=\"og:locale\" content=\"en_US\" \/>\n<meta property=\"og:type\" content=\"article\" \/>\n<meta property=\"og:title\" content=\"Eve Hanson Olive viscose silk velvet blouse - Tallinn Design House\" \/>\n<meta property=\"og:description\" content=\"Eve Hanson oliiviroheline viskoos-siid velvetist pluus sobitub laia s\u00e4\u00e4rega p\u00fckste, r\u00e4tsepal\u00f5ikeliste r\u00f5ivaesemete ja teiste garderoobiklassikutega.\" \/>\n<meta property=\"og:url\" content=\"https:\/\/tallinndesignhouse.com\/toode\/oliiviroheline-viskoos-siid-velvetist-pluus\/\" \/>\n<meta property=\"og:site_name\" content=\"Tallinn Design House\" \/>\n<meta property=\"article:modified_time\" content=\"2026-04-11T21:56:38+00:00\" \/>\n<meta property=\"og:image\" content=\"https:\/\/tallinndesignhouse.com\/wp-content\/uploads\/2025\/12\/Oliiviroheline-viskoos-siid-velvetist-pluus-Eve-Hanson.jpg\" \/>\n\t<meta property=\"og:image:width\" content=\"1080\" \/>\n\t<meta property=\"og:image:height\" content=\"1350\" \/>\n\t<meta property=\"og:image:type\" content=\"image\/jpeg\" \/>\n<meta name=\"twitter:card\" content=\"summary_large_image\" \/>\n<meta name=\"twitter:label1\" content=\"Est. reading time\" \/>\n\t<meta name=\"twitter:data1\" content=\"1 minute\" \/>\n<script type=\"application\/ld+json\" class=\"yoast-schema-graph\">{\"@context\":\"https:\/\/schema.org\",\"@graph\":[{\"@type\":\"WebPage\",\"@id\":\"https:\/\/tallinndesignhouse.com\/toode\/oliiviroheline-viskoos-siid-velvetist-pluus\/\",\"url\":\"https:\/\/tallinndesignhouse.com\/toode\/oliiviroheline-viskoos-siid-velvetist-pluus\/\",\"name\":\"Eve Hanson Olive viscose silk velvet blouse - Tallinn Design House\",\"isPartOf\":{\"@id\":\"https:\/\/tallinndesignhouse.com\/#website\"},\"primaryImageOfPage\":{\"@id\":\"https:\/\/tallinndesignhouse.com\/toode\/oliiviroheline-viskoos-siid-velvetist-pluus\/#primaryimage\"},\"image\":{\"@id\":\"https:\/\/tallinndesignhouse.com\/toode\/oliiviroheline-viskoos-siid-velvetist-pluus\/#primaryimage\"},\"thumbnailUrl\":\"https:\/\/tallinndesignhouse.com\/wp-content\/uploads\/2025\/12\/Oliiviroheline-viskoos-siid-velvetist-pluus-Eve-Hanson.jpg\",\"datePublished\":\"2025-12-22T05:35:04+00:00\",\"dateModified\":\"2026-04-11T21:56:38+00:00\",\"description\":\"Eve Hanson oliiviroheline viskoos-siid velvetist pluus sobitub laia s\u00e4\u00e4rega p\u00fckste, r\u00e4tsepal\u00f5ikeliste r\u00f5ivaesemete ja teiste garderoobiklassikutega.\",\"breadcrumb\":{\"@id\":\"https:\/\/tallinndesignhouse.com\/toode\/oliiviroheline-viskoos-siid-velvetist-pluus\/#breadcrumb\"},\"inLanguage\":\"en-US\",\"potentialAction\":[{\"@type\":\"ReadAction\",\"target\":[\"https:\/\/tallinndesignhouse.com\/toode\/oliiviroheline-viskoos-siid-velvetist-pluus\/\"]}]},{\"@type\":\"ImageObject\",\"inLanguage\":\"en-US\",\"@id\":\"https:\/\/tallinndesignhouse.com\/toode\/oliiviroheline-viskoos-siid-velvetist-pluus\/#primaryimage\",\"url\":\"https:\/\/tallinndesignhouse.com\/wp-content\/uploads\/2025\/12\/Oliiviroheline-viskoos-siid-velvetist-pluus-Eve-Hanson.jpg\",\"contentUrl\":\"https:\/\/tallinndesignhouse.com\/wp-content\/uploads\/2025\/12\/Oliiviroheline-viskoos-siid-velvetist-pluus-Eve-Hanson.jpg\",\"width\":1080,\"height\":1350,\"caption\":\"Oliiviroheline viskoos-siid velvetist pluus Eve Hanson\"},{\"@type\":\"BreadcrumbList\",\"@id\":\"https:\/\/tallinndesignhouse.com\/toode\/oliiviroheline-viskoos-siid-velvetist-pluus\/#breadcrumb\",\"itemListElement\":[{\"@type\":\"ListItem\",\"position\":1,\"name\":\"Home\",\"item\":\"https:\/\/tallinndesignhouse.com\/en\/\"},{\"@type\":\"ListItem\",\"position\":2,\"name\":\"Shop\",\"item\":\"https:\/\/tallinndesignhouse.com\/en\/shop\/\"},{\"@type\":\"ListItem\",\"position\":3,\"name\":\"Olive viscose silk velvet blouse\"}]},{\"@type\":\"WebSite\",\"@id\":\"https:\/\/tallinndesignhouse.com\/#website\",\"url\":\"https:\/\/tallinndesignhouse.com\/\",\"name\":\"Tallinn Design House\",\"description\":\"Eesti disain Rotermanni kvartalis\",\"potentialAction\":[{\"@type\":\"SearchAction\",\"target\":{\"@type\":\"EntryPoint\",\"urlTemplate\":\"https:\/\/tallinndesignhouse.com\/?s={search_term_string}\"},\"query-input\":{\"@type\":\"PropertyValueSpecification\",\"valueRequired\":true,\"valueName\":\"search_term_string\"}}],\"inLanguage\":\"en-US\"}]}<\/script>\n<!-- \/ Yoast SEO plugin. -->","yoast_head_json":{"title":"Eve Hanson Olive viscose silk velvet blouse - Tallinn Design House","description":"Eve Hanson oliiviroheline viskoos-siid velvetist pluus sobitub laia s\u00e4\u00e4rega p\u00fckste, r\u00e4tsepal\u00f5ikeliste r\u00f5ivaesemete ja teiste garderoobiklassikutega.","robots":{"index":"index","follow":"follow","max-snippet":"max-snippet:-1","max-image-preview":"max-image-preview:large","max-video-preview":"max-video-preview:-1"},"canonical":"https:\/\/tallinndesignhouse.com\/toode\/oliiviroheline-viskoos-siid-velvetist-pluus\/","og_locale":"en_US","og_type":"article","og_title":"Eve Hanson Olive viscose silk velvet blouse - Tallinn Design House","og_description":"Eve Hanson oliiviroheline viskoos-siid velvetist pluus sobitub laia s\u00e4\u00e4rega p\u00fckste, r\u00e4tsepal\u00f5ikeliste r\u00f5ivaesemete ja teiste garderoobiklassikutega.","og_url":"https:\/\/tallinndesignhouse.com\/toode\/oliiviroheline-viskoos-siid-velvetist-pluus\/","og_site_name":"Tallinn Design House","article_modified_time":"2026-04-11T21:56:38+00:00","og_image":[{"width":1080,"height":1350,"url":"https:\/\/tallinndesignhouse.com\/wp-content\/uploads\/2025\/12\/Oliiviroheline-viskoos-siid-velvetist-pluus-Eve-Hanson.jpg","type":"image\/jpeg"}],"twitter_card":"summary_large_image","twitter_misc":{"Est. reading time":"1 minute"},"schema":{"@context":"https:\/\/schema.org","@graph":[{"@type":"WebPage","@id":"https:\/\/tallinndesignhouse.com\/toode\/oliiviroheline-viskoos-siid-velvetist-pluus\/","url":"https:\/\/tallinndesignhouse.com\/toode\/oliiviroheline-viskoos-siid-velvetist-pluus\/","name":"Eve Hanson Olive viscose silk velvet blouse - Tallinn Design House","isPartOf":{"@id":"https:\/\/tallinndesignhouse.com\/#website"},"primaryImageOfPage":{"@id":"https:\/\/tallinndesignhouse.com\/toode\/oliiviroheline-viskoos-siid-velvetist-pluus\/#primaryimage"},"image":{"@id":"https:\/\/tallinndesignhouse.com\/toode\/oliiviroheline-viskoos-siid-velvetist-pluus\/#primaryimage"},"thumbnailUrl":"https:\/\/tallinndesignhouse.com\/wp-content\/uploads\/2025\/12\/Oliiviroheline-viskoos-siid-velvetist-pluus-Eve-Hanson.jpg","datePublished":"2025-12-22T05:35:04+00:00","dateModified":"2026-04-11T21:56:38+00:00","description":"Eve Hanson oliiviroheline viskoos-siid velvetist pluus sobitub laia s\u00e4\u00e4rega p\u00fckste, r\u00e4tsepal\u00f5ikeliste r\u00f5ivaesemete ja teiste garderoobiklassikutega.","breadcrumb":{"@id":"https:\/\/tallinndesignhouse.com\/toode\/oliiviroheline-viskoos-siid-velvetist-pluus\/#breadcrumb"},"inLanguage":"en-US","potentialAction":[{"@type":"ReadAction","target":["https:\/\/tallinndesignhouse.com\/toode\/oliiviroheline-viskoos-siid-velvetist-pluus\/"]}]},{"@type":"ImageObject","inLanguage":"en-US","@id":"https:\/\/tallinndesignhouse.com\/toode\/oliiviroheline-viskoos-siid-velvetist-pluus\/#primaryimage","url":"https:\/\/tallinndesignhouse.com\/wp-content\/uploads\/2025\/12\/Oliiviroheline-viskoos-siid-velvetist-pluus-Eve-Hanson.jpg","contentUrl":"https:\/\/tallinndesignhouse.com\/wp-content\/uploads\/2025\/12\/Oliiviroheline-viskoos-siid-velvetist-pluus-Eve-Hanson.jpg","width":1080,"height":1350,"caption":"Oliiviroheline viskoos-siid velvetist pluus Eve Hanson"},{"@type":"BreadcrumbList","@id":"https:\/\/tallinndesignhouse.com\/toode\/oliiviroheline-viskoos-siid-velvetist-pluus\/#breadcrumb","itemListElement":[{"@type":"ListItem","position":1,"name":"Home","item":"https:\/\/tallinndesignhouse.com\/en\/"},{"@type":"ListItem","position":2,"name":"Shop","item":"https:\/\/tallinndesignhouse.com\/en\/shop\/"},{"@type":"ListItem","position":3,"name":"Olive viscose silk velvet blouse"}]},{"@type":"WebSite","@id":"https:\/\/tallinndesignhouse.com\/#website","url":"https:\/\/tallinndesignhouse.com\/","name":"Tallinn Design House","description":"Eesti disain Rotermanni kvartalis","potentialAction":[{"@type":"SearchAction","target":{"@type":"EntryPoint","urlTemplate":"https:\/\/tallinndesignhouse.com\/?s={search_term_string}"},"query-input":{"@type":"PropertyValueSpecification","valueRequired":true,"valueName":"search_term_string"}}],"inLanguage":"en-US"}]}},"_links":{"self":[{"href":"https:\/\/tallinndesignhouse.com\/en\/wp-json\/wp\/v2\/product\/3387069","targetHints":{"allow":["GET"]}}],"collection":[{"href":"https:\/\/tallinndesignhouse.com\/en\/wp-json\/wp\/v2\/product"}],"about":[{"href":"https:\/\/tallinndesignhouse.com\/en\/wp-json\/wp\/v2\/types\/product"}],"wp:featuredmedia":[{"embeddable":true,"href":"https:\/\/tallinndesignhouse.com\/en\/wp-json\/wp\/v2\/media\/3387077"}],"wp:attachment":[{"href":"https:\/\/tallinndesignhouse.com\/en\/wp-json\/wp\/v2\/media?parent=3387069"}],"wp:term":[{"taxonomy":"product_brand","embeddable":true,"href":"https:\/\/tallinndesignhouse.com\/en\/wp-json\/wp\/v2\/product_brand?post=3387069"},{"taxonomy":"product_cat","embeddable":true,"href":"https:\/\/tallinndesignhouse.com\/en\/wp-json\/wp\/v2\/product_cat?post=3387069"},{"taxonomy":"product_tag","embeddable":true,"href":"https:\/\/tallinndesignhouse.com\/en\/wp-json\/wp\/v2\/product_tag?post=3387069"}],"curies":[{"name":"wp","href":"https:\/\/api.w.org\/{rel}","templated":true}]}}