{"id":3387273,"date":"2025-12-29T16:35:04","date_gmt":"2025-12-29T14:35:04","guid":{"rendered":"https:\/\/tallinndesignhouse.com\/toode\/kaelaehe-focus-arc\/"},"modified":"2026-04-29T01:02:21","modified_gmt":"2026-04-28T22:02:21","slug":"kaelaehe-focus-arc","status":"publish","type":"product","link":"https:\/\/tallinndesignhouse.com\/en\/toode\/kaelaehe-focus-arc\/","title":{"rendered":"Necklace Focus Arc"},"content":{"rendered":"<p>The Astrid Rajalo Focus Arc necklace is crafted from natural leather on both the outer and inner sides. The golden rings are made of naturally dyed, gold-toned leather. The necklace features a black onyx semi-precious stone at the center. The arc measures 15 mm at its widest point in the middle. The diameter of the smaller ring is 34 mm, while the larger ring has a diameter of 50 mm. The cord length is 300 mm, and the cords are connected with a movable fastening that allows the size of the necklace to be adjusted.<\/p>\n","protected":false},"excerpt":{"rendered":"<p>The Astrid Rajalo Focus Arc necklace is crafted from natural leather on both the outer and inner sides. The golden rings are made of naturally dyed, gold-toned leather. The necklace features a black onyx semi-precious stone at the center. The arc measures 15 mm at its widest point in the middle. The diameter of the [&hellip;]<\/p>\n","protected":false},"featured_media":3387277,"template":"","meta":{"_acf_changed":false},"product_brand":[],"product_cat":[116,869],"product_tag":[2818],"class_list":{"0":"post-3387273","1":"product","2":"type-product","3":"status-publish","4":"has-post-thumbnail","6":"product_cat-ehted","7":"product_cat-kaelaehted","8":"product_tag-naised","9":"pa_brand-astrid-rajalo-leatherdesign","11":"pa_varv-bordoo","12":"pa_varv-pruun","16":"first","17":"instock","18":"taxable","19":"shipping-taxable","20":"purchasable","21":"product-type-variable"},"acf":[],"yoast_head":"<!-- This site is optimized with the Yoast SEO plugin v26.0 - https:\/\/yoast.com\/wordpress\/plugins\/seo\/ -->\n<title>Astrid Rajalo Necklace Focus Arc - Tallinn Design House<\/title>\n<meta name=\"description\" content=\"Astrid Rajalo kaelaehe Focus Arc on naturaalsest nahast nii v\u00e4lis- kui sisek\u00fcljel. Kuldsed ringid on kullav\u00e4rvi naturaalsest nahast.\" \/>\n<meta name=\"robots\" content=\"index, follow, max-snippet:-1, max-image-preview:large, max-video-preview:-1\" \/>\n<link rel=\"canonical\" href=\"https:\/\/tallinndesignhouse.com\/toode\/kaelaehe-focus-arc\/\" \/>\n<meta property=\"og:locale\" content=\"en_US\" \/>\n<meta property=\"og:type\" content=\"article\" \/>\n<meta property=\"og:title\" content=\"Astrid Rajalo Necklace Focus Arc - Tallinn Design House\" \/>\n<meta property=\"og:description\" content=\"Astrid Rajalo kaelaehe Focus Arc on naturaalsest nahast nii v\u00e4lis- kui sisek\u00fcljel. Kuldsed ringid on kullav\u00e4rvi naturaalsest nahast.\" \/>\n<meta property=\"og:url\" content=\"https:\/\/tallinndesignhouse.com\/toode\/kaelaehe-focus-arc\/\" \/>\n<meta property=\"og:site_name\" content=\"Tallinn Design House\" \/>\n<meta property=\"article:modified_time\" content=\"2026-04-28T22:02:21+00:00\" \/>\n<meta property=\"og:image\" content=\"https:\/\/tallinndesignhouse.com\/wp-content\/uploads\/2025\/12\/Kaelaehe-Focus-Arc-bordoo-Astrid-Rajalo_.jpg\" \/>\n\t<meta property=\"og:image:width\" content=\"1080\" \/>\n\t<meta property=\"og:image:height\" content=\"1350\" \/>\n\t<meta property=\"og:image:type\" content=\"image\/jpeg\" \/>\n<meta name=\"twitter:card\" content=\"summary_large_image\" \/>\n<meta name=\"twitter:label1\" content=\"Est. reading time\" \/>\n\t<meta name=\"twitter:data1\" content=\"1 minute\" \/>\n<script type=\"application\/ld+json\" class=\"yoast-schema-graph\">{\"@context\":\"https:\/\/schema.org\",\"@graph\":[{\"@type\":\"WebPage\",\"@id\":\"https:\/\/tallinndesignhouse.com\/toode\/kaelaehe-focus-arc\/\",\"url\":\"https:\/\/tallinndesignhouse.com\/toode\/kaelaehe-focus-arc\/\",\"name\":\"Astrid Rajalo Necklace Focus Arc - Tallinn Design House\",\"isPartOf\":{\"@id\":\"https:\/\/tallinndesignhouse.com\/#website\"},\"primaryImageOfPage\":{\"@id\":\"https:\/\/tallinndesignhouse.com\/toode\/kaelaehe-focus-arc\/#primaryimage\"},\"image\":{\"@id\":\"https:\/\/tallinndesignhouse.com\/toode\/kaelaehe-focus-arc\/#primaryimage\"},\"thumbnailUrl\":\"https:\/\/tallinndesignhouse.com\/wp-content\/uploads\/2025\/12\/Kaelaehe-Focus-Arc-bordoo-Astrid-Rajalo_.jpg\",\"datePublished\":\"2025-12-29T14:35:04+00:00\",\"dateModified\":\"2026-04-28T22:02:21+00:00\",\"description\":\"Astrid Rajalo kaelaehe Focus Arc on naturaalsest nahast nii v\u00e4lis- kui sisek\u00fcljel. Kuldsed ringid on kullav\u00e4rvi naturaalsest nahast.\",\"breadcrumb\":{\"@id\":\"https:\/\/tallinndesignhouse.com\/toode\/kaelaehe-focus-arc\/#breadcrumb\"},\"inLanguage\":\"en-US\",\"potentialAction\":[{\"@type\":\"ReadAction\",\"target\":[\"https:\/\/tallinndesignhouse.com\/toode\/kaelaehe-focus-arc\/\"]}]},{\"@type\":\"ImageObject\",\"inLanguage\":\"en-US\",\"@id\":\"https:\/\/tallinndesignhouse.com\/toode\/kaelaehe-focus-arc\/#primaryimage\",\"url\":\"https:\/\/tallinndesignhouse.com\/wp-content\/uploads\/2025\/12\/Kaelaehe-Focus-Arc-bordoo-Astrid-Rajalo_.jpg\",\"contentUrl\":\"https:\/\/tallinndesignhouse.com\/wp-content\/uploads\/2025\/12\/Kaelaehe-Focus-Arc-bordoo-Astrid-Rajalo_.jpg\",\"width\":1080,\"height\":1350,\"caption\":\"Kaelaehe Focus Arc bordoo Astrid Rajalo_\"},{\"@type\":\"BreadcrumbList\",\"@id\":\"https:\/\/tallinndesignhouse.com\/toode\/kaelaehe-focus-arc\/#breadcrumb\",\"itemListElement\":[{\"@type\":\"ListItem\",\"position\":1,\"name\":\"Home\",\"item\":\"https:\/\/tallinndesignhouse.com\/en\/\"},{\"@type\":\"ListItem\",\"position\":2,\"name\":\"Shop\",\"item\":\"https:\/\/tallinndesignhouse.com\/en\/shop\/\"},{\"@type\":\"ListItem\",\"position\":3,\"name\":\"Necklace Focus Arc\"}]},{\"@type\":\"WebSite\",\"@id\":\"https:\/\/tallinndesignhouse.com\/#website\",\"url\":\"https:\/\/tallinndesignhouse.com\/\",\"name\":\"Tallinn Design House\",\"description\":\"Eesti disain Rotermanni kvartalis\",\"potentialAction\":[{\"@type\":\"SearchAction\",\"target\":{\"@type\":\"EntryPoint\",\"urlTemplate\":\"https:\/\/tallinndesignhouse.com\/?s={search_term_string}\"},\"query-input\":{\"@type\":\"PropertyValueSpecification\",\"valueRequired\":true,\"valueName\":\"search_term_string\"}}],\"inLanguage\":\"en-US\"}]}<\/script>\n<!-- \/ Yoast SEO plugin. -->","yoast_head_json":{"title":"Astrid Rajalo Necklace Focus Arc - Tallinn Design House","description":"Astrid Rajalo kaelaehe Focus Arc on naturaalsest nahast nii v\u00e4lis- kui sisek\u00fcljel. Kuldsed ringid on kullav\u00e4rvi naturaalsest nahast.","robots":{"index":"index","follow":"follow","max-snippet":"max-snippet:-1","max-image-preview":"max-image-preview:large","max-video-preview":"max-video-preview:-1"},"canonical":"https:\/\/tallinndesignhouse.com\/toode\/kaelaehe-focus-arc\/","og_locale":"en_US","og_type":"article","og_title":"Astrid Rajalo Necklace Focus Arc - Tallinn Design House","og_description":"Astrid Rajalo kaelaehe Focus Arc on naturaalsest nahast nii v\u00e4lis- kui sisek\u00fcljel. Kuldsed ringid on kullav\u00e4rvi naturaalsest nahast.","og_url":"https:\/\/tallinndesignhouse.com\/toode\/kaelaehe-focus-arc\/","og_site_name":"Tallinn Design House","article_modified_time":"2026-04-28T22:02:21+00:00","og_image":[{"width":1080,"height":1350,"url":"https:\/\/tallinndesignhouse.com\/wp-content\/uploads\/2025\/12\/Kaelaehe-Focus-Arc-bordoo-Astrid-Rajalo_.jpg","type":"image\/jpeg"}],"twitter_card":"summary_large_image","twitter_misc":{"Est. reading time":"1 minute"},"schema":{"@context":"https:\/\/schema.org","@graph":[{"@type":"WebPage","@id":"https:\/\/tallinndesignhouse.com\/toode\/kaelaehe-focus-arc\/","url":"https:\/\/tallinndesignhouse.com\/toode\/kaelaehe-focus-arc\/","name":"Astrid Rajalo Necklace Focus Arc - Tallinn Design House","isPartOf":{"@id":"https:\/\/tallinndesignhouse.com\/#website"},"primaryImageOfPage":{"@id":"https:\/\/tallinndesignhouse.com\/toode\/kaelaehe-focus-arc\/#primaryimage"},"image":{"@id":"https:\/\/tallinndesignhouse.com\/toode\/kaelaehe-focus-arc\/#primaryimage"},"thumbnailUrl":"https:\/\/tallinndesignhouse.com\/wp-content\/uploads\/2025\/12\/Kaelaehe-Focus-Arc-bordoo-Astrid-Rajalo_.jpg","datePublished":"2025-12-29T14:35:04+00:00","dateModified":"2026-04-28T22:02:21+00:00","description":"Astrid Rajalo kaelaehe Focus Arc on naturaalsest nahast nii v\u00e4lis- kui sisek\u00fcljel. Kuldsed ringid on kullav\u00e4rvi naturaalsest nahast.","breadcrumb":{"@id":"https:\/\/tallinndesignhouse.com\/toode\/kaelaehe-focus-arc\/#breadcrumb"},"inLanguage":"en-US","potentialAction":[{"@type":"ReadAction","target":["https:\/\/tallinndesignhouse.com\/toode\/kaelaehe-focus-arc\/"]}]},{"@type":"ImageObject","inLanguage":"en-US","@id":"https:\/\/tallinndesignhouse.com\/toode\/kaelaehe-focus-arc\/#primaryimage","url":"https:\/\/tallinndesignhouse.com\/wp-content\/uploads\/2025\/12\/Kaelaehe-Focus-Arc-bordoo-Astrid-Rajalo_.jpg","contentUrl":"https:\/\/tallinndesignhouse.com\/wp-content\/uploads\/2025\/12\/Kaelaehe-Focus-Arc-bordoo-Astrid-Rajalo_.jpg","width":1080,"height":1350,"caption":"Kaelaehe Focus Arc bordoo Astrid Rajalo_"},{"@type":"BreadcrumbList","@id":"https:\/\/tallinndesignhouse.com\/toode\/kaelaehe-focus-arc\/#breadcrumb","itemListElement":[{"@type":"ListItem","position":1,"name":"Home","item":"https:\/\/tallinndesignhouse.com\/en\/"},{"@type":"ListItem","position":2,"name":"Shop","item":"https:\/\/tallinndesignhouse.com\/en\/shop\/"},{"@type":"ListItem","position":3,"name":"Necklace Focus Arc"}]},{"@type":"WebSite","@id":"https:\/\/tallinndesignhouse.com\/#website","url":"https:\/\/tallinndesignhouse.com\/","name":"Tallinn Design House","description":"Eesti disain Rotermanni kvartalis","potentialAction":[{"@type":"SearchAction","target":{"@type":"EntryPoint","urlTemplate":"https:\/\/tallinndesignhouse.com\/?s={search_term_string}"},"query-input":{"@type":"PropertyValueSpecification","valueRequired":true,"valueName":"search_term_string"}}],"inLanguage":"en-US"}]}},"_links":{"self":[{"href":"https:\/\/tallinndesignhouse.com\/en\/wp-json\/wp\/v2\/product\/3387273","targetHints":{"allow":["GET"]}}],"collection":[{"href":"https:\/\/tallinndesignhouse.com\/en\/wp-json\/wp\/v2\/product"}],"about":[{"href":"https:\/\/tallinndesignhouse.com\/en\/wp-json\/wp\/v2\/types\/product"}],"wp:featuredmedia":[{"embeddable":true,"href":"https:\/\/tallinndesignhouse.com\/en\/wp-json\/wp\/v2\/media\/3387277"}],"wp:attachment":[{"href":"https:\/\/tallinndesignhouse.com\/en\/wp-json\/wp\/v2\/media?parent=3387273"}],"wp:term":[{"taxonomy":"product_brand","embeddable":true,"href":"https:\/\/tallinndesignhouse.com\/en\/wp-json\/wp\/v2\/product_brand?post=3387273"},{"taxonomy":"product_cat","embeddable":true,"href":"https:\/\/tallinndesignhouse.com\/en\/wp-json\/wp\/v2\/product_cat?post=3387273"},{"taxonomy":"product_tag","embeddable":true,"href":"https:\/\/tallinndesignhouse.com\/en\/wp-json\/wp\/v2\/product_tag?post=3387273"}],"curies":[{"name":"wp","href":"https:\/\/api.w.org\/{rel}","templated":true}]}}