{"id":3387568,"date":"2026-01-09T11:35:03","date_gmt":"2026-01-09T09:35:03","guid":{"rendered":"https:\/\/tallinndesignhouse.com\/toode\/siidist-sall-with-my-favourite-people\/"},"modified":"2026-04-12T00:57:45","modified_gmt":"2026-04-11T21:57:45","slug":"siidist-sall-with-my-favourite-people","status":"publish","type":"product","link":"https:\/\/tallinndesignhouse.com\/en\/toode\/siidist-sall-with-my-favourite-people\/","title":{"rendered":"Silk shawl With My Favourite People"},"content":{"rendered":"<p>Silk shawl \u201cWith My Favourite People\u201d by Karl Korsar bursts with color, personality, and theatrical charm. The illustration assembles a lively cast of stylized characters, each drawn with exaggerated expressions and dramatic flair. Bold lines, eclectic fashion, and vivid floral patterns swirl together, creating a sense of joyful chaos. The central figure is a adorned in pearls, glasses, and a half-stern, half-playful expression anchors the scene, surrounded by companions whose unique features and expressive faces hint at their own vibrant stories. Together, they form a whimsical, fashion-forward tapestry of friendship, individuality, and creative energy. Material: 100% silk. Size: 68\u00d768 cm.<\/p>\n","protected":false},"excerpt":{"rendered":"<p>Silk shawl \u201cWith My Favourite People\u201d by Karl Korsar bursts with color, personality, and theatrical charm. The illustration assembles a lively cast of stylized characters, each drawn with exaggerated expressions and dramatic flair. Bold lines, eclectic fashion, and vivid floral patterns swirl together, creating a sense of joyful chaos. The central figure is a adorned [&hellip;]<\/p>\n","protected":false},"featured_media":3387580,"template":"","meta":{"_acf_changed":false},"product_brand":[],"product_cat":[1972,3296],"product_tag":[2819],"class_list":{"0":"post-3387568","1":"product","2":"type-product","3":"status-publish","4":"has-post-thumbnail","6":"product_cat-headwear-and-scarves","7":"product_cat-accessories-en","8":"product_tag-women","9":"pa_brand-karl-korsar","10":"pa_brand-karl-korsar-en","12":"first","13":"instock","14":"taxable","15":"shipping-taxable","16":"purchasable","17":"product-type-simple"},"acf":[],"yoast_head":"<!-- This site is optimized with the Yoast SEO plugin v26.0 - https:\/\/yoast.com\/wordpress\/plugins\/seo\/ -->\n<title>Silk shawl With My Favourite People - Tallinn Design House<\/title>\n<meta name=\"description\" content=\"Karl Korsar siidist sall With My Favourite People. Materjal: 100% siid. M\u00f5\u00f5dud: 68 \u00d7 68 cm.\" \/>\n<meta name=\"robots\" content=\"index, follow, max-snippet:-1, max-image-preview:large, max-video-preview:-1\" \/>\n<link rel=\"canonical\" href=\"https:\/\/tallinndesignhouse.com\/toode\/siidist-sall-with-my-favourite-people\/\" \/>\n<meta property=\"og:locale\" content=\"en_US\" \/>\n<meta property=\"og:type\" content=\"article\" \/>\n<meta property=\"og:title\" content=\"Silk shawl With My Favourite People - Tallinn Design House\" \/>\n<meta property=\"og:description\" content=\"Karl Korsar siidist sall With My Favourite People. Materjal: 100% siid. M\u00f5\u00f5dud: 68 \u00d7 68 cm.\" \/>\n<meta property=\"og:url\" content=\"https:\/\/tallinndesignhouse.com\/toode\/siidist-sall-with-my-favourite-people\/\" \/>\n<meta property=\"og:site_name\" content=\"Tallinn Design House\" \/>\n<meta property=\"article:modified_time\" content=\"2026-04-11T21:57:45+00:00\" \/>\n<meta property=\"og:image\" content=\"https:\/\/tallinndesignhouse.com\/wp-content\/uploads\/2026\/01\/Siidist-sall-With-My-Favourite-People-Karl-Korsar_2.jpg\" \/>\n\t<meta property=\"og:image:width\" content=\"1080\" \/>\n\t<meta property=\"og:image:height\" content=\"1350\" \/>\n\t<meta property=\"og:image:type\" content=\"image\/jpeg\" \/>\n<meta name=\"twitter:card\" content=\"summary_large_image\" \/>\n<script type=\"application\/ld+json\" class=\"yoast-schema-graph\">{\"@context\":\"https:\/\/schema.org\",\"@graph\":[{\"@type\":\"WebPage\",\"@id\":\"https:\/\/tallinndesignhouse.com\/toode\/siidist-sall-with-my-favourite-people\/\",\"url\":\"https:\/\/tallinndesignhouse.com\/toode\/siidist-sall-with-my-favourite-people\/\",\"name\":\"Silk shawl With My Favourite People - Tallinn Design House\",\"isPartOf\":{\"@id\":\"https:\/\/tallinndesignhouse.com\/#website\"},\"primaryImageOfPage\":{\"@id\":\"https:\/\/tallinndesignhouse.com\/toode\/siidist-sall-with-my-favourite-people\/#primaryimage\"},\"image\":{\"@id\":\"https:\/\/tallinndesignhouse.com\/toode\/siidist-sall-with-my-favourite-people\/#primaryimage\"},\"thumbnailUrl\":\"https:\/\/tallinndesignhouse.com\/wp-content\/uploads\/2026\/01\/Siidist-sall-With-My-Favourite-People-Karl-Korsar_2.jpg\",\"datePublished\":\"2026-01-09T09:35:03+00:00\",\"dateModified\":\"2026-04-11T21:57:45+00:00\",\"description\":\"Karl Korsar siidist sall With My Favourite People. Materjal: 100% siid. M\u00f5\u00f5dud: 68 \u00d7 68 cm.\",\"breadcrumb\":{\"@id\":\"https:\/\/tallinndesignhouse.com\/toode\/siidist-sall-with-my-favourite-people\/#breadcrumb\"},\"inLanguage\":\"en-US\",\"potentialAction\":[{\"@type\":\"ReadAction\",\"target\":[\"https:\/\/tallinndesignhouse.com\/toode\/siidist-sall-with-my-favourite-people\/\"]}]},{\"@type\":\"ImageObject\",\"inLanguage\":\"en-US\",\"@id\":\"https:\/\/tallinndesignhouse.com\/toode\/siidist-sall-with-my-favourite-people\/#primaryimage\",\"url\":\"https:\/\/tallinndesignhouse.com\/wp-content\/uploads\/2026\/01\/Siidist-sall-With-My-Favourite-People-Karl-Korsar_2.jpg\",\"contentUrl\":\"https:\/\/tallinndesignhouse.com\/wp-content\/uploads\/2026\/01\/Siidist-sall-With-My-Favourite-People-Karl-Korsar_2.jpg\",\"width\":1080,\"height\":1350,\"caption\":\"Siidist sall With My Favourite People Karl Korsar_2\"},{\"@type\":\"BreadcrumbList\",\"@id\":\"https:\/\/tallinndesignhouse.com\/toode\/siidist-sall-with-my-favourite-people\/#breadcrumb\",\"itemListElement\":[{\"@type\":\"ListItem\",\"position\":1,\"name\":\"Home\",\"item\":\"https:\/\/tallinndesignhouse.com\/en\/\"},{\"@type\":\"ListItem\",\"position\":2,\"name\":\"Shop\",\"item\":\"https:\/\/tallinndesignhouse.com\/en\/shop\/\"},{\"@type\":\"ListItem\",\"position\":3,\"name\":\"Silk shawl With My Favourite People\"}]},{\"@type\":\"WebSite\",\"@id\":\"https:\/\/tallinndesignhouse.com\/#website\",\"url\":\"https:\/\/tallinndesignhouse.com\/\",\"name\":\"Tallinn Design House\",\"description\":\"Eesti disain Rotermanni kvartalis\",\"potentialAction\":[{\"@type\":\"SearchAction\",\"target\":{\"@type\":\"EntryPoint\",\"urlTemplate\":\"https:\/\/tallinndesignhouse.com\/?s={search_term_string}\"},\"query-input\":{\"@type\":\"PropertyValueSpecification\",\"valueRequired\":true,\"valueName\":\"search_term_string\"}}],\"inLanguage\":\"en-US\"}]}<\/script>\n<!-- \/ Yoast SEO plugin. -->","yoast_head_json":{"title":"Silk shawl With My Favourite People - Tallinn Design House","description":"Karl Korsar siidist sall With My Favourite People. Materjal: 100% siid. M\u00f5\u00f5dud: 68 \u00d7 68 cm.","robots":{"index":"index","follow":"follow","max-snippet":"max-snippet:-1","max-image-preview":"max-image-preview:large","max-video-preview":"max-video-preview:-1"},"canonical":"https:\/\/tallinndesignhouse.com\/toode\/siidist-sall-with-my-favourite-people\/","og_locale":"en_US","og_type":"article","og_title":"Silk shawl With My Favourite People - Tallinn Design House","og_description":"Karl Korsar siidist sall With My Favourite People. Materjal: 100% siid. M\u00f5\u00f5dud: 68 \u00d7 68 cm.","og_url":"https:\/\/tallinndesignhouse.com\/toode\/siidist-sall-with-my-favourite-people\/","og_site_name":"Tallinn Design House","article_modified_time":"2026-04-11T21:57:45+00:00","og_image":[{"width":1080,"height":1350,"url":"https:\/\/tallinndesignhouse.com\/wp-content\/uploads\/2026\/01\/Siidist-sall-With-My-Favourite-People-Karl-Korsar_2.jpg","type":"image\/jpeg"}],"twitter_card":"summary_large_image","schema":{"@context":"https:\/\/schema.org","@graph":[{"@type":"WebPage","@id":"https:\/\/tallinndesignhouse.com\/toode\/siidist-sall-with-my-favourite-people\/","url":"https:\/\/tallinndesignhouse.com\/toode\/siidist-sall-with-my-favourite-people\/","name":"Silk shawl With My Favourite People - Tallinn Design House","isPartOf":{"@id":"https:\/\/tallinndesignhouse.com\/#website"},"primaryImageOfPage":{"@id":"https:\/\/tallinndesignhouse.com\/toode\/siidist-sall-with-my-favourite-people\/#primaryimage"},"image":{"@id":"https:\/\/tallinndesignhouse.com\/toode\/siidist-sall-with-my-favourite-people\/#primaryimage"},"thumbnailUrl":"https:\/\/tallinndesignhouse.com\/wp-content\/uploads\/2026\/01\/Siidist-sall-With-My-Favourite-People-Karl-Korsar_2.jpg","datePublished":"2026-01-09T09:35:03+00:00","dateModified":"2026-04-11T21:57:45+00:00","description":"Karl Korsar siidist sall With My Favourite People. Materjal: 100% siid. M\u00f5\u00f5dud: 68 \u00d7 68 cm.","breadcrumb":{"@id":"https:\/\/tallinndesignhouse.com\/toode\/siidist-sall-with-my-favourite-people\/#breadcrumb"},"inLanguage":"en-US","potentialAction":[{"@type":"ReadAction","target":["https:\/\/tallinndesignhouse.com\/toode\/siidist-sall-with-my-favourite-people\/"]}]},{"@type":"ImageObject","inLanguage":"en-US","@id":"https:\/\/tallinndesignhouse.com\/toode\/siidist-sall-with-my-favourite-people\/#primaryimage","url":"https:\/\/tallinndesignhouse.com\/wp-content\/uploads\/2026\/01\/Siidist-sall-With-My-Favourite-People-Karl-Korsar_2.jpg","contentUrl":"https:\/\/tallinndesignhouse.com\/wp-content\/uploads\/2026\/01\/Siidist-sall-With-My-Favourite-People-Karl-Korsar_2.jpg","width":1080,"height":1350,"caption":"Siidist sall With My Favourite People Karl Korsar_2"},{"@type":"BreadcrumbList","@id":"https:\/\/tallinndesignhouse.com\/toode\/siidist-sall-with-my-favourite-people\/#breadcrumb","itemListElement":[{"@type":"ListItem","position":1,"name":"Home","item":"https:\/\/tallinndesignhouse.com\/en\/"},{"@type":"ListItem","position":2,"name":"Shop","item":"https:\/\/tallinndesignhouse.com\/en\/shop\/"},{"@type":"ListItem","position":3,"name":"Silk shawl With My Favourite People"}]},{"@type":"WebSite","@id":"https:\/\/tallinndesignhouse.com\/#website","url":"https:\/\/tallinndesignhouse.com\/","name":"Tallinn Design House","description":"Eesti disain Rotermanni kvartalis","potentialAction":[{"@type":"SearchAction","target":{"@type":"EntryPoint","urlTemplate":"https:\/\/tallinndesignhouse.com\/?s={search_term_string}"},"query-input":{"@type":"PropertyValueSpecification","valueRequired":true,"valueName":"search_term_string"}}],"inLanguage":"en-US"}]}},"_links":{"self":[{"href":"https:\/\/tallinndesignhouse.com\/en\/wp-json\/wp\/v2\/product\/3387568","targetHints":{"allow":["GET"]}}],"collection":[{"href":"https:\/\/tallinndesignhouse.com\/en\/wp-json\/wp\/v2\/product"}],"about":[{"href":"https:\/\/tallinndesignhouse.com\/en\/wp-json\/wp\/v2\/types\/product"}],"wp:featuredmedia":[{"embeddable":true,"href":"https:\/\/tallinndesignhouse.com\/en\/wp-json\/wp\/v2\/media\/3387580"}],"wp:attachment":[{"href":"https:\/\/tallinndesignhouse.com\/en\/wp-json\/wp\/v2\/media?parent=3387568"}],"wp:term":[{"taxonomy":"product_brand","embeddable":true,"href":"https:\/\/tallinndesignhouse.com\/en\/wp-json\/wp\/v2\/product_brand?post=3387568"},{"taxonomy":"product_cat","embeddable":true,"href":"https:\/\/tallinndesignhouse.com\/en\/wp-json\/wp\/v2\/product_cat?post=3387568"},{"taxonomy":"product_tag","embeddable":true,"href":"https:\/\/tallinndesignhouse.com\/en\/wp-json\/wp\/v2\/product_tag?post=3387568"}],"curies":[{"name":"wp","href":"https:\/\/api.w.org\/{rel}","templated":true}]}}