{"id":3387574,"date":"2026-01-09T11:35:04","date_gmt":"2026-01-09T09:35:04","guid":{"rendered":"https:\/\/tallinndesignhouse.com\/toode\/pusa-zenith\/"},"modified":"2026-04-17T00:57:40","modified_gmt":"2026-04-16T21:57:40","slug":"pusa-zenith","status":"publish","type":"product","link":"https:\/\/tallinndesignhouse.com\/en\/toode\/pusa-zenith\/","title":{"rendered":"Jumper Zenith"},"content":{"rendered":"<p>Jumper Zenith by Karl Korsar is designed for a slightly slim fit, offering a modern and comfortable silhouette. The jumper features raglan sleeves, a classic crew neckline, and an easy slip-on style. Made from mid-weight, stretchy fabric, it provides everyday comfort while maintaining its shape. Each piece is finished with a unique print, which may vary slightly between products, making every jumper individual. Material: 1st fabric 95% cotton, 5% elastane; 2nd fabric 100% polyester. Size guide: S bust 94 cm, back length 58 cm; M bust 100 cm, back length 59 cm; L bust 106 cm, back length 60 cm; XL bust 112 cm, back length 61 cm. Care: machine wash at 30\u00b0C.<\/p>\n","protected":false},"excerpt":{"rendered":"<p>Jumper Zenith by Karl Korsar is designed for a slightly slim fit, offering a modern and comfortable silhouette. The jumper features raglan sleeves, a classic crew neckline, and an easy slip-on style. Made from mid-weight, stretchy fabric, it provides everyday comfort while maintaining its shape. Each piece is finished with a unique print, which may [&hellip;]<\/p>\n","protected":false},"featured_media":3387584,"template":"","meta":{"_acf_changed":false},"product_brand":[],"product_cat":[2837,3718,1957],"product_tag":[2819],"class_list":{"0":"post-3387574","1":"product","2":"type-product","3":"status-publish","4":"has-post-thumbnail","6":"product_cat-clothes","7":"product_cat-winter-style","8":"product_cat-shirts-and-blouses","9":"product_tag-women","10":"pa_brand-karl-korsar-en","12":"pa_suurus-l-en","13":"pa_suurus-m-en","14":"pa_suurus-s-en","15":"pa_suurus-xl-en","21":"first","22":"instock","23":"taxable","24":"shipping-taxable","25":"purchasable","26":"product-type-variable"},"acf":[],"yoast_head":"<!-- This site is optimized with the Yoast SEO plugin v26.0 - https:\/\/yoast.com\/wordpress\/plugins\/seo\/ -->\n<title>Karl Korsar Jumper Zenith - Tallinn Design House<\/title>\n<meta name=\"description\" content=\"Karl Korsar pusa Zenith. Pusal on raglaanvarrukad, klassikaline \u00fcmar kaelus ning lihtne \u00fcle pea selga t\u00f5mmatav disain.\" \/>\n<meta name=\"robots\" content=\"index, follow, max-snippet:-1, max-image-preview:large, max-video-preview:-1\" \/>\n<link rel=\"canonical\" href=\"https:\/\/tallinndesignhouse.com\/toode\/pusa-zenith\/\" \/>\n<meta property=\"og:locale\" content=\"en_US\" \/>\n<meta property=\"og:type\" content=\"article\" \/>\n<meta property=\"og:title\" content=\"Karl Korsar Jumper Zenith - Tallinn Design House\" \/>\n<meta property=\"og:description\" content=\"Karl Korsar pusa Zenith. Pusal on raglaanvarrukad, klassikaline \u00fcmar kaelus ning lihtne \u00fcle pea selga t\u00f5mmatav disain.\" \/>\n<meta property=\"og:url\" content=\"https:\/\/tallinndesignhouse.com\/toode\/pusa-zenith\/\" \/>\n<meta property=\"og:site_name\" content=\"Tallinn Design House\" \/>\n<meta property=\"article:modified_time\" content=\"2026-04-16T21:57:40+00:00\" \/>\n<meta property=\"og:image\" content=\"https:\/\/tallinndesignhouse.com\/wp-content\/uploads\/2026\/01\/Pusa-Zenith-Karl-Korsar.jpg\" \/>\n\t<meta property=\"og:image:width\" content=\"1080\" \/>\n\t<meta property=\"og:image:height\" content=\"1350\" \/>\n\t<meta property=\"og:image:type\" content=\"image\/jpeg\" \/>\n<meta name=\"twitter:card\" content=\"summary_large_image\" \/>\n<meta name=\"twitter:label1\" content=\"Est. reading time\" \/>\n\t<meta name=\"twitter:data1\" content=\"1 minute\" \/>\n<script type=\"application\/ld+json\" class=\"yoast-schema-graph\">{\"@context\":\"https:\/\/schema.org\",\"@graph\":[{\"@type\":\"WebPage\",\"@id\":\"https:\/\/tallinndesignhouse.com\/toode\/pusa-zenith\/\",\"url\":\"https:\/\/tallinndesignhouse.com\/toode\/pusa-zenith\/\",\"name\":\"Karl Korsar Jumper Zenith - Tallinn Design House\",\"isPartOf\":{\"@id\":\"https:\/\/tallinndesignhouse.com\/#website\"},\"primaryImageOfPage\":{\"@id\":\"https:\/\/tallinndesignhouse.com\/toode\/pusa-zenith\/#primaryimage\"},\"image\":{\"@id\":\"https:\/\/tallinndesignhouse.com\/toode\/pusa-zenith\/#primaryimage\"},\"thumbnailUrl\":\"https:\/\/tallinndesignhouse.com\/wp-content\/uploads\/2026\/01\/Pusa-Zenith-Karl-Korsar.jpg\",\"datePublished\":\"2026-01-09T09:35:04+00:00\",\"dateModified\":\"2026-04-16T21:57:40+00:00\",\"description\":\"Karl Korsar pusa Zenith. Pusal on raglaanvarrukad, klassikaline \u00fcmar kaelus ning lihtne \u00fcle pea selga t\u00f5mmatav disain.\",\"breadcrumb\":{\"@id\":\"https:\/\/tallinndesignhouse.com\/toode\/pusa-zenith\/#breadcrumb\"},\"inLanguage\":\"en-US\",\"potentialAction\":[{\"@type\":\"ReadAction\",\"target\":[\"https:\/\/tallinndesignhouse.com\/toode\/pusa-zenith\/\"]}]},{\"@type\":\"ImageObject\",\"inLanguage\":\"en-US\",\"@id\":\"https:\/\/tallinndesignhouse.com\/toode\/pusa-zenith\/#primaryimage\",\"url\":\"https:\/\/tallinndesignhouse.com\/wp-content\/uploads\/2026\/01\/Pusa-Zenith-Karl-Korsar.jpg\",\"contentUrl\":\"https:\/\/tallinndesignhouse.com\/wp-content\/uploads\/2026\/01\/Pusa-Zenith-Karl-Korsar.jpg\",\"width\":1080,\"height\":1350,\"caption\":\"Pusa Zenith Karl Korsar\"},{\"@type\":\"BreadcrumbList\",\"@id\":\"https:\/\/tallinndesignhouse.com\/toode\/pusa-zenith\/#breadcrumb\",\"itemListElement\":[{\"@type\":\"ListItem\",\"position\":1,\"name\":\"Home\",\"item\":\"https:\/\/tallinndesignhouse.com\/en\/\"},{\"@type\":\"ListItem\",\"position\":2,\"name\":\"Shop\",\"item\":\"https:\/\/tallinndesignhouse.com\/en\/shop\/\"},{\"@type\":\"ListItem\",\"position\":3,\"name\":\"Jumper Zenith\"}]},{\"@type\":\"WebSite\",\"@id\":\"https:\/\/tallinndesignhouse.com\/#website\",\"url\":\"https:\/\/tallinndesignhouse.com\/\",\"name\":\"Tallinn Design House\",\"description\":\"Eesti disain Rotermanni kvartalis\",\"potentialAction\":[{\"@type\":\"SearchAction\",\"target\":{\"@type\":\"EntryPoint\",\"urlTemplate\":\"https:\/\/tallinndesignhouse.com\/?s={search_term_string}\"},\"query-input\":{\"@type\":\"PropertyValueSpecification\",\"valueRequired\":true,\"valueName\":\"search_term_string\"}}],\"inLanguage\":\"en-US\"}]}<\/script>\n<!-- \/ Yoast SEO plugin. -->","yoast_head_json":{"title":"Karl Korsar Jumper Zenith - Tallinn Design House","description":"Karl Korsar pusa Zenith. Pusal on raglaanvarrukad, klassikaline \u00fcmar kaelus ning lihtne \u00fcle pea selga t\u00f5mmatav disain.","robots":{"index":"index","follow":"follow","max-snippet":"max-snippet:-1","max-image-preview":"max-image-preview:large","max-video-preview":"max-video-preview:-1"},"canonical":"https:\/\/tallinndesignhouse.com\/toode\/pusa-zenith\/","og_locale":"en_US","og_type":"article","og_title":"Karl Korsar Jumper Zenith - Tallinn Design House","og_description":"Karl Korsar pusa Zenith. Pusal on raglaanvarrukad, klassikaline \u00fcmar kaelus ning lihtne \u00fcle pea selga t\u00f5mmatav disain.","og_url":"https:\/\/tallinndesignhouse.com\/toode\/pusa-zenith\/","og_site_name":"Tallinn Design House","article_modified_time":"2026-04-16T21:57:40+00:00","og_image":[{"width":1080,"height":1350,"url":"https:\/\/tallinndesignhouse.com\/wp-content\/uploads\/2026\/01\/Pusa-Zenith-Karl-Korsar.jpg","type":"image\/jpeg"}],"twitter_card":"summary_large_image","twitter_misc":{"Est. reading time":"1 minute"},"schema":{"@context":"https:\/\/schema.org","@graph":[{"@type":"WebPage","@id":"https:\/\/tallinndesignhouse.com\/toode\/pusa-zenith\/","url":"https:\/\/tallinndesignhouse.com\/toode\/pusa-zenith\/","name":"Karl Korsar Jumper Zenith - Tallinn Design House","isPartOf":{"@id":"https:\/\/tallinndesignhouse.com\/#website"},"primaryImageOfPage":{"@id":"https:\/\/tallinndesignhouse.com\/toode\/pusa-zenith\/#primaryimage"},"image":{"@id":"https:\/\/tallinndesignhouse.com\/toode\/pusa-zenith\/#primaryimage"},"thumbnailUrl":"https:\/\/tallinndesignhouse.com\/wp-content\/uploads\/2026\/01\/Pusa-Zenith-Karl-Korsar.jpg","datePublished":"2026-01-09T09:35:04+00:00","dateModified":"2026-04-16T21:57:40+00:00","description":"Karl Korsar pusa Zenith. Pusal on raglaanvarrukad, klassikaline \u00fcmar kaelus ning lihtne \u00fcle pea selga t\u00f5mmatav disain.","breadcrumb":{"@id":"https:\/\/tallinndesignhouse.com\/toode\/pusa-zenith\/#breadcrumb"},"inLanguage":"en-US","potentialAction":[{"@type":"ReadAction","target":["https:\/\/tallinndesignhouse.com\/toode\/pusa-zenith\/"]}]},{"@type":"ImageObject","inLanguage":"en-US","@id":"https:\/\/tallinndesignhouse.com\/toode\/pusa-zenith\/#primaryimage","url":"https:\/\/tallinndesignhouse.com\/wp-content\/uploads\/2026\/01\/Pusa-Zenith-Karl-Korsar.jpg","contentUrl":"https:\/\/tallinndesignhouse.com\/wp-content\/uploads\/2026\/01\/Pusa-Zenith-Karl-Korsar.jpg","width":1080,"height":1350,"caption":"Pusa Zenith Karl Korsar"},{"@type":"BreadcrumbList","@id":"https:\/\/tallinndesignhouse.com\/toode\/pusa-zenith\/#breadcrumb","itemListElement":[{"@type":"ListItem","position":1,"name":"Home","item":"https:\/\/tallinndesignhouse.com\/en\/"},{"@type":"ListItem","position":2,"name":"Shop","item":"https:\/\/tallinndesignhouse.com\/en\/shop\/"},{"@type":"ListItem","position":3,"name":"Jumper Zenith"}]},{"@type":"WebSite","@id":"https:\/\/tallinndesignhouse.com\/#website","url":"https:\/\/tallinndesignhouse.com\/","name":"Tallinn Design House","description":"Eesti disain Rotermanni kvartalis","potentialAction":[{"@type":"SearchAction","target":{"@type":"EntryPoint","urlTemplate":"https:\/\/tallinndesignhouse.com\/?s={search_term_string}"},"query-input":{"@type":"PropertyValueSpecification","valueRequired":true,"valueName":"search_term_string"}}],"inLanguage":"en-US"}]}},"_links":{"self":[{"href":"https:\/\/tallinndesignhouse.com\/en\/wp-json\/wp\/v2\/product\/3387574","targetHints":{"allow":["GET"]}}],"collection":[{"href":"https:\/\/tallinndesignhouse.com\/en\/wp-json\/wp\/v2\/product"}],"about":[{"href":"https:\/\/tallinndesignhouse.com\/en\/wp-json\/wp\/v2\/types\/product"}],"wp:featuredmedia":[{"embeddable":true,"href":"https:\/\/tallinndesignhouse.com\/en\/wp-json\/wp\/v2\/media\/3387584"}],"wp:attachment":[{"href":"https:\/\/tallinndesignhouse.com\/en\/wp-json\/wp\/v2\/media?parent=3387574"}],"wp:term":[{"taxonomy":"product_brand","embeddable":true,"href":"https:\/\/tallinndesignhouse.com\/en\/wp-json\/wp\/v2\/product_brand?post=3387574"},{"taxonomy":"product_cat","embeddable":true,"href":"https:\/\/tallinndesignhouse.com\/en\/wp-json\/wp\/v2\/product_cat?post=3387574"},{"taxonomy":"product_tag","embeddable":true,"href":"https:\/\/tallinndesignhouse.com\/en\/wp-json\/wp\/v2\/product_tag?post=3387574"}],"curies":[{"name":"wp","href":"https:\/\/api.w.org\/{rel}","templated":true}]}}