{"id":3387586,"date":"2026-01-09T11:50:02","date_gmt":"2026-01-09T09:50:02","guid":{"rendered":"https:\/\/tallinndesignhouse.com\/toode\/villane-sall-terrain\/"},"modified":"2026-04-12T00:57:45","modified_gmt":"2026-04-11T21:57:45","slug":"villane-sall-terrain","status":"publish","type":"product","link":"https:\/\/tallinndesignhouse.com\/en\/toode\/villane-sall-terrain\/","title":{"rendered":"Wool scarf Terrain"},"content":{"rendered":"<p>Wool scarf \u201cTerrain\u201d by designer Karl Korsar. Indulge in the luxurious allure of a Jacquard woven shawl crafted with precision and artistry in the historic textile haven of Como, Italy. This exquisite accessory embodies the timeless elegance and meticulous craftsmanship that the region is renowned for. The material chosen for this shawl is of the highest quality, sourced with care to ensure both sumptuous softness and enduring durability. We have blended wool for warmth, cotton for softness and acrylic for durability.  The shawl drapes effortlessly over shoulders, providing a sensation of unparalleled comfort and warmth. The thoughtful blend of fibers creates a tactile experience that is both opulent and comforting, making it an ideal companion for any occasion, from a formal evening affair to a casual daytime stroll. Material: 33% Cotton, 33%Wool, 34%Acrylic. Size: 70 X 180 cm. Produced in Como, Italy.<\/p>\n","protected":false},"excerpt":{"rendered":"<p>Wool scarf \u201cTerrain\u201d by designer Karl Korsar. Indulge in the luxurious allure of a Jacquard woven shawl crafted with precision and artistry in the historic textile haven of Como, Italy. This exquisite accessory embodies the timeless elegance and meticulous craftsmanship that the region is renowned for. The material chosen for this shawl is of the [&hellip;]<\/p>\n","protected":false},"featured_media":3387588,"template":"","meta":{"_acf_changed":false},"product_brand":[],"product_cat":[1972,3296,3718],"product_tag":[2819],"class_list":{"0":"post-3387586","1":"product","2":"type-product","3":"status-publish","4":"has-post-thumbnail","6":"product_cat-headwear-and-scarves","7":"product_cat-accessories-en","8":"product_cat-winter-style","9":"product_tag-women","10":"pa_brand-karl-korsar","11":"pa_brand-karl-korsar-en","13":"first","14":"instock","15":"taxable","16":"shipping-taxable","17":"purchasable","18":"product-type-simple"},"acf":[],"yoast_head":"<!-- This site is optimized with the Yoast SEO plugin v26.0 - https:\/\/yoast.com\/wordpress\/plugins\/seo\/ -->\n<title>Karl Korsar Wool scarf Terrain - Tallinn Design House<\/title>\n<meta name=\"description\" content=\"Karl Korsar villane sall Terrain. Materjal: 33% puuvill, 33% vill, 34% akr\u00fc\u00fcl. M\u00f5\u00f5dud: 70 \u00d7 180 cm. Valmistatud Comos, Itaalias.\" \/>\n<meta name=\"robots\" content=\"index, follow, max-snippet:-1, max-image-preview:large, max-video-preview:-1\" \/>\n<link rel=\"canonical\" href=\"https:\/\/tallinndesignhouse.com\/toode\/villane-sall-terrain\/\" \/>\n<meta property=\"og:locale\" content=\"en_US\" \/>\n<meta property=\"og:type\" content=\"article\" \/>\n<meta property=\"og:title\" content=\"Karl Korsar Wool scarf Terrain - Tallinn Design House\" \/>\n<meta property=\"og:description\" content=\"Karl Korsar villane sall Terrain. Materjal: 33% puuvill, 33% vill, 34% akr\u00fc\u00fcl. M\u00f5\u00f5dud: 70 \u00d7 180 cm. Valmistatud Comos, Itaalias.\" \/>\n<meta property=\"og:url\" content=\"https:\/\/tallinndesignhouse.com\/toode\/villane-sall-terrain\/\" \/>\n<meta property=\"og:site_name\" content=\"Tallinn Design House\" \/>\n<meta property=\"article:modified_time\" content=\"2026-04-11T21:57:45+00:00\" \/>\n<meta property=\"og:image\" content=\"https:\/\/tallinndesignhouse.com\/wp-content\/uploads\/2026\/01\/Villane-sall-Terrain-Karl-Korsar.jpg\" \/>\n\t<meta property=\"og:image:width\" content=\"1080\" \/>\n\t<meta property=\"og:image:height\" content=\"1350\" \/>\n\t<meta property=\"og:image:type\" content=\"image\/jpeg\" \/>\n<meta name=\"twitter:card\" content=\"summary_large_image\" \/>\n<meta name=\"twitter:label1\" content=\"Est. reading time\" \/>\n\t<meta name=\"twitter:data1\" content=\"1 minute\" \/>\n<script type=\"application\/ld+json\" class=\"yoast-schema-graph\">{\"@context\":\"https:\/\/schema.org\",\"@graph\":[{\"@type\":\"WebPage\",\"@id\":\"https:\/\/tallinndesignhouse.com\/toode\/villane-sall-terrain\/\",\"url\":\"https:\/\/tallinndesignhouse.com\/toode\/villane-sall-terrain\/\",\"name\":\"Karl Korsar Wool scarf Terrain - Tallinn Design House\",\"isPartOf\":{\"@id\":\"https:\/\/tallinndesignhouse.com\/#website\"},\"primaryImageOfPage\":{\"@id\":\"https:\/\/tallinndesignhouse.com\/toode\/villane-sall-terrain\/#primaryimage\"},\"image\":{\"@id\":\"https:\/\/tallinndesignhouse.com\/toode\/villane-sall-terrain\/#primaryimage\"},\"thumbnailUrl\":\"https:\/\/tallinndesignhouse.com\/wp-content\/uploads\/2026\/01\/Villane-sall-Terrain-Karl-Korsar.jpg\",\"datePublished\":\"2026-01-09T09:50:02+00:00\",\"dateModified\":\"2026-04-11T21:57:45+00:00\",\"description\":\"Karl Korsar villane sall Terrain. Materjal: 33% puuvill, 33% vill, 34% akr\u00fc\u00fcl. M\u00f5\u00f5dud: 70 \u00d7 180 cm. Valmistatud Comos, Itaalias.\",\"breadcrumb\":{\"@id\":\"https:\/\/tallinndesignhouse.com\/toode\/villane-sall-terrain\/#breadcrumb\"},\"inLanguage\":\"en-US\",\"potentialAction\":[{\"@type\":\"ReadAction\",\"target\":[\"https:\/\/tallinndesignhouse.com\/toode\/villane-sall-terrain\/\"]}]},{\"@type\":\"ImageObject\",\"inLanguage\":\"en-US\",\"@id\":\"https:\/\/tallinndesignhouse.com\/toode\/villane-sall-terrain\/#primaryimage\",\"url\":\"https:\/\/tallinndesignhouse.com\/wp-content\/uploads\/2026\/01\/Villane-sall-Terrain-Karl-Korsar.jpg\",\"contentUrl\":\"https:\/\/tallinndesignhouse.com\/wp-content\/uploads\/2026\/01\/Villane-sall-Terrain-Karl-Korsar.jpg\",\"width\":1080,\"height\":1350,\"caption\":\"Villane sall Terrain Karl Korsar\"},{\"@type\":\"BreadcrumbList\",\"@id\":\"https:\/\/tallinndesignhouse.com\/toode\/villane-sall-terrain\/#breadcrumb\",\"itemListElement\":[{\"@type\":\"ListItem\",\"position\":1,\"name\":\"Home\",\"item\":\"https:\/\/tallinndesignhouse.com\/en\/\"},{\"@type\":\"ListItem\",\"position\":2,\"name\":\"Shop\",\"item\":\"https:\/\/tallinndesignhouse.com\/en\/shop\/\"},{\"@type\":\"ListItem\",\"position\":3,\"name\":\"Wool scarf Terrain\"}]},{\"@type\":\"WebSite\",\"@id\":\"https:\/\/tallinndesignhouse.com\/#website\",\"url\":\"https:\/\/tallinndesignhouse.com\/\",\"name\":\"Tallinn Design House\",\"description\":\"Eesti disain Rotermanni kvartalis\",\"potentialAction\":[{\"@type\":\"SearchAction\",\"target\":{\"@type\":\"EntryPoint\",\"urlTemplate\":\"https:\/\/tallinndesignhouse.com\/?s={search_term_string}\"},\"query-input\":{\"@type\":\"PropertyValueSpecification\",\"valueRequired\":true,\"valueName\":\"search_term_string\"}}],\"inLanguage\":\"en-US\"}]}<\/script>\n<!-- \/ Yoast SEO plugin. -->","yoast_head_json":{"title":"Karl Korsar Wool scarf Terrain - Tallinn Design House","description":"Karl Korsar villane sall Terrain. Materjal: 33% puuvill, 33% vill, 34% akr\u00fc\u00fcl. M\u00f5\u00f5dud: 70 \u00d7 180 cm. Valmistatud Comos, Itaalias.","robots":{"index":"index","follow":"follow","max-snippet":"max-snippet:-1","max-image-preview":"max-image-preview:large","max-video-preview":"max-video-preview:-1"},"canonical":"https:\/\/tallinndesignhouse.com\/toode\/villane-sall-terrain\/","og_locale":"en_US","og_type":"article","og_title":"Karl Korsar Wool scarf Terrain - Tallinn Design House","og_description":"Karl Korsar villane sall Terrain. Materjal: 33% puuvill, 33% vill, 34% akr\u00fc\u00fcl. M\u00f5\u00f5dud: 70 \u00d7 180 cm. Valmistatud Comos, Itaalias.","og_url":"https:\/\/tallinndesignhouse.com\/toode\/villane-sall-terrain\/","og_site_name":"Tallinn Design House","article_modified_time":"2026-04-11T21:57:45+00:00","og_image":[{"width":1080,"height":1350,"url":"https:\/\/tallinndesignhouse.com\/wp-content\/uploads\/2026\/01\/Villane-sall-Terrain-Karl-Korsar.jpg","type":"image\/jpeg"}],"twitter_card":"summary_large_image","twitter_misc":{"Est. reading time":"1 minute"},"schema":{"@context":"https:\/\/schema.org","@graph":[{"@type":"WebPage","@id":"https:\/\/tallinndesignhouse.com\/toode\/villane-sall-terrain\/","url":"https:\/\/tallinndesignhouse.com\/toode\/villane-sall-terrain\/","name":"Karl Korsar Wool scarf Terrain - Tallinn Design House","isPartOf":{"@id":"https:\/\/tallinndesignhouse.com\/#website"},"primaryImageOfPage":{"@id":"https:\/\/tallinndesignhouse.com\/toode\/villane-sall-terrain\/#primaryimage"},"image":{"@id":"https:\/\/tallinndesignhouse.com\/toode\/villane-sall-terrain\/#primaryimage"},"thumbnailUrl":"https:\/\/tallinndesignhouse.com\/wp-content\/uploads\/2026\/01\/Villane-sall-Terrain-Karl-Korsar.jpg","datePublished":"2026-01-09T09:50:02+00:00","dateModified":"2026-04-11T21:57:45+00:00","description":"Karl Korsar villane sall Terrain. Materjal: 33% puuvill, 33% vill, 34% akr\u00fc\u00fcl. M\u00f5\u00f5dud: 70 \u00d7 180 cm. Valmistatud Comos, Itaalias.","breadcrumb":{"@id":"https:\/\/tallinndesignhouse.com\/toode\/villane-sall-terrain\/#breadcrumb"},"inLanguage":"en-US","potentialAction":[{"@type":"ReadAction","target":["https:\/\/tallinndesignhouse.com\/toode\/villane-sall-terrain\/"]}]},{"@type":"ImageObject","inLanguage":"en-US","@id":"https:\/\/tallinndesignhouse.com\/toode\/villane-sall-terrain\/#primaryimage","url":"https:\/\/tallinndesignhouse.com\/wp-content\/uploads\/2026\/01\/Villane-sall-Terrain-Karl-Korsar.jpg","contentUrl":"https:\/\/tallinndesignhouse.com\/wp-content\/uploads\/2026\/01\/Villane-sall-Terrain-Karl-Korsar.jpg","width":1080,"height":1350,"caption":"Villane sall Terrain Karl Korsar"},{"@type":"BreadcrumbList","@id":"https:\/\/tallinndesignhouse.com\/toode\/villane-sall-terrain\/#breadcrumb","itemListElement":[{"@type":"ListItem","position":1,"name":"Home","item":"https:\/\/tallinndesignhouse.com\/en\/"},{"@type":"ListItem","position":2,"name":"Shop","item":"https:\/\/tallinndesignhouse.com\/en\/shop\/"},{"@type":"ListItem","position":3,"name":"Wool scarf Terrain"}]},{"@type":"WebSite","@id":"https:\/\/tallinndesignhouse.com\/#website","url":"https:\/\/tallinndesignhouse.com\/","name":"Tallinn Design House","description":"Eesti disain Rotermanni kvartalis","potentialAction":[{"@type":"SearchAction","target":{"@type":"EntryPoint","urlTemplate":"https:\/\/tallinndesignhouse.com\/?s={search_term_string}"},"query-input":{"@type":"PropertyValueSpecification","valueRequired":true,"valueName":"search_term_string"}}],"inLanguage":"en-US"}]}},"_links":{"self":[{"href":"https:\/\/tallinndesignhouse.com\/en\/wp-json\/wp\/v2\/product\/3387586","targetHints":{"allow":["GET"]}}],"collection":[{"href":"https:\/\/tallinndesignhouse.com\/en\/wp-json\/wp\/v2\/product"}],"about":[{"href":"https:\/\/tallinndesignhouse.com\/en\/wp-json\/wp\/v2\/types\/product"}],"wp:featuredmedia":[{"embeddable":true,"href":"https:\/\/tallinndesignhouse.com\/en\/wp-json\/wp\/v2\/media\/3387588"}],"wp:attachment":[{"href":"https:\/\/tallinndesignhouse.com\/en\/wp-json\/wp\/v2\/media?parent=3387586"}],"wp:term":[{"taxonomy":"product_brand","embeddable":true,"href":"https:\/\/tallinndesignhouse.com\/en\/wp-json\/wp\/v2\/product_brand?post=3387586"},{"taxonomy":"product_cat","embeddable":true,"href":"https:\/\/tallinndesignhouse.com\/en\/wp-json\/wp\/v2\/product_cat?post=3387586"},{"taxonomy":"product_tag","embeddable":true,"href":"https:\/\/tallinndesignhouse.com\/en\/wp-json\/wp\/v2\/product_tag?post=3387586"}],"curies":[{"name":"wp","href":"https:\/\/api.w.org\/{rel}","templated":true}]}}