{"id":3387670,"date":"2026-01-14T11:50:08","date_gmt":"2026-01-14T09:50:08","guid":{"rendered":"https:\/\/tallinndesignhouse.com\/toode\/must-karvane-bomberjakk\/"},"modified":"2026-05-14T01:01:48","modified_gmt":"2026-05-13T22:01:48","slug":"must-karvane-bomberjakk","status":"publish","type":"product","link":"https:\/\/tallinndesignhouse.com\/en\/toode\/must-karvane-bomberjakk\/","title":{"rendered":"Black furry bomber jacket"},"content":{"rendered":"<p>Black long-pile fabric bomber jacket by designer Raili N\u00f5lvak. Hem, collar, and cuffs made of black rib knit. Lined. Pockets in the side seams. Size 36 (bust 84 cm, waist 66 cm, hips 92 cm). Size 38 (bust 88 cm, waist 70 cm, hips 96 cm). Size 40 (bust 92 cm, waist 74 cm, hips 100 cm). Size 42 (bust 96 cm, waist 78 cm, hips 104 cm). Composition: 75% PC, 25% PL. Lining: 50% PL, 50% VI. Care: dry clean only.<\/p>\n","protected":false},"excerpt":{"rendered":"<p>Black long-pile fabric bomber jacket by designer Raili N\u00f5lvak. Hem, collar, and cuffs made of black rib knit. Lined. Pockets in the side seams. Size 36 (bust 84 cm, waist 66 cm, hips 92 cm). Size 38 (bust 88 cm, waist 70 cm, hips 96 cm). Size 40 (bust 92 cm, waist 74 cm, hips [&hellip;]<\/p>\n","protected":false},"featured_media":3387674,"template":"","meta":{"_acf_changed":false},"product_brand":[],"product_cat":[893,887],"product_tag":[2819],"class_list":{"0":"post-3387670","1":"product","2":"type-product","3":"status-publish","4":"has-post-thumbnail","6":"product_cat-uleroivad","7":"product_cat-roivad","8":"product_tag-women","9":"pa_brand-raili-nolvak","11":"pa_suurus-36-en","12":"pa_suurus-1082","13":"pa_suurus-38-en","14":"pa_suurus-1083","16":"first","17":"instock","18":"taxable","19":"shipping-taxable","20":"purchasable","21":"product-type-variable"},"acf":[],"yoast_head":"<!-- This site is optimized with the Yoast SEO plugin v26.0 - https:\/\/yoast.com\/wordpress\/plugins\/seo\/ -->\n<title>Raili N\u00f5lvak Black furry bomber jacket - Tallinn Design House<\/title>\n<meta name=\"description\" content=\"Raili N\u00f5lvak must karvane bomberjakk. All\u00e4\u00e4r, krae ja varrukaotsad mustast soonikust. Voodriga.\" \/>\n<meta name=\"robots\" content=\"index, follow, max-snippet:-1, max-image-preview:large, max-video-preview:-1\" \/>\n<link rel=\"canonical\" href=\"https:\/\/tallinndesignhouse.com\/toode\/must-karvane-bomberjakk\/\" \/>\n<meta property=\"og:locale\" content=\"en_US\" \/>\n<meta property=\"og:type\" content=\"article\" \/>\n<meta property=\"og:title\" content=\"Raili N\u00f5lvak Black furry bomber jacket - Tallinn Design House\" \/>\n<meta property=\"og:description\" content=\"Raili N\u00f5lvak must karvane bomberjakk. All\u00e4\u00e4r, krae ja varrukaotsad mustast soonikust. Voodriga.\" \/>\n<meta property=\"og:url\" content=\"https:\/\/tallinndesignhouse.com\/toode\/must-karvane-bomberjakk\/\" \/>\n<meta property=\"og:site_name\" content=\"Tallinn Design House\" \/>\n<meta property=\"article:modified_time\" content=\"2026-05-13T22:01:48+00:00\" \/>\n<meta property=\"og:image\" content=\"https:\/\/tallinndesignhouse.com\/wp-content\/uploads\/2026\/01\/Must-karvane-bomberjakk-Raili-Nolvak_2.jpg\" \/>\n\t<meta property=\"og:image:width\" content=\"1080\" \/>\n\t<meta property=\"og:image:height\" content=\"1350\" \/>\n\t<meta property=\"og:image:type\" content=\"image\/jpeg\" \/>\n<meta name=\"twitter:card\" content=\"summary_large_image\" \/>\n<script type=\"application\/ld+json\" class=\"yoast-schema-graph\">{\"@context\":\"https:\/\/schema.org\",\"@graph\":[{\"@type\":\"WebPage\",\"@id\":\"https:\/\/tallinndesignhouse.com\/toode\/must-karvane-bomberjakk\/\",\"url\":\"https:\/\/tallinndesignhouse.com\/toode\/must-karvane-bomberjakk\/\",\"name\":\"Raili N\u00f5lvak Black furry bomber jacket - Tallinn Design House\",\"isPartOf\":{\"@id\":\"https:\/\/tallinndesignhouse.com\/#website\"},\"primaryImageOfPage\":{\"@id\":\"https:\/\/tallinndesignhouse.com\/toode\/must-karvane-bomberjakk\/#primaryimage\"},\"image\":{\"@id\":\"https:\/\/tallinndesignhouse.com\/toode\/must-karvane-bomberjakk\/#primaryimage\"},\"thumbnailUrl\":\"https:\/\/tallinndesignhouse.com\/wp-content\/uploads\/2026\/01\/Must-karvane-bomberjakk-Raili-Nolvak_2.jpg\",\"datePublished\":\"2026-01-14T09:50:08+00:00\",\"dateModified\":\"2026-05-13T22:01:48+00:00\",\"description\":\"Raili N\u00f5lvak must karvane bomberjakk. All\u00e4\u00e4r, krae ja varrukaotsad mustast soonikust. Voodriga.\",\"breadcrumb\":{\"@id\":\"https:\/\/tallinndesignhouse.com\/toode\/must-karvane-bomberjakk\/#breadcrumb\"},\"inLanguage\":\"en-US\",\"potentialAction\":[{\"@type\":\"ReadAction\",\"target\":[\"https:\/\/tallinndesignhouse.com\/toode\/must-karvane-bomberjakk\/\"]}]},{\"@type\":\"ImageObject\",\"inLanguage\":\"en-US\",\"@id\":\"https:\/\/tallinndesignhouse.com\/toode\/must-karvane-bomberjakk\/#primaryimage\",\"url\":\"https:\/\/tallinndesignhouse.com\/wp-content\/uploads\/2026\/01\/Must-karvane-bomberjakk-Raili-Nolvak_2.jpg\",\"contentUrl\":\"https:\/\/tallinndesignhouse.com\/wp-content\/uploads\/2026\/01\/Must-karvane-bomberjakk-Raili-Nolvak_2.jpg\",\"width\":1080,\"height\":1350,\"caption\":\"Must karvane bomberjakk Raili No\u0303lvak_2\"},{\"@type\":\"BreadcrumbList\",\"@id\":\"https:\/\/tallinndesignhouse.com\/toode\/must-karvane-bomberjakk\/#breadcrumb\",\"itemListElement\":[{\"@type\":\"ListItem\",\"position\":1,\"name\":\"Home\",\"item\":\"https:\/\/tallinndesignhouse.com\/en\/\"},{\"@type\":\"ListItem\",\"position\":2,\"name\":\"Shop\",\"item\":\"https:\/\/tallinndesignhouse.com\/en\/shop\/\"},{\"@type\":\"ListItem\",\"position\":3,\"name\":\"Black furry bomber jacket\"}]},{\"@type\":\"WebSite\",\"@id\":\"https:\/\/tallinndesignhouse.com\/#website\",\"url\":\"https:\/\/tallinndesignhouse.com\/\",\"name\":\"Tallinn Design House\",\"description\":\"Eesti disain Rotermanni kvartalis\",\"potentialAction\":[{\"@type\":\"SearchAction\",\"target\":{\"@type\":\"EntryPoint\",\"urlTemplate\":\"https:\/\/tallinndesignhouse.com\/?s={search_term_string}\"},\"query-input\":{\"@type\":\"PropertyValueSpecification\",\"valueRequired\":true,\"valueName\":\"search_term_string\"}}],\"inLanguage\":\"en-US\"}]}<\/script>\n<!-- \/ Yoast SEO plugin. -->","yoast_head_json":{"title":"Raili N\u00f5lvak Black furry bomber jacket - Tallinn Design House","description":"Raili N\u00f5lvak must karvane bomberjakk. All\u00e4\u00e4r, krae ja varrukaotsad mustast soonikust. Voodriga.","robots":{"index":"index","follow":"follow","max-snippet":"max-snippet:-1","max-image-preview":"max-image-preview:large","max-video-preview":"max-video-preview:-1"},"canonical":"https:\/\/tallinndesignhouse.com\/toode\/must-karvane-bomberjakk\/","og_locale":"en_US","og_type":"article","og_title":"Raili N\u00f5lvak Black furry bomber jacket - Tallinn Design House","og_description":"Raili N\u00f5lvak must karvane bomberjakk. All\u00e4\u00e4r, krae ja varrukaotsad mustast soonikust. Voodriga.","og_url":"https:\/\/tallinndesignhouse.com\/toode\/must-karvane-bomberjakk\/","og_site_name":"Tallinn Design House","article_modified_time":"2026-05-13T22:01:48+00:00","og_image":[{"width":1080,"height":1350,"url":"https:\/\/tallinndesignhouse.com\/wp-content\/uploads\/2026\/01\/Must-karvane-bomberjakk-Raili-Nolvak_2.jpg","type":"image\/jpeg"}],"twitter_card":"summary_large_image","schema":{"@context":"https:\/\/schema.org","@graph":[{"@type":"WebPage","@id":"https:\/\/tallinndesignhouse.com\/toode\/must-karvane-bomberjakk\/","url":"https:\/\/tallinndesignhouse.com\/toode\/must-karvane-bomberjakk\/","name":"Raili N\u00f5lvak Black furry bomber jacket - Tallinn Design House","isPartOf":{"@id":"https:\/\/tallinndesignhouse.com\/#website"},"primaryImageOfPage":{"@id":"https:\/\/tallinndesignhouse.com\/toode\/must-karvane-bomberjakk\/#primaryimage"},"image":{"@id":"https:\/\/tallinndesignhouse.com\/toode\/must-karvane-bomberjakk\/#primaryimage"},"thumbnailUrl":"https:\/\/tallinndesignhouse.com\/wp-content\/uploads\/2026\/01\/Must-karvane-bomberjakk-Raili-Nolvak_2.jpg","datePublished":"2026-01-14T09:50:08+00:00","dateModified":"2026-05-13T22:01:48+00:00","description":"Raili N\u00f5lvak must karvane bomberjakk. All\u00e4\u00e4r, krae ja varrukaotsad mustast soonikust. Voodriga.","breadcrumb":{"@id":"https:\/\/tallinndesignhouse.com\/toode\/must-karvane-bomberjakk\/#breadcrumb"},"inLanguage":"en-US","potentialAction":[{"@type":"ReadAction","target":["https:\/\/tallinndesignhouse.com\/toode\/must-karvane-bomberjakk\/"]}]},{"@type":"ImageObject","inLanguage":"en-US","@id":"https:\/\/tallinndesignhouse.com\/toode\/must-karvane-bomberjakk\/#primaryimage","url":"https:\/\/tallinndesignhouse.com\/wp-content\/uploads\/2026\/01\/Must-karvane-bomberjakk-Raili-Nolvak_2.jpg","contentUrl":"https:\/\/tallinndesignhouse.com\/wp-content\/uploads\/2026\/01\/Must-karvane-bomberjakk-Raili-Nolvak_2.jpg","width":1080,"height":1350,"caption":"Must karvane bomberjakk Raili No\u0303lvak_2"},{"@type":"BreadcrumbList","@id":"https:\/\/tallinndesignhouse.com\/toode\/must-karvane-bomberjakk\/#breadcrumb","itemListElement":[{"@type":"ListItem","position":1,"name":"Home","item":"https:\/\/tallinndesignhouse.com\/en\/"},{"@type":"ListItem","position":2,"name":"Shop","item":"https:\/\/tallinndesignhouse.com\/en\/shop\/"},{"@type":"ListItem","position":3,"name":"Black furry bomber jacket"}]},{"@type":"WebSite","@id":"https:\/\/tallinndesignhouse.com\/#website","url":"https:\/\/tallinndesignhouse.com\/","name":"Tallinn Design House","description":"Eesti disain Rotermanni kvartalis","potentialAction":[{"@type":"SearchAction","target":{"@type":"EntryPoint","urlTemplate":"https:\/\/tallinndesignhouse.com\/?s={search_term_string}"},"query-input":{"@type":"PropertyValueSpecification","valueRequired":true,"valueName":"search_term_string"}}],"inLanguage":"en-US"}]}},"_links":{"self":[{"href":"https:\/\/tallinndesignhouse.com\/en\/wp-json\/wp\/v2\/product\/3387670","targetHints":{"allow":["GET"]}}],"collection":[{"href":"https:\/\/tallinndesignhouse.com\/en\/wp-json\/wp\/v2\/product"}],"about":[{"href":"https:\/\/tallinndesignhouse.com\/en\/wp-json\/wp\/v2\/types\/product"}],"wp:featuredmedia":[{"embeddable":true,"href":"https:\/\/tallinndesignhouse.com\/en\/wp-json\/wp\/v2\/media\/3387674"}],"wp:attachment":[{"href":"https:\/\/tallinndesignhouse.com\/en\/wp-json\/wp\/v2\/media?parent=3387670"}],"wp:term":[{"taxonomy":"product_brand","embeddable":true,"href":"https:\/\/tallinndesignhouse.com\/en\/wp-json\/wp\/v2\/product_brand?post=3387670"},{"taxonomy":"product_cat","embeddable":true,"href":"https:\/\/tallinndesignhouse.com\/en\/wp-json\/wp\/v2\/product_cat?post=3387670"},{"taxonomy":"product_tag","embeddable":true,"href":"https:\/\/tallinndesignhouse.com\/en\/wp-json\/wp\/v2\/product_tag?post=3387670"}],"curies":[{"name":"wp","href":"https:\/\/api.w.org\/{rel}","templated":true}]}}