{"id":3388031,"date":"2026-01-21T11:20:03","date_gmt":"2026-01-21T09:20:03","guid":{"rendered":"https:\/\/tallinndesignhouse.com\/toode\/vahk-i-keha-ja-naooli-gua-sha-onnekristalliga-ilurituaali-komplekt\/"},"modified":"2026-04-29T00:56:21","modified_gmt":"2026-04-28T21:56:21","slug":"vahk-i-keha-ja-naooli-gua-sha-onnekristalliga-ilurituaali-komplekt","status":"publish","type":"product","link":"https:\/\/tallinndesignhouse.com\/en\/toode\/vahk-i-keha-ja-naooli-gua-sha-onnekristalliga-ilurituaali-komplekt\/","title":{"rendered":"CANCER I Body and Face Oil + Gua Sha + Lucky Crystal Ritual Set"},"content":{"rendered":"<p>Dodici\u2019s lightweight, fast-absorbing multifunctional body and face oil (100 ml) is a silky, luxurious treatment that deeply hydrates and nourishes the skin, strengthens the protective barrier, and supports a radiant complexion, while its soft green-fresh aroma creates a calming and balancing mood. The set includes a clear quartz gua sha massage stone which, when used with the essential oil\u2013infused body and face oil, helps improve circulation, relieve muscle tension, and enhance overall well-being, along with a labradorite lucky crystal that supports inner balance through carrying or meditation. The oil is formulated with certified organic sweet almond oil and essential oils of Damask rose, Roman chamomile, and yarrow to soothe, brighten, and support skin renewal, as well as vitamin E as a powerful antioxidant. Created for Cancer\u2019s sensitive skin, this gentle yet effective ritual connects body and mind for daily care. Apply the oil to damp skin after bathing or use one pump on the face alone or mixed with face cream, avoiding the eye area; for best results, incorporate gua sha massage into your routine. The product is 100% organic, vegan, cruelty-free, and made with ingredients sourced from France. Ingredients: Citral**; Helianthus Annuus Seed Oil; Geraniol**; Citronellol*; Farnesol**; Eugenol**; Linalool**. *Ingredient from certified organic oil. **Naturally occurring.<\/p>\n","protected":false},"excerpt":{"rendered":"<p>Dodici\u2019s lightweight, fast-absorbing multifunctional body and face oil (100 ml) is a silky, luxurious treatment that deeply hydrates and nourishes the skin, strengthens the protective barrier, and supports a radiant complexion, while its soft green-fresh aroma creates a calming and balancing mood. The set includes a clear quartz gua sha massage stone which, when used [&hellip;]<\/p>\n","protected":false},"featured_media":3388070,"template":"","meta":{"_acf_changed":false},"product_brand":[],"product_cat":[871],"product_tag":[2818],"class_list":{"0":"post-3388031","1":"product","2":"type-product","3":"status-publish","4":"has-post-thumbnail","6":"product_cat-keha","7":"product_tag-naised","8":"pa_brand-dodici","11":"first","12":"instock","13":"taxable","14":"shipping-taxable","15":"purchasable","16":"product-type-simple"},"acf":[],"yoast_head":"<!-- This site is optimized with the Yoast SEO plugin v26.0 - https:\/\/yoast.com\/wordpress\/plugins\/seo\/ -->\n<title>Dodici CANCER I Body and Face Oil + Gua Sha + Lucky Crystal Ritual Set - Tallinn Design House<\/title>\n<meta name=\"description\" content=\"Dodici V\u00c4HK I Keha- ja n\u00e4o\u00f5li + gua sha + \u00f5nnekristalliga ilurituaali komplekt. Toode on 100% orgaaniline, vegan, julmusevaba.\" \/>\n<meta name=\"robots\" content=\"index, follow, max-snippet:-1, max-image-preview:large, max-video-preview:-1\" \/>\n<link rel=\"canonical\" href=\"https:\/\/tallinndesignhouse.com\/toode\/vahk-i-keha-ja-naooli-gua-sha-onnekristalliga-ilurituaali-komplekt\/\" \/>\n<meta property=\"og:locale\" content=\"en_US\" \/>\n<meta property=\"og:type\" content=\"article\" \/>\n<meta property=\"og:title\" content=\"Dodici CANCER I Body and Face Oil + Gua Sha + Lucky Crystal Ritual Set - Tallinn Design House\" \/>\n<meta property=\"og:description\" content=\"Dodici V\u00c4HK I Keha- ja n\u00e4o\u00f5li + gua sha + \u00f5nnekristalliga ilurituaali komplekt. Toode on 100% orgaaniline, vegan, julmusevaba.\" \/>\n<meta property=\"og:url\" content=\"https:\/\/tallinndesignhouse.com\/toode\/vahk-i-keha-ja-naooli-gua-sha-onnekristalliga-ilurituaali-komplekt\/\" \/>\n<meta property=\"og:site_name\" content=\"Tallinn Design House\" \/>\n<meta property=\"article:modified_time\" content=\"2026-04-28T21:56:21+00:00\" \/>\n<meta property=\"og:image\" content=\"https:\/\/tallinndesignhouse.com\/wp-content\/uploads\/2026\/01\/VAHK-I-Keha-ja-naooli-gua-sha-onnekristalliga-ilurituaali-komplekt-Dodici.jpg\" \/>\n\t<meta property=\"og:image:width\" content=\"1080\" \/>\n\t<meta property=\"og:image:height\" content=\"1350\" \/>\n\t<meta property=\"og:image:type\" content=\"image\/jpeg\" \/>\n<meta name=\"twitter:card\" content=\"summary_large_image\" \/>\n<meta name=\"twitter:label1\" content=\"Est. reading time\" \/>\n\t<meta name=\"twitter:data1\" content=\"1 minute\" \/>\n<script type=\"application\/ld+json\" class=\"yoast-schema-graph\">{\"@context\":\"https:\/\/schema.org\",\"@graph\":[{\"@type\":\"WebPage\",\"@id\":\"https:\/\/tallinndesignhouse.com\/toode\/vahk-i-keha-ja-naooli-gua-sha-onnekristalliga-ilurituaali-komplekt\/\",\"url\":\"https:\/\/tallinndesignhouse.com\/toode\/vahk-i-keha-ja-naooli-gua-sha-onnekristalliga-ilurituaali-komplekt\/\",\"name\":\"Dodici CANCER I Body and Face Oil + Gua Sha + Lucky Crystal Ritual Set - Tallinn Design House\",\"isPartOf\":{\"@id\":\"https:\/\/tallinndesignhouse.com\/#website\"},\"primaryImageOfPage\":{\"@id\":\"https:\/\/tallinndesignhouse.com\/toode\/vahk-i-keha-ja-naooli-gua-sha-onnekristalliga-ilurituaali-komplekt\/#primaryimage\"},\"image\":{\"@id\":\"https:\/\/tallinndesignhouse.com\/toode\/vahk-i-keha-ja-naooli-gua-sha-onnekristalliga-ilurituaali-komplekt\/#primaryimage\"},\"thumbnailUrl\":\"https:\/\/tallinndesignhouse.com\/wp-content\/uploads\/2026\/01\/VAHK-I-Keha-ja-naooli-gua-sha-onnekristalliga-ilurituaali-komplekt-Dodici.jpg\",\"datePublished\":\"2026-01-21T09:20:03+00:00\",\"dateModified\":\"2026-04-28T21:56:21+00:00\",\"description\":\"Dodici V\u00c4HK I Keha- ja n\u00e4o\u00f5li + gua sha + \u00f5nnekristalliga ilurituaali komplekt. Toode on 100% orgaaniline, vegan, julmusevaba.\",\"breadcrumb\":{\"@id\":\"https:\/\/tallinndesignhouse.com\/toode\/vahk-i-keha-ja-naooli-gua-sha-onnekristalliga-ilurituaali-komplekt\/#breadcrumb\"},\"inLanguage\":\"en-US\",\"potentialAction\":[{\"@type\":\"ReadAction\",\"target\":[\"https:\/\/tallinndesignhouse.com\/toode\/vahk-i-keha-ja-naooli-gua-sha-onnekristalliga-ilurituaali-komplekt\/\"]}]},{\"@type\":\"ImageObject\",\"inLanguage\":\"en-US\",\"@id\":\"https:\/\/tallinndesignhouse.com\/toode\/vahk-i-keha-ja-naooli-gua-sha-onnekristalliga-ilurituaali-komplekt\/#primaryimage\",\"url\":\"https:\/\/tallinndesignhouse.com\/wp-content\/uploads\/2026\/01\/VAHK-I-Keha-ja-naooli-gua-sha-onnekristalliga-ilurituaali-komplekt-Dodici.jpg\",\"contentUrl\":\"https:\/\/tallinndesignhouse.com\/wp-content\/uploads\/2026\/01\/VAHK-I-Keha-ja-naooli-gua-sha-onnekristalliga-ilurituaali-komplekt-Dodici.jpg\",\"width\":1080,\"height\":1350,\"caption\":\"VA\u0308HK I Keha- ja na\u0308oo\u0303li + gua sha + o\u0303nnekristalliga ilurituaali komplekt Dodici\"},{\"@type\":\"BreadcrumbList\",\"@id\":\"https:\/\/tallinndesignhouse.com\/toode\/vahk-i-keha-ja-naooli-gua-sha-onnekristalliga-ilurituaali-komplekt\/#breadcrumb\",\"itemListElement\":[{\"@type\":\"ListItem\",\"position\":1,\"name\":\"Home\",\"item\":\"https:\/\/tallinndesignhouse.com\/en\/\"},{\"@type\":\"ListItem\",\"position\":2,\"name\":\"Shop\",\"item\":\"https:\/\/tallinndesignhouse.com\/en\/shop\/\"},{\"@type\":\"ListItem\",\"position\":3,\"name\":\"CANCER I Body and Face Oil + Gua Sha + Lucky Crystal Ritual Set\"}]},{\"@type\":\"WebSite\",\"@id\":\"https:\/\/tallinndesignhouse.com\/#website\",\"url\":\"https:\/\/tallinndesignhouse.com\/\",\"name\":\"Tallinn Design House\",\"description\":\"Eesti disain Rotermanni kvartalis\",\"potentialAction\":[{\"@type\":\"SearchAction\",\"target\":{\"@type\":\"EntryPoint\",\"urlTemplate\":\"https:\/\/tallinndesignhouse.com\/?s={search_term_string}\"},\"query-input\":{\"@type\":\"PropertyValueSpecification\",\"valueRequired\":true,\"valueName\":\"search_term_string\"}}],\"inLanguage\":\"en-US\"}]}<\/script>\n<!-- \/ Yoast SEO plugin. -->","yoast_head_json":{"title":"Dodici CANCER I Body and Face Oil + Gua Sha + Lucky Crystal Ritual Set - Tallinn Design House","description":"Dodici V\u00c4HK I Keha- ja n\u00e4o\u00f5li + gua sha + \u00f5nnekristalliga ilurituaali komplekt. Toode on 100% orgaaniline, vegan, julmusevaba.","robots":{"index":"index","follow":"follow","max-snippet":"max-snippet:-1","max-image-preview":"max-image-preview:large","max-video-preview":"max-video-preview:-1"},"canonical":"https:\/\/tallinndesignhouse.com\/toode\/vahk-i-keha-ja-naooli-gua-sha-onnekristalliga-ilurituaali-komplekt\/","og_locale":"en_US","og_type":"article","og_title":"Dodici CANCER I Body and Face Oil + Gua Sha + Lucky Crystal Ritual Set - Tallinn Design House","og_description":"Dodici V\u00c4HK I Keha- ja n\u00e4o\u00f5li + gua sha + \u00f5nnekristalliga ilurituaali komplekt. Toode on 100% orgaaniline, vegan, julmusevaba.","og_url":"https:\/\/tallinndesignhouse.com\/toode\/vahk-i-keha-ja-naooli-gua-sha-onnekristalliga-ilurituaali-komplekt\/","og_site_name":"Tallinn Design House","article_modified_time":"2026-04-28T21:56:21+00:00","og_image":[{"width":1080,"height":1350,"url":"https:\/\/tallinndesignhouse.com\/wp-content\/uploads\/2026\/01\/VAHK-I-Keha-ja-naooli-gua-sha-onnekristalliga-ilurituaali-komplekt-Dodici.jpg","type":"image\/jpeg"}],"twitter_card":"summary_large_image","twitter_misc":{"Est. reading time":"1 minute"},"schema":{"@context":"https:\/\/schema.org","@graph":[{"@type":"WebPage","@id":"https:\/\/tallinndesignhouse.com\/toode\/vahk-i-keha-ja-naooli-gua-sha-onnekristalliga-ilurituaali-komplekt\/","url":"https:\/\/tallinndesignhouse.com\/toode\/vahk-i-keha-ja-naooli-gua-sha-onnekristalliga-ilurituaali-komplekt\/","name":"Dodici CANCER I Body and Face Oil + Gua Sha + Lucky Crystal Ritual Set - Tallinn Design House","isPartOf":{"@id":"https:\/\/tallinndesignhouse.com\/#website"},"primaryImageOfPage":{"@id":"https:\/\/tallinndesignhouse.com\/toode\/vahk-i-keha-ja-naooli-gua-sha-onnekristalliga-ilurituaali-komplekt\/#primaryimage"},"image":{"@id":"https:\/\/tallinndesignhouse.com\/toode\/vahk-i-keha-ja-naooli-gua-sha-onnekristalliga-ilurituaali-komplekt\/#primaryimage"},"thumbnailUrl":"https:\/\/tallinndesignhouse.com\/wp-content\/uploads\/2026\/01\/VAHK-I-Keha-ja-naooli-gua-sha-onnekristalliga-ilurituaali-komplekt-Dodici.jpg","datePublished":"2026-01-21T09:20:03+00:00","dateModified":"2026-04-28T21:56:21+00:00","description":"Dodici V\u00c4HK I Keha- ja n\u00e4o\u00f5li + gua sha + \u00f5nnekristalliga ilurituaali komplekt. Toode on 100% orgaaniline, vegan, julmusevaba.","breadcrumb":{"@id":"https:\/\/tallinndesignhouse.com\/toode\/vahk-i-keha-ja-naooli-gua-sha-onnekristalliga-ilurituaali-komplekt\/#breadcrumb"},"inLanguage":"en-US","potentialAction":[{"@type":"ReadAction","target":["https:\/\/tallinndesignhouse.com\/toode\/vahk-i-keha-ja-naooli-gua-sha-onnekristalliga-ilurituaali-komplekt\/"]}]},{"@type":"ImageObject","inLanguage":"en-US","@id":"https:\/\/tallinndesignhouse.com\/toode\/vahk-i-keha-ja-naooli-gua-sha-onnekristalliga-ilurituaali-komplekt\/#primaryimage","url":"https:\/\/tallinndesignhouse.com\/wp-content\/uploads\/2026\/01\/VAHK-I-Keha-ja-naooli-gua-sha-onnekristalliga-ilurituaali-komplekt-Dodici.jpg","contentUrl":"https:\/\/tallinndesignhouse.com\/wp-content\/uploads\/2026\/01\/VAHK-I-Keha-ja-naooli-gua-sha-onnekristalliga-ilurituaali-komplekt-Dodici.jpg","width":1080,"height":1350,"caption":"VA\u0308HK I Keha- ja na\u0308oo\u0303li + gua sha + o\u0303nnekristalliga ilurituaali komplekt Dodici"},{"@type":"BreadcrumbList","@id":"https:\/\/tallinndesignhouse.com\/toode\/vahk-i-keha-ja-naooli-gua-sha-onnekristalliga-ilurituaali-komplekt\/#breadcrumb","itemListElement":[{"@type":"ListItem","position":1,"name":"Home","item":"https:\/\/tallinndesignhouse.com\/en\/"},{"@type":"ListItem","position":2,"name":"Shop","item":"https:\/\/tallinndesignhouse.com\/en\/shop\/"},{"@type":"ListItem","position":3,"name":"CANCER I Body and Face Oil + Gua Sha + Lucky Crystal Ritual Set"}]},{"@type":"WebSite","@id":"https:\/\/tallinndesignhouse.com\/#website","url":"https:\/\/tallinndesignhouse.com\/","name":"Tallinn Design House","description":"Eesti disain Rotermanni kvartalis","potentialAction":[{"@type":"SearchAction","target":{"@type":"EntryPoint","urlTemplate":"https:\/\/tallinndesignhouse.com\/?s={search_term_string}"},"query-input":{"@type":"PropertyValueSpecification","valueRequired":true,"valueName":"search_term_string"}}],"inLanguage":"en-US"}]}},"_links":{"self":[{"href":"https:\/\/tallinndesignhouse.com\/en\/wp-json\/wp\/v2\/product\/3388031","targetHints":{"allow":["GET"]}}],"collection":[{"href":"https:\/\/tallinndesignhouse.com\/en\/wp-json\/wp\/v2\/product"}],"about":[{"href":"https:\/\/tallinndesignhouse.com\/en\/wp-json\/wp\/v2\/types\/product"}],"wp:featuredmedia":[{"embeddable":true,"href":"https:\/\/tallinndesignhouse.com\/en\/wp-json\/wp\/v2\/media\/3388070"}],"wp:attachment":[{"href":"https:\/\/tallinndesignhouse.com\/en\/wp-json\/wp\/v2\/media?parent=3388031"}],"wp:term":[{"taxonomy":"product_brand","embeddable":true,"href":"https:\/\/tallinndesignhouse.com\/en\/wp-json\/wp\/v2\/product_brand?post=3388031"},{"taxonomy":"product_cat","embeddable":true,"href":"https:\/\/tallinndesignhouse.com\/en\/wp-json\/wp\/v2\/product_cat?post=3388031"},{"taxonomy":"product_tag","embeddable":true,"href":"https:\/\/tallinndesignhouse.com\/en\/wp-json\/wp\/v2\/product_tag?post=3388031"}],"curies":[{"name":"wp","href":"https:\/\/api.w.org\/{rel}","templated":true}]}}