{"id":3388039,"date":"2026-01-21T11:20:04","date_gmt":"2026-01-21T09:20:04","guid":{"rendered":"https:\/\/tallinndesignhouse.com\/toode\/kalad-i-keha-ja-naooli-gua-sha-onnekristalliga-ilurituaali-komplekt\/"},"modified":"2026-04-29T00:56:21","modified_gmt":"2026-04-28T21:56:21","slug":"kalad-i-keha-ja-naooli-gua-sha-onnekristalliga-ilurituaali-komplekt","status":"publish","type":"product","link":"https:\/\/tallinndesignhouse.com\/en\/toode\/kalad-i-keha-ja-naooli-gua-sha-onnekristalliga-ilurituaali-komplekt\/","title":{"rendered":"PISCES I Body and Face Oil + Gua Sha + Lucky Crystal Ritual Set"},"content":{"rendered":"<p>Dodici\u2019s lightweight, fast-absorbing multifunctional body and face oil (100 ml) is a silky, luxurious blend that deeply moisturizes and nourishes the skin, strengthens the skin\u2019s protective barrier, and enhances its natural radiance, while a soft, sensual floral-woody aroma creates a calming daily ritual. The set includes a clear quartz gua sha massage stone which, when used with the essential oil\u2013infused body and face oil, helps improve circulation, release muscle tension, and promote overall well-being, as well as a blue quartz lucky crystal for carrying or meditation to support balance and inner peace. The oil contains certified organic sweet almond oil to soften, hydrate, and support the skin\u2019s natural defenses, sandalwood essential oil to calm the skin and enhance elasticity, jasmine essential oil to balance and brighten the complexion, and vitamin E as a powerful antioxidant that helps protect the skin from environmental stressors. This Pisces-inspired ritual offers a moment of stillness and restoration even on the busiest days. Apply the oil to damp skin after bathing or use one pump on the face alone or mixed with your face cream, avoiding the eye area; for best results, incorporate gua sha massage into your routine. The product is 100% organic, vegan, cruelty-free, and made with ingredients sourced from France. Ingredients: Helianthus Annuus Seed Oil; Benzyl Benzoate**; Linalool**; Farnesol**. *Ingredient from certified organic oil. **Naturally occurring.<\/p>\n","protected":false},"excerpt":{"rendered":"<p>Dodici\u2019s lightweight, fast-absorbing multifunctional body and face oil (100 ml) is a silky, luxurious blend that deeply moisturizes and nourishes the skin, strengthens the skin\u2019s protective barrier, and enhances its natural radiance, while a soft, sensual floral-woody aroma creates a calming daily ritual. The set includes a clear quartz gua sha massage stone which, when [&hellip;]<\/p>\n","protected":false},"featured_media":3388058,"template":"","meta":{"_acf_changed":false},"product_brand":[],"product_cat":[871],"product_tag":[2818],"class_list":{"0":"post-3388039","1":"product","2":"type-product","3":"status-publish","4":"has-post-thumbnail","6":"product_cat-keha","7":"product_tag-naised","8":"pa_brand-dodici","11":"first","12":"instock","13":"taxable","14":"shipping-taxable","15":"purchasable","16":"product-type-simple"},"acf":[],"yoast_head":"<!-- This site is optimized with the Yoast SEO plugin v26.0 - https:\/\/yoast.com\/wordpress\/plugins\/seo\/ -->\n<title>Dodici PISCES I Body and Face Oil + Gua Sha + Lucky Crystal Ritual Set - Tallinn Design House<\/title>\n<meta name=\"description\" content=\"Dodici KALAD I Keha- ja n\u00e4o\u00f5li + gua sha + \u00f5nnekristalliga ilurituaali komplekt. Toode on 100% orgaaniline, vegan, julmusevaba.\" \/>\n<meta name=\"robots\" content=\"index, follow, max-snippet:-1, max-image-preview:large, max-video-preview:-1\" \/>\n<link rel=\"canonical\" href=\"https:\/\/tallinndesignhouse.com\/toode\/kalad-i-keha-ja-naooli-gua-sha-onnekristalliga-ilurituaali-komplekt\/\" \/>\n<meta property=\"og:locale\" content=\"en_US\" \/>\n<meta property=\"og:type\" content=\"article\" \/>\n<meta property=\"og:title\" content=\"Dodici PISCES I Body and Face Oil + Gua Sha + Lucky Crystal Ritual Set - Tallinn Design House\" \/>\n<meta property=\"og:description\" content=\"Dodici KALAD I Keha- ja n\u00e4o\u00f5li + gua sha + \u00f5nnekristalliga ilurituaali komplekt. Toode on 100% orgaaniline, vegan, julmusevaba.\" \/>\n<meta property=\"og:url\" content=\"https:\/\/tallinndesignhouse.com\/toode\/kalad-i-keha-ja-naooli-gua-sha-onnekristalliga-ilurituaali-komplekt\/\" \/>\n<meta property=\"og:site_name\" content=\"Tallinn Design House\" \/>\n<meta property=\"article:modified_time\" content=\"2026-04-28T21:56:21+00:00\" \/>\n<meta property=\"og:image\" content=\"https:\/\/tallinndesignhouse.com\/wp-content\/uploads\/2026\/01\/KALAD-I-Keha-ja-naooli-gua-sha-onnekristalliga-ilurituaali-komplekt-Dodici.jpg\" \/>\n\t<meta property=\"og:image:width\" content=\"1080\" \/>\n\t<meta property=\"og:image:height\" content=\"1350\" \/>\n\t<meta property=\"og:image:type\" content=\"image\/jpeg\" \/>\n<meta name=\"twitter:card\" content=\"summary_large_image\" \/>\n<meta name=\"twitter:label1\" content=\"Est. reading time\" \/>\n\t<meta name=\"twitter:data1\" content=\"1 minute\" \/>\n<script type=\"application\/ld+json\" class=\"yoast-schema-graph\">{\"@context\":\"https:\/\/schema.org\",\"@graph\":[{\"@type\":\"WebPage\",\"@id\":\"https:\/\/tallinndesignhouse.com\/toode\/kalad-i-keha-ja-naooli-gua-sha-onnekristalliga-ilurituaali-komplekt\/\",\"url\":\"https:\/\/tallinndesignhouse.com\/toode\/kalad-i-keha-ja-naooli-gua-sha-onnekristalliga-ilurituaali-komplekt\/\",\"name\":\"Dodici PISCES I Body and Face Oil + Gua Sha + Lucky Crystal Ritual Set - Tallinn Design House\",\"isPartOf\":{\"@id\":\"https:\/\/tallinndesignhouse.com\/#website\"},\"primaryImageOfPage\":{\"@id\":\"https:\/\/tallinndesignhouse.com\/toode\/kalad-i-keha-ja-naooli-gua-sha-onnekristalliga-ilurituaali-komplekt\/#primaryimage\"},\"image\":{\"@id\":\"https:\/\/tallinndesignhouse.com\/toode\/kalad-i-keha-ja-naooli-gua-sha-onnekristalliga-ilurituaali-komplekt\/#primaryimage\"},\"thumbnailUrl\":\"https:\/\/tallinndesignhouse.com\/wp-content\/uploads\/2026\/01\/KALAD-I-Keha-ja-naooli-gua-sha-onnekristalliga-ilurituaali-komplekt-Dodici.jpg\",\"datePublished\":\"2026-01-21T09:20:04+00:00\",\"dateModified\":\"2026-04-28T21:56:21+00:00\",\"description\":\"Dodici KALAD I Keha- ja n\u00e4o\u00f5li + gua sha + \u00f5nnekristalliga ilurituaali komplekt. Toode on 100% orgaaniline, vegan, julmusevaba.\",\"breadcrumb\":{\"@id\":\"https:\/\/tallinndesignhouse.com\/toode\/kalad-i-keha-ja-naooli-gua-sha-onnekristalliga-ilurituaali-komplekt\/#breadcrumb\"},\"inLanguage\":\"en-US\",\"potentialAction\":[{\"@type\":\"ReadAction\",\"target\":[\"https:\/\/tallinndesignhouse.com\/toode\/kalad-i-keha-ja-naooli-gua-sha-onnekristalliga-ilurituaali-komplekt\/\"]}]},{\"@type\":\"ImageObject\",\"inLanguage\":\"en-US\",\"@id\":\"https:\/\/tallinndesignhouse.com\/toode\/kalad-i-keha-ja-naooli-gua-sha-onnekristalliga-ilurituaali-komplekt\/#primaryimage\",\"url\":\"https:\/\/tallinndesignhouse.com\/wp-content\/uploads\/2026\/01\/KALAD-I-Keha-ja-naooli-gua-sha-onnekristalliga-ilurituaali-komplekt-Dodici.jpg\",\"contentUrl\":\"https:\/\/tallinndesignhouse.com\/wp-content\/uploads\/2026\/01\/KALAD-I-Keha-ja-naooli-gua-sha-onnekristalliga-ilurituaali-komplekt-Dodici.jpg\",\"width\":1080,\"height\":1350,\"caption\":\"KALAD I Keha- ja na\u0308oo\u0303li + gua sha + o\u0303nnekristalliga ilurituaali komplekt Dodici\"},{\"@type\":\"BreadcrumbList\",\"@id\":\"https:\/\/tallinndesignhouse.com\/toode\/kalad-i-keha-ja-naooli-gua-sha-onnekristalliga-ilurituaali-komplekt\/#breadcrumb\",\"itemListElement\":[{\"@type\":\"ListItem\",\"position\":1,\"name\":\"Home\",\"item\":\"https:\/\/tallinndesignhouse.com\/en\/\"},{\"@type\":\"ListItem\",\"position\":2,\"name\":\"Shop\",\"item\":\"https:\/\/tallinndesignhouse.com\/en\/shop\/\"},{\"@type\":\"ListItem\",\"position\":3,\"name\":\"PISCES I Body and Face Oil + Gua Sha + Lucky Crystal Ritual Set\"}]},{\"@type\":\"WebSite\",\"@id\":\"https:\/\/tallinndesignhouse.com\/#website\",\"url\":\"https:\/\/tallinndesignhouse.com\/\",\"name\":\"Tallinn Design House\",\"description\":\"Eesti disain Rotermanni kvartalis\",\"potentialAction\":[{\"@type\":\"SearchAction\",\"target\":{\"@type\":\"EntryPoint\",\"urlTemplate\":\"https:\/\/tallinndesignhouse.com\/?s={search_term_string}\"},\"query-input\":{\"@type\":\"PropertyValueSpecification\",\"valueRequired\":true,\"valueName\":\"search_term_string\"}}],\"inLanguage\":\"en-US\"}]}<\/script>\n<!-- \/ Yoast SEO plugin. -->","yoast_head_json":{"title":"Dodici PISCES I Body and Face Oil + Gua Sha + Lucky Crystal Ritual Set - Tallinn Design House","description":"Dodici KALAD I Keha- ja n\u00e4o\u00f5li + gua sha + \u00f5nnekristalliga ilurituaali komplekt. Toode on 100% orgaaniline, vegan, julmusevaba.","robots":{"index":"index","follow":"follow","max-snippet":"max-snippet:-1","max-image-preview":"max-image-preview:large","max-video-preview":"max-video-preview:-1"},"canonical":"https:\/\/tallinndesignhouse.com\/toode\/kalad-i-keha-ja-naooli-gua-sha-onnekristalliga-ilurituaali-komplekt\/","og_locale":"en_US","og_type":"article","og_title":"Dodici PISCES I Body and Face Oil + Gua Sha + Lucky Crystal Ritual Set - Tallinn Design House","og_description":"Dodici KALAD I Keha- ja n\u00e4o\u00f5li + gua sha + \u00f5nnekristalliga ilurituaali komplekt. Toode on 100% orgaaniline, vegan, julmusevaba.","og_url":"https:\/\/tallinndesignhouse.com\/toode\/kalad-i-keha-ja-naooli-gua-sha-onnekristalliga-ilurituaali-komplekt\/","og_site_name":"Tallinn Design House","article_modified_time":"2026-04-28T21:56:21+00:00","og_image":[{"width":1080,"height":1350,"url":"https:\/\/tallinndesignhouse.com\/wp-content\/uploads\/2026\/01\/KALAD-I-Keha-ja-naooli-gua-sha-onnekristalliga-ilurituaali-komplekt-Dodici.jpg","type":"image\/jpeg"}],"twitter_card":"summary_large_image","twitter_misc":{"Est. reading time":"1 minute"},"schema":{"@context":"https:\/\/schema.org","@graph":[{"@type":"WebPage","@id":"https:\/\/tallinndesignhouse.com\/toode\/kalad-i-keha-ja-naooli-gua-sha-onnekristalliga-ilurituaali-komplekt\/","url":"https:\/\/tallinndesignhouse.com\/toode\/kalad-i-keha-ja-naooli-gua-sha-onnekristalliga-ilurituaali-komplekt\/","name":"Dodici PISCES I Body and Face Oil + Gua Sha + Lucky Crystal Ritual Set - Tallinn Design House","isPartOf":{"@id":"https:\/\/tallinndesignhouse.com\/#website"},"primaryImageOfPage":{"@id":"https:\/\/tallinndesignhouse.com\/toode\/kalad-i-keha-ja-naooli-gua-sha-onnekristalliga-ilurituaali-komplekt\/#primaryimage"},"image":{"@id":"https:\/\/tallinndesignhouse.com\/toode\/kalad-i-keha-ja-naooli-gua-sha-onnekristalliga-ilurituaali-komplekt\/#primaryimage"},"thumbnailUrl":"https:\/\/tallinndesignhouse.com\/wp-content\/uploads\/2026\/01\/KALAD-I-Keha-ja-naooli-gua-sha-onnekristalliga-ilurituaali-komplekt-Dodici.jpg","datePublished":"2026-01-21T09:20:04+00:00","dateModified":"2026-04-28T21:56:21+00:00","description":"Dodici KALAD I Keha- ja n\u00e4o\u00f5li + gua sha + \u00f5nnekristalliga ilurituaali komplekt. Toode on 100% orgaaniline, vegan, julmusevaba.","breadcrumb":{"@id":"https:\/\/tallinndesignhouse.com\/toode\/kalad-i-keha-ja-naooli-gua-sha-onnekristalliga-ilurituaali-komplekt\/#breadcrumb"},"inLanguage":"en-US","potentialAction":[{"@type":"ReadAction","target":["https:\/\/tallinndesignhouse.com\/toode\/kalad-i-keha-ja-naooli-gua-sha-onnekristalliga-ilurituaali-komplekt\/"]}]},{"@type":"ImageObject","inLanguage":"en-US","@id":"https:\/\/tallinndesignhouse.com\/toode\/kalad-i-keha-ja-naooli-gua-sha-onnekristalliga-ilurituaali-komplekt\/#primaryimage","url":"https:\/\/tallinndesignhouse.com\/wp-content\/uploads\/2026\/01\/KALAD-I-Keha-ja-naooli-gua-sha-onnekristalliga-ilurituaali-komplekt-Dodici.jpg","contentUrl":"https:\/\/tallinndesignhouse.com\/wp-content\/uploads\/2026\/01\/KALAD-I-Keha-ja-naooli-gua-sha-onnekristalliga-ilurituaali-komplekt-Dodici.jpg","width":1080,"height":1350,"caption":"KALAD I Keha- ja na\u0308oo\u0303li + gua sha + o\u0303nnekristalliga ilurituaali komplekt Dodici"},{"@type":"BreadcrumbList","@id":"https:\/\/tallinndesignhouse.com\/toode\/kalad-i-keha-ja-naooli-gua-sha-onnekristalliga-ilurituaali-komplekt\/#breadcrumb","itemListElement":[{"@type":"ListItem","position":1,"name":"Home","item":"https:\/\/tallinndesignhouse.com\/en\/"},{"@type":"ListItem","position":2,"name":"Shop","item":"https:\/\/tallinndesignhouse.com\/en\/shop\/"},{"@type":"ListItem","position":3,"name":"PISCES I Body and Face Oil + Gua Sha + Lucky Crystal Ritual Set"}]},{"@type":"WebSite","@id":"https:\/\/tallinndesignhouse.com\/#website","url":"https:\/\/tallinndesignhouse.com\/","name":"Tallinn Design House","description":"Eesti disain Rotermanni kvartalis","potentialAction":[{"@type":"SearchAction","target":{"@type":"EntryPoint","urlTemplate":"https:\/\/tallinndesignhouse.com\/?s={search_term_string}"},"query-input":{"@type":"PropertyValueSpecification","valueRequired":true,"valueName":"search_term_string"}}],"inLanguage":"en-US"}]}},"_links":{"self":[{"href":"https:\/\/tallinndesignhouse.com\/en\/wp-json\/wp\/v2\/product\/3388039","targetHints":{"allow":["GET"]}}],"collection":[{"href":"https:\/\/tallinndesignhouse.com\/en\/wp-json\/wp\/v2\/product"}],"about":[{"href":"https:\/\/tallinndesignhouse.com\/en\/wp-json\/wp\/v2\/types\/product"}],"wp:featuredmedia":[{"embeddable":true,"href":"https:\/\/tallinndesignhouse.com\/en\/wp-json\/wp\/v2\/media\/3388058"}],"wp:attachment":[{"href":"https:\/\/tallinndesignhouse.com\/en\/wp-json\/wp\/v2\/media?parent=3388039"}],"wp:term":[{"taxonomy":"product_brand","embeddable":true,"href":"https:\/\/tallinndesignhouse.com\/en\/wp-json\/wp\/v2\/product_brand?post=3388039"},{"taxonomy":"product_cat","embeddable":true,"href":"https:\/\/tallinndesignhouse.com\/en\/wp-json\/wp\/v2\/product_cat?post=3388039"},{"taxonomy":"product_tag","embeddable":true,"href":"https:\/\/tallinndesignhouse.com\/en\/wp-json\/wp\/v2\/product_tag?post=3388039"}],"curies":[{"name":"wp","href":"https:\/\/api.w.org\/{rel}","templated":true}]}}