{"id":3390670,"date":"2026-03-02T09:35:04","date_gmt":"2026-03-02T07:35:04","guid":{"rendered":"https:\/\/tallinndesignhouse.com\/toode\/koomavastane-rosmariinisampoon-250ml\/"},"modified":"2026-04-29T01:01:45","modified_gmt":"2026-04-28T22:01:45","slug":"koomavastane-rosmariinisampoon-250ml","status":"publish","type":"product","link":"https:\/\/tallinndesignhouse.com\/en\/toode\/koomavastane-rosmariinisampoon-250ml\/","title":{"rendered":"Anti-Dandruff Rosemary Shampoo 250 ml"},"content":{"rendered":"<p>Nurme\u2019s Anti-Dandruff Rosemary Shampoo (250 ml) gently yet effectively cleanses the scalp, removing impurities and excess oil while maintaining its natural balance. Rosemary oil and extract help support the scalp\u2019s microenvironment and reduce visible dandruff. Tea tree and lavender oils promote a clean and healthy scalp. Hydrating panthenol and wheat protein strengthen the hair fibre and help maintain elasticity, while allantoin and menthol provide a soothing and refreshing sensation. The result is a balanced, fresh scalp and lighter, more manageable hair.Ingredients: Aqua*, Sodium Coco-Sulfate*, Coco-Glucoside*, Betaine*, Glycolipids*, Sodium Chloride*, Panthenol (Provitamin B5), Glyceryl Oleate*, Citric Acid*, Sodium Benzoate*, Menthol, Potassium Sorbate*, Rosmarinus Officinalis (Rosemary) Leaf Oil*, Glycerin*, Rosmarinus Officinalis (Rosemary) Leaf Extract*, Hydrolyzed Wheat Protein*, Allantoin, Lavandula Angustifolia (Lavender) Herb Oil*, Melaleuca Alternifolia (Tea Tree) Leaf Oil*, Benzyl Alcohol*, Limonene**. *Contains only ingredients permitted in natural cosmetics. *Occurs naturally in essential oils. 97.56% of ingredients are of natural origin.<\/p>\n","protected":false},"excerpt":{"rendered":"<p>Nurme\u2019s Anti-Dandruff Rosemary Shampoo (250 ml) gently yet effectively cleanses the scalp, removing impurities and excess oil while maintaining its natural balance. Rosemary oil and extract help support the scalp\u2019s microenvironment and reduce visible dandruff. Tea tree and lavender oils promote a clean and healthy scalp. Hydrating panthenol and wheat protein strengthen the hair fibre [&hellip;]<\/p>\n","protected":false},"featured_media":3390674,"template":"","meta":{"_acf_changed":false},"product_brand":[],"product_cat":[868],"product_tag":[2818],"class_list":{"0":"post-3390670","1":"product","2":"type-product","3":"status-publish","4":"has-post-thumbnail","6":"product_cat-juuksed","7":"product_tag-naised","8":"pa_brand-nurme","11":"first","12":"instock","13":"taxable","14":"shipping-taxable","15":"purchasable","16":"product-type-simple"},"acf":[],"yoast_head":"<!-- This site is optimized with the Yoast SEO plugin v26.0 - https:\/\/yoast.com\/wordpress\/plugins\/seo\/ -->\n<title>Nurme Anti-Dandruff Rosemary Shampoo 250 ml - Tallinn Design House<\/title>\n<meta name=\"description\" content=\"Nurme k\u00f5\u00f5mavastane rosmariini\u0161ampoon puhastab \u00f5rnalt, kuid t\u00f5husalt, eemaldades mustuse ja liigse rasu. 97.56% koostisosadest on looduslikku p\u00e4ritolu.\" \/>\n<meta name=\"robots\" content=\"index, follow, max-snippet:-1, max-image-preview:large, max-video-preview:-1\" \/>\n<link rel=\"canonical\" href=\"https:\/\/tallinndesignhouse.com\/toode\/koomavastane-rosmariinisampoon-250ml\/\" \/>\n<meta property=\"og:locale\" content=\"en_US\" \/>\n<meta property=\"og:type\" content=\"article\" \/>\n<meta property=\"og:title\" content=\"Nurme Anti-Dandruff Rosemary Shampoo 250 ml - Tallinn Design House\" \/>\n<meta property=\"og:description\" content=\"Nurme k\u00f5\u00f5mavastane rosmariini\u0161ampoon puhastab \u00f5rnalt, kuid t\u00f5husalt, eemaldades mustuse ja liigse rasu. 97.56% koostisosadest on looduslikku p\u00e4ritolu.\" \/>\n<meta property=\"og:url\" content=\"https:\/\/tallinndesignhouse.com\/toode\/koomavastane-rosmariinisampoon-250ml\/\" \/>\n<meta property=\"og:site_name\" content=\"Tallinn Design House\" \/>\n<meta property=\"article:modified_time\" content=\"2026-04-28T22:01:45+00:00\" \/>\n<meta property=\"og:image\" content=\"https:\/\/tallinndesignhouse.com\/wp-content\/uploads\/2026\/03\/Nurme-Koomavastane-rosmariinisampoon-2.jpg\" \/>\n\t<meta property=\"og:image:width\" content=\"1080\" \/>\n\t<meta property=\"og:image:height\" content=\"1350\" \/>\n\t<meta property=\"og:image:type\" content=\"image\/jpeg\" \/>\n<meta name=\"twitter:card\" content=\"summary_large_image\" \/>\n<meta name=\"twitter:label1\" content=\"Est. reading time\" \/>\n\t<meta name=\"twitter:data1\" content=\"1 minute\" \/>\n<script type=\"application\/ld+json\" class=\"yoast-schema-graph\">{\"@context\":\"https:\/\/schema.org\",\"@graph\":[{\"@type\":\"WebPage\",\"@id\":\"https:\/\/tallinndesignhouse.com\/toode\/koomavastane-rosmariinisampoon-250ml\/\",\"url\":\"https:\/\/tallinndesignhouse.com\/toode\/koomavastane-rosmariinisampoon-250ml\/\",\"name\":\"Nurme Anti-Dandruff Rosemary Shampoo 250 ml - Tallinn Design House\",\"isPartOf\":{\"@id\":\"https:\/\/tallinndesignhouse.com\/#website\"},\"primaryImageOfPage\":{\"@id\":\"https:\/\/tallinndesignhouse.com\/toode\/koomavastane-rosmariinisampoon-250ml\/#primaryimage\"},\"image\":{\"@id\":\"https:\/\/tallinndesignhouse.com\/toode\/koomavastane-rosmariinisampoon-250ml\/#primaryimage\"},\"thumbnailUrl\":\"https:\/\/tallinndesignhouse.com\/wp-content\/uploads\/2026\/03\/Nurme-Koomavastane-rosmariinisampoon-2.jpg\",\"datePublished\":\"2026-03-02T07:35:04+00:00\",\"dateModified\":\"2026-04-28T22:01:45+00:00\",\"description\":\"Nurme k\u00f5\u00f5mavastane rosmariini\u0161ampoon puhastab \u00f5rnalt, kuid t\u00f5husalt, eemaldades mustuse ja liigse rasu. 97.56% koostisosadest on looduslikku p\u00e4ritolu.\",\"breadcrumb\":{\"@id\":\"https:\/\/tallinndesignhouse.com\/toode\/koomavastane-rosmariinisampoon-250ml\/#breadcrumb\"},\"inLanguage\":\"en-US\",\"potentialAction\":[{\"@type\":\"ReadAction\",\"target\":[\"https:\/\/tallinndesignhouse.com\/toode\/koomavastane-rosmariinisampoon-250ml\/\"]}]},{\"@type\":\"ImageObject\",\"inLanguage\":\"en-US\",\"@id\":\"https:\/\/tallinndesignhouse.com\/toode\/koomavastane-rosmariinisampoon-250ml\/#primaryimage\",\"url\":\"https:\/\/tallinndesignhouse.com\/wp-content\/uploads\/2026\/03\/Nurme-Koomavastane-rosmariinisampoon-2.jpg\",\"contentUrl\":\"https:\/\/tallinndesignhouse.com\/wp-content\/uploads\/2026\/03\/Nurme-Koomavastane-rosmariinisampoon-2.jpg\",\"width\":1080,\"height\":1350,\"caption\":\"Nurme Ko\u0303o\u0303mavastane rosmariinis\u030campoon 2\"},{\"@type\":\"BreadcrumbList\",\"@id\":\"https:\/\/tallinndesignhouse.com\/toode\/koomavastane-rosmariinisampoon-250ml\/#breadcrumb\",\"itemListElement\":[{\"@type\":\"ListItem\",\"position\":1,\"name\":\"Home\",\"item\":\"https:\/\/tallinndesignhouse.com\/en\/\"},{\"@type\":\"ListItem\",\"position\":2,\"name\":\"Shop\",\"item\":\"https:\/\/tallinndesignhouse.com\/en\/shop\/\"},{\"@type\":\"ListItem\",\"position\":3,\"name\":\"Anti-Dandruff Rosemary Shampoo 250 ml\"}]},{\"@type\":\"WebSite\",\"@id\":\"https:\/\/tallinndesignhouse.com\/#website\",\"url\":\"https:\/\/tallinndesignhouse.com\/\",\"name\":\"Tallinn Design House\",\"description\":\"Eesti disain Rotermanni kvartalis\",\"potentialAction\":[{\"@type\":\"SearchAction\",\"target\":{\"@type\":\"EntryPoint\",\"urlTemplate\":\"https:\/\/tallinndesignhouse.com\/?s={search_term_string}\"},\"query-input\":{\"@type\":\"PropertyValueSpecification\",\"valueRequired\":true,\"valueName\":\"search_term_string\"}}],\"inLanguage\":\"en-US\"}]}<\/script>\n<!-- \/ Yoast SEO plugin. -->","yoast_head_json":{"title":"Nurme Anti-Dandruff Rosemary Shampoo 250 ml - Tallinn Design House","description":"Nurme k\u00f5\u00f5mavastane rosmariini\u0161ampoon puhastab \u00f5rnalt, kuid t\u00f5husalt, eemaldades mustuse ja liigse rasu. 97.56% koostisosadest on looduslikku p\u00e4ritolu.","robots":{"index":"index","follow":"follow","max-snippet":"max-snippet:-1","max-image-preview":"max-image-preview:large","max-video-preview":"max-video-preview:-1"},"canonical":"https:\/\/tallinndesignhouse.com\/toode\/koomavastane-rosmariinisampoon-250ml\/","og_locale":"en_US","og_type":"article","og_title":"Nurme Anti-Dandruff Rosemary Shampoo 250 ml - Tallinn Design House","og_description":"Nurme k\u00f5\u00f5mavastane rosmariini\u0161ampoon puhastab \u00f5rnalt, kuid t\u00f5husalt, eemaldades mustuse ja liigse rasu. 97.56% koostisosadest on looduslikku p\u00e4ritolu.","og_url":"https:\/\/tallinndesignhouse.com\/toode\/koomavastane-rosmariinisampoon-250ml\/","og_site_name":"Tallinn Design House","article_modified_time":"2026-04-28T22:01:45+00:00","og_image":[{"width":1080,"height":1350,"url":"https:\/\/tallinndesignhouse.com\/wp-content\/uploads\/2026\/03\/Nurme-Koomavastane-rosmariinisampoon-2.jpg","type":"image\/jpeg"}],"twitter_card":"summary_large_image","twitter_misc":{"Est. reading time":"1 minute"},"schema":{"@context":"https:\/\/schema.org","@graph":[{"@type":"WebPage","@id":"https:\/\/tallinndesignhouse.com\/toode\/koomavastane-rosmariinisampoon-250ml\/","url":"https:\/\/tallinndesignhouse.com\/toode\/koomavastane-rosmariinisampoon-250ml\/","name":"Nurme Anti-Dandruff Rosemary Shampoo 250 ml - Tallinn Design House","isPartOf":{"@id":"https:\/\/tallinndesignhouse.com\/#website"},"primaryImageOfPage":{"@id":"https:\/\/tallinndesignhouse.com\/toode\/koomavastane-rosmariinisampoon-250ml\/#primaryimage"},"image":{"@id":"https:\/\/tallinndesignhouse.com\/toode\/koomavastane-rosmariinisampoon-250ml\/#primaryimage"},"thumbnailUrl":"https:\/\/tallinndesignhouse.com\/wp-content\/uploads\/2026\/03\/Nurme-Koomavastane-rosmariinisampoon-2.jpg","datePublished":"2026-03-02T07:35:04+00:00","dateModified":"2026-04-28T22:01:45+00:00","description":"Nurme k\u00f5\u00f5mavastane rosmariini\u0161ampoon puhastab \u00f5rnalt, kuid t\u00f5husalt, eemaldades mustuse ja liigse rasu. 97.56% koostisosadest on looduslikku p\u00e4ritolu.","breadcrumb":{"@id":"https:\/\/tallinndesignhouse.com\/toode\/koomavastane-rosmariinisampoon-250ml\/#breadcrumb"},"inLanguage":"en-US","potentialAction":[{"@type":"ReadAction","target":["https:\/\/tallinndesignhouse.com\/toode\/koomavastane-rosmariinisampoon-250ml\/"]}]},{"@type":"ImageObject","inLanguage":"en-US","@id":"https:\/\/tallinndesignhouse.com\/toode\/koomavastane-rosmariinisampoon-250ml\/#primaryimage","url":"https:\/\/tallinndesignhouse.com\/wp-content\/uploads\/2026\/03\/Nurme-Koomavastane-rosmariinisampoon-2.jpg","contentUrl":"https:\/\/tallinndesignhouse.com\/wp-content\/uploads\/2026\/03\/Nurme-Koomavastane-rosmariinisampoon-2.jpg","width":1080,"height":1350,"caption":"Nurme Ko\u0303o\u0303mavastane rosmariinis\u030campoon 2"},{"@type":"BreadcrumbList","@id":"https:\/\/tallinndesignhouse.com\/toode\/koomavastane-rosmariinisampoon-250ml\/#breadcrumb","itemListElement":[{"@type":"ListItem","position":1,"name":"Home","item":"https:\/\/tallinndesignhouse.com\/en\/"},{"@type":"ListItem","position":2,"name":"Shop","item":"https:\/\/tallinndesignhouse.com\/en\/shop\/"},{"@type":"ListItem","position":3,"name":"Anti-Dandruff Rosemary Shampoo 250 ml"}]},{"@type":"WebSite","@id":"https:\/\/tallinndesignhouse.com\/#website","url":"https:\/\/tallinndesignhouse.com\/","name":"Tallinn Design House","description":"Eesti disain Rotermanni kvartalis","potentialAction":[{"@type":"SearchAction","target":{"@type":"EntryPoint","urlTemplate":"https:\/\/tallinndesignhouse.com\/?s={search_term_string}"},"query-input":{"@type":"PropertyValueSpecification","valueRequired":true,"valueName":"search_term_string"}}],"inLanguage":"en-US"}]}},"_links":{"self":[{"href":"https:\/\/tallinndesignhouse.com\/en\/wp-json\/wp\/v2\/product\/3390670","targetHints":{"allow":["GET"]}}],"collection":[{"href":"https:\/\/tallinndesignhouse.com\/en\/wp-json\/wp\/v2\/product"}],"about":[{"href":"https:\/\/tallinndesignhouse.com\/en\/wp-json\/wp\/v2\/types\/product"}],"wp:featuredmedia":[{"embeddable":true,"href":"https:\/\/tallinndesignhouse.com\/en\/wp-json\/wp\/v2\/media\/3390674"}],"wp:attachment":[{"href":"https:\/\/tallinndesignhouse.com\/en\/wp-json\/wp\/v2\/media?parent=3390670"}],"wp:term":[{"taxonomy":"product_brand","embeddable":true,"href":"https:\/\/tallinndesignhouse.com\/en\/wp-json\/wp\/v2\/product_brand?post=3390670"},{"taxonomy":"product_cat","embeddable":true,"href":"https:\/\/tallinndesignhouse.com\/en\/wp-json\/wp\/v2\/product_cat?post=3390670"},{"taxonomy":"product_tag","embeddable":true,"href":"https:\/\/tallinndesignhouse.com\/en\/wp-json\/wp\/v2\/product_tag?post=3390670"}],"curies":[{"name":"wp","href":"https:\/\/api.w.org\/{rel}","templated":true}]}}