{"id":3391241,"date":"2026-03-16T16:20:02","date_gmt":"2026-03-16T14:20:02","guid":{"rendered":"https:\/\/tallinndesignhouse.com\/toode\/t-sark-koik-hasti-valge\/"},"modified":"2026-04-12T00:55:48","modified_gmt":"2026-04-11T21:55:48","slug":"t-sark-koik-hasti-valge","status":"publish","type":"product","link":"https:\/\/tallinndesignhouse.com\/en\/toode\/t-sark-koik-hasti-valge\/","title":{"rendered":"White T-shirt &#8220;K\u00f5ik h\u00e4sti&#8221;"},"content":{"rendered":"<p>White T-shirt &#8220;K\u00f5ik h\u00e4sti&#8221; by AW Stuff. 100% organic cotton + silk screen printing\/handmade! Unisex sizes. XS: width 45 cm, length 68 cm. S: width 50 cm, length 69 cm. M: width 53 cm, length 72 cm. L: width 56 cm, length 74 cm. XL: width 58 cm, length 76 cm. XXL: width 60 cm, length 78 cm.<\/p>\n","protected":false},"excerpt":{"rendered":"<p>White T-shirt &#8220;K\u00f5ik h\u00e4sti&#8221; by AW Stuff. 100% organic cotton + silk screen printing\/handmade! Unisex sizes. XS: width 45 cm, length 68 cm. S: width 50 cm, length 69 cm. M: width 53 cm, length 72 cm. L: width 56 cm, length 74 cm. XL: width 58 cm, length 76 cm. XXL: width 60 cm, [&hellip;]<\/p>\n","protected":false},"featured_media":3391259,"template":"","meta":{"_acf_changed":false},"product_brand":[],"product_cat":[1957,2837],"product_tag":[2819,2821],"class_list":{"0":"post-3391241","1":"product","2":"type-product","3":"status-publish","4":"has-post-thumbnail","6":"product_cat-shirts-and-blouses","7":"product_cat-clothes","8":"product_tag-women","9":"product_tag-men","10":"pa_brand-aw-stuff","11":"pa_brand-aw-stuff-en","12":"pa_suurus-l","13":"pa_suurus-l-en","14":"pa_suurus-m-en","15":"pa_suurus-m","16":"pa_suurus-s-en","17":"pa_suurus-s","18":"pa_suurus-xl-en","19":"pa_suurus-xl","21":"first","22":"instock","23":"taxable","24":"shipping-taxable","25":"purchasable","26":"product-type-variable"},"acf":[],"yoast_head":"<!-- This site is optimized with the Yoast SEO plugin v26.0 - https:\/\/yoast.com\/wordpress\/plugins\/seo\/ -->\n<title>White T-shirt &quot;K\u00f5ik h\u00e4sti&quot; - Tallinn Design House<\/title>\n<meta name=\"robots\" content=\"index, follow, max-snippet:-1, max-image-preview:large, max-video-preview:-1\" \/>\n<link rel=\"canonical\" href=\"https:\/\/tallinndesignhouse.com\/toode\/t-sark-koik-hasti-valge\/\" \/>\n<meta property=\"og:locale\" content=\"en_US\" \/>\n<meta property=\"og:type\" content=\"article\" \/>\n<meta property=\"og:title\" content=\"White T-shirt &quot;K\u00f5ik h\u00e4sti&quot; - Tallinn Design House\" \/>\n<meta property=\"og:description\" content=\"White T-shirt &#8220;K\u00f5ik h\u00e4sti&#8221; by AW Stuff. 100% organic cotton + silk screen printing\/handmade! Unisex sizes. XS: width 45 cm, length 68 cm. S: width 50 cm, length 69 cm. M: width 53 cm, length 72 cm. L: width 56 cm, length 74 cm. XL: width 58 cm, length 76 cm. XXL: width 60 cm, [&hellip;]\" \/>\n<meta property=\"og:url\" content=\"https:\/\/tallinndesignhouse.com\/toode\/t-sark-koik-hasti-valge\/\" \/>\n<meta property=\"og:site_name\" content=\"Tallinn Design House\" \/>\n<meta property=\"article:modified_time\" content=\"2026-04-11T21:55:48+00:00\" \/>\n<meta property=\"og:image\" content=\"https:\/\/tallinndesignhouse.com\/wp-content\/uploads\/2026\/03\/AW-stuff-T-sark-Koik-hasti.jpg\" \/>\n\t<meta property=\"og:image:width\" content=\"1080\" \/>\n\t<meta property=\"og:image:height\" content=\"1350\" \/>\n\t<meta property=\"og:image:type\" content=\"image\/jpeg\" \/>\n<meta name=\"twitter:card\" content=\"summary_large_image\" \/>\n<script type=\"application\/ld+json\" class=\"yoast-schema-graph\">{\"@context\":\"https:\/\/schema.org\",\"@graph\":[{\"@type\":\"WebPage\",\"@id\":\"https:\/\/tallinndesignhouse.com\/toode\/t-sark-koik-hasti-valge\/\",\"url\":\"https:\/\/tallinndesignhouse.com\/toode\/t-sark-koik-hasti-valge\/\",\"name\":\"White T-shirt \\\"K\u00f5ik h\u00e4sti\\\" - Tallinn Design House\",\"isPartOf\":{\"@id\":\"https:\/\/tallinndesignhouse.com\/#website\"},\"primaryImageOfPage\":{\"@id\":\"https:\/\/tallinndesignhouse.com\/toode\/t-sark-koik-hasti-valge\/#primaryimage\"},\"image\":{\"@id\":\"https:\/\/tallinndesignhouse.com\/toode\/t-sark-koik-hasti-valge\/#primaryimage\"},\"thumbnailUrl\":\"https:\/\/tallinndesignhouse.com\/wp-content\/uploads\/2026\/03\/AW-stuff-T-sark-Koik-hasti.jpg\",\"datePublished\":\"2026-03-16T14:20:02+00:00\",\"dateModified\":\"2026-04-11T21:55:48+00:00\",\"breadcrumb\":{\"@id\":\"https:\/\/tallinndesignhouse.com\/toode\/t-sark-koik-hasti-valge\/#breadcrumb\"},\"inLanguage\":\"en-US\",\"potentialAction\":[{\"@type\":\"ReadAction\",\"target\":[\"https:\/\/tallinndesignhouse.com\/toode\/t-sark-koik-hasti-valge\/\"]}]},{\"@type\":\"ImageObject\",\"inLanguage\":\"en-US\",\"@id\":\"https:\/\/tallinndesignhouse.com\/toode\/t-sark-koik-hasti-valge\/#primaryimage\",\"url\":\"https:\/\/tallinndesignhouse.com\/wp-content\/uploads\/2026\/03\/AW-stuff-T-sark-Koik-hasti.jpg\",\"contentUrl\":\"https:\/\/tallinndesignhouse.com\/wp-content\/uploads\/2026\/03\/AW-stuff-T-sark-Koik-hasti.jpg\",\"width\":1080,\"height\":1350,\"caption\":\"AW stuff T-sa\u0308rk Ko\u0303ik ha\u0308sti\"},{\"@type\":\"BreadcrumbList\",\"@id\":\"https:\/\/tallinndesignhouse.com\/toode\/t-sark-koik-hasti-valge\/#breadcrumb\",\"itemListElement\":[{\"@type\":\"ListItem\",\"position\":1,\"name\":\"Home\",\"item\":\"https:\/\/tallinndesignhouse.com\/en\/\"},{\"@type\":\"ListItem\",\"position\":2,\"name\":\"Shop\",\"item\":\"https:\/\/tallinndesignhouse.com\/en\/shop\/\"},{\"@type\":\"ListItem\",\"position\":3,\"name\":\"White T-shirt &#8220;K\u00f5ik h\u00e4sti&#8221;\"}]},{\"@type\":\"WebSite\",\"@id\":\"https:\/\/tallinndesignhouse.com\/#website\",\"url\":\"https:\/\/tallinndesignhouse.com\/\",\"name\":\"Tallinn Design House\",\"description\":\"Eesti disain Rotermanni kvartalis\",\"potentialAction\":[{\"@type\":\"SearchAction\",\"target\":{\"@type\":\"EntryPoint\",\"urlTemplate\":\"https:\/\/tallinndesignhouse.com\/?s={search_term_string}\"},\"query-input\":{\"@type\":\"PropertyValueSpecification\",\"valueRequired\":true,\"valueName\":\"search_term_string\"}}],\"inLanguage\":\"en-US\"}]}<\/script>\n<!-- \/ Yoast SEO plugin. -->","yoast_head_json":{"title":"White T-shirt \"K\u00f5ik h\u00e4sti\" - Tallinn Design House","robots":{"index":"index","follow":"follow","max-snippet":"max-snippet:-1","max-image-preview":"max-image-preview:large","max-video-preview":"max-video-preview:-1"},"canonical":"https:\/\/tallinndesignhouse.com\/toode\/t-sark-koik-hasti-valge\/","og_locale":"en_US","og_type":"article","og_title":"White T-shirt \"K\u00f5ik h\u00e4sti\" - Tallinn Design House","og_description":"White T-shirt &#8220;K\u00f5ik h\u00e4sti&#8221; by AW Stuff. 100% organic cotton + silk screen printing\/handmade! Unisex sizes. XS: width 45 cm, length 68 cm. S: width 50 cm, length 69 cm. M: width 53 cm, length 72 cm. L: width 56 cm, length 74 cm. XL: width 58 cm, length 76 cm. XXL: width 60 cm, [&hellip;]","og_url":"https:\/\/tallinndesignhouse.com\/toode\/t-sark-koik-hasti-valge\/","og_site_name":"Tallinn Design House","article_modified_time":"2026-04-11T21:55:48+00:00","og_image":[{"width":1080,"height":1350,"url":"https:\/\/tallinndesignhouse.com\/wp-content\/uploads\/2026\/03\/AW-stuff-T-sark-Koik-hasti.jpg","type":"image\/jpeg"}],"twitter_card":"summary_large_image","schema":{"@context":"https:\/\/schema.org","@graph":[{"@type":"WebPage","@id":"https:\/\/tallinndesignhouse.com\/toode\/t-sark-koik-hasti-valge\/","url":"https:\/\/tallinndesignhouse.com\/toode\/t-sark-koik-hasti-valge\/","name":"White T-shirt \"K\u00f5ik h\u00e4sti\" - Tallinn Design House","isPartOf":{"@id":"https:\/\/tallinndesignhouse.com\/#website"},"primaryImageOfPage":{"@id":"https:\/\/tallinndesignhouse.com\/toode\/t-sark-koik-hasti-valge\/#primaryimage"},"image":{"@id":"https:\/\/tallinndesignhouse.com\/toode\/t-sark-koik-hasti-valge\/#primaryimage"},"thumbnailUrl":"https:\/\/tallinndesignhouse.com\/wp-content\/uploads\/2026\/03\/AW-stuff-T-sark-Koik-hasti.jpg","datePublished":"2026-03-16T14:20:02+00:00","dateModified":"2026-04-11T21:55:48+00:00","breadcrumb":{"@id":"https:\/\/tallinndesignhouse.com\/toode\/t-sark-koik-hasti-valge\/#breadcrumb"},"inLanguage":"en-US","potentialAction":[{"@type":"ReadAction","target":["https:\/\/tallinndesignhouse.com\/toode\/t-sark-koik-hasti-valge\/"]}]},{"@type":"ImageObject","inLanguage":"en-US","@id":"https:\/\/tallinndesignhouse.com\/toode\/t-sark-koik-hasti-valge\/#primaryimage","url":"https:\/\/tallinndesignhouse.com\/wp-content\/uploads\/2026\/03\/AW-stuff-T-sark-Koik-hasti.jpg","contentUrl":"https:\/\/tallinndesignhouse.com\/wp-content\/uploads\/2026\/03\/AW-stuff-T-sark-Koik-hasti.jpg","width":1080,"height":1350,"caption":"AW stuff T-sa\u0308rk Ko\u0303ik ha\u0308sti"},{"@type":"BreadcrumbList","@id":"https:\/\/tallinndesignhouse.com\/toode\/t-sark-koik-hasti-valge\/#breadcrumb","itemListElement":[{"@type":"ListItem","position":1,"name":"Home","item":"https:\/\/tallinndesignhouse.com\/en\/"},{"@type":"ListItem","position":2,"name":"Shop","item":"https:\/\/tallinndesignhouse.com\/en\/shop\/"},{"@type":"ListItem","position":3,"name":"White T-shirt &#8220;K\u00f5ik h\u00e4sti&#8221;"}]},{"@type":"WebSite","@id":"https:\/\/tallinndesignhouse.com\/#website","url":"https:\/\/tallinndesignhouse.com\/","name":"Tallinn Design House","description":"Eesti disain Rotermanni kvartalis","potentialAction":[{"@type":"SearchAction","target":{"@type":"EntryPoint","urlTemplate":"https:\/\/tallinndesignhouse.com\/?s={search_term_string}"},"query-input":{"@type":"PropertyValueSpecification","valueRequired":true,"valueName":"search_term_string"}}],"inLanguage":"en-US"}]}},"_links":{"self":[{"href":"https:\/\/tallinndesignhouse.com\/en\/wp-json\/wp\/v2\/product\/3391241","targetHints":{"allow":["GET"]}}],"collection":[{"href":"https:\/\/tallinndesignhouse.com\/en\/wp-json\/wp\/v2\/product"}],"about":[{"href":"https:\/\/tallinndesignhouse.com\/en\/wp-json\/wp\/v2\/types\/product"}],"wp:featuredmedia":[{"embeddable":true,"href":"https:\/\/tallinndesignhouse.com\/en\/wp-json\/wp\/v2\/media\/3391259"}],"wp:attachment":[{"href":"https:\/\/tallinndesignhouse.com\/en\/wp-json\/wp\/v2\/media?parent=3391241"}],"wp:term":[{"taxonomy":"product_brand","embeddable":true,"href":"https:\/\/tallinndesignhouse.com\/en\/wp-json\/wp\/v2\/product_brand?post=3391241"},{"taxonomy":"product_cat","embeddable":true,"href":"https:\/\/tallinndesignhouse.com\/en\/wp-json\/wp\/v2\/product_cat?post=3391241"},{"taxonomy":"product_tag","embeddable":true,"href":"https:\/\/tallinndesignhouse.com\/en\/wp-json\/wp\/v2\/product_tag?post=3391241"}],"curies":[{"name":"wp","href":"https:\/\/api.w.org\/{rel}","templated":true}]}}