{"id":3391249,"date":"2026-03-16T16:20:04","date_gmt":"2026-03-16T14:20:04","guid":{"rendered":"https:\/\/tallinndesignhouse.com\/toode\/bomberjakk-poison-ivy\/"},"modified":"2026-04-12T00:57:44","modified_gmt":"2026-04-11T21:57:44","slug":"bomberjakk-poison-ivy","status":"publish","type":"product","link":"https:\/\/tallinndesignhouse.com\/en\/toode\/bomberjakk-poison-ivy\/","title":{"rendered":"Bomber jacket Poison Ivy"},"content":{"rendered":"<p>Efektne bomberjakk on valmistatud Karl Korsari eritellimusel loodud \u017eakaarkangast, muutes kantava kunsti modernseks moeloominguks. Lillade, mustade ja pehmete metalltoonide keerukas m\u00e4ng loob d\u00fcnaamilise, skulpturaalse pinna, mis \u00e4rkab liikumises ellu. Sile ja siidine vooder lisab kandmismugavust, v\u00f5imaldades jakil pingutuseta \u00fcle naha libiseda, s\u00e4ilitades samal ajal struktureeritud ja mahuka silueti. Poleeritud esilukk ning r\u00e4tsepat\u00f6\u00f6na valminud elastsed detailid tasakaalustavad luksuslikkuse ja kaasaegse kerguse. Materjal: 66% puuvill, 34% pol\u00fcamiid. Vooder: 100% viskoos. Kangas valmistatud Comos, Itaalias. \u00d5mmeldud Tallinnas, Eestis.<\/p>\n","protected":false},"excerpt":{"rendered":"<p>Efektne bomberjakk on valmistatud Karl Korsari eritellimusel loodud \u017eakaarkangast, muutes kantava kunsti modernseks moeloominguks. Lillade, mustade ja pehmete metalltoonide keerukas m\u00e4ng loob d\u00fcnaamilise, skulpturaalse pinna, mis \u00e4rkab liikumises ellu. Sile ja siidine vooder lisab kandmismugavust, v\u00f5imaldades jakil pingutuseta \u00fcle naha libiseda, s\u00e4ilitades samal ajal struktureeritud ja mahuka silueti. Poleeritud esilukk ning r\u00e4tsepat\u00f6\u00f6na valminud elastsed detailid [&hellip;]<\/p>\n","protected":false},"featured_media":3391253,"template":"","meta":{"_acf_changed":false},"product_brand":[],"product_cat":[2069,2837],"product_tag":[2819],"class_list":{"0":"post-3391249","1":"product","2":"type-product","3":"status-publish","4":"has-post-thumbnail","6":"product_cat-upper-garments","7":"product_cat-clothes","8":"product_tag-women","9":"pa_brand-karl-korsar","10":"pa_brand-karl-korsar-en","11":"pa_suurus-l-en","12":"pa_suurus-l","13":"pa_suurus-s-en","14":"pa_suurus-s","16":"first","17":"instock","18":"taxable","19":"shipping-taxable","20":"purchasable","21":"product-type-variable"},"acf":[],"yoast_head":"<!-- This site is optimized with the Yoast SEO plugin v26.0 - https:\/\/yoast.com\/wordpress\/plugins\/seo\/ -->\n<title>Karl Korsari Bomber jacket Poison Ivy - Tallinn Design House<\/title>\n<meta name=\"description\" content=\"Efektne bomberjakk on valmistatud Karl Korsari eritellimusel loodud \u017eakaarkangast, muutes kantava kunsti modernseks moeloominguks.\" \/>\n<meta name=\"robots\" content=\"index, follow, max-snippet:-1, max-image-preview:large, max-video-preview:-1\" \/>\n<link rel=\"canonical\" href=\"https:\/\/tallinndesignhouse.com\/toode\/bomberjakk-poison-ivy\/\" \/>\n<meta property=\"og:locale\" content=\"en_US\" \/>\n<meta property=\"og:type\" content=\"article\" \/>\n<meta property=\"og:title\" content=\"Karl Korsari Bomber jacket Poison Ivy - Tallinn Design House\" \/>\n<meta property=\"og:description\" content=\"Efektne bomberjakk on valmistatud Karl Korsari eritellimusel loodud \u017eakaarkangast, muutes kantava kunsti modernseks moeloominguks.\" \/>\n<meta property=\"og:url\" content=\"https:\/\/tallinndesignhouse.com\/toode\/bomberjakk-poison-ivy\/\" \/>\n<meta property=\"og:site_name\" content=\"Tallinn Design House\" \/>\n<meta property=\"article:modified_time\" content=\"2026-04-11T21:57:44+00:00\" \/>\n<meta property=\"og:image\" content=\"https:\/\/tallinndesignhouse.com\/wp-content\/uploads\/2026\/03\/Karl-Korsar-bomberjakk-Poison-Ivy.jpg\" \/>\n\t<meta property=\"og:image:width\" content=\"1080\" \/>\n\t<meta property=\"og:image:height\" content=\"1350\" \/>\n\t<meta property=\"og:image:type\" content=\"image\/jpeg\" \/>\n<meta name=\"twitter:card\" content=\"summary_large_image\" \/>\n<script type=\"application\/ld+json\" class=\"yoast-schema-graph\">{\"@context\":\"https:\/\/schema.org\",\"@graph\":[{\"@type\":\"WebPage\",\"@id\":\"https:\/\/tallinndesignhouse.com\/toode\/bomberjakk-poison-ivy\/\",\"url\":\"https:\/\/tallinndesignhouse.com\/toode\/bomberjakk-poison-ivy\/\",\"name\":\"Karl Korsari Bomber jacket Poison Ivy - Tallinn Design House\",\"isPartOf\":{\"@id\":\"https:\/\/tallinndesignhouse.com\/#website\"},\"primaryImageOfPage\":{\"@id\":\"https:\/\/tallinndesignhouse.com\/toode\/bomberjakk-poison-ivy\/#primaryimage\"},\"image\":{\"@id\":\"https:\/\/tallinndesignhouse.com\/toode\/bomberjakk-poison-ivy\/#primaryimage\"},\"thumbnailUrl\":\"https:\/\/tallinndesignhouse.com\/wp-content\/uploads\/2026\/03\/Karl-Korsar-bomberjakk-Poison-Ivy.jpg\",\"datePublished\":\"2026-03-16T14:20:04+00:00\",\"dateModified\":\"2026-04-11T21:57:44+00:00\",\"description\":\"Efektne bomberjakk on valmistatud Karl Korsari eritellimusel loodud \u017eakaarkangast, muutes kantava kunsti modernseks moeloominguks.\",\"breadcrumb\":{\"@id\":\"https:\/\/tallinndesignhouse.com\/toode\/bomberjakk-poison-ivy\/#breadcrumb\"},\"inLanguage\":\"en-US\",\"potentialAction\":[{\"@type\":\"ReadAction\",\"target\":[\"https:\/\/tallinndesignhouse.com\/toode\/bomberjakk-poison-ivy\/\"]}]},{\"@type\":\"ImageObject\",\"inLanguage\":\"en-US\",\"@id\":\"https:\/\/tallinndesignhouse.com\/toode\/bomberjakk-poison-ivy\/#primaryimage\",\"url\":\"https:\/\/tallinndesignhouse.com\/wp-content\/uploads\/2026\/03\/Karl-Korsar-bomberjakk-Poison-Ivy.jpg\",\"contentUrl\":\"https:\/\/tallinndesignhouse.com\/wp-content\/uploads\/2026\/03\/Karl-Korsar-bomberjakk-Poison-Ivy.jpg\",\"width\":1080,\"height\":1350,\"caption\":\"Karl Korsar bomberjakk Poison Ivy\"},{\"@type\":\"BreadcrumbList\",\"@id\":\"https:\/\/tallinndesignhouse.com\/toode\/bomberjakk-poison-ivy\/#breadcrumb\",\"itemListElement\":[{\"@type\":\"ListItem\",\"position\":1,\"name\":\"Home\",\"item\":\"https:\/\/tallinndesignhouse.com\/en\/\"},{\"@type\":\"ListItem\",\"position\":2,\"name\":\"Shop\",\"item\":\"https:\/\/tallinndesignhouse.com\/en\/shop\/\"},{\"@type\":\"ListItem\",\"position\":3,\"name\":\"Bomber jacket Poison Ivy\"}]},{\"@type\":\"WebSite\",\"@id\":\"https:\/\/tallinndesignhouse.com\/#website\",\"url\":\"https:\/\/tallinndesignhouse.com\/\",\"name\":\"Tallinn Design House\",\"description\":\"Eesti disain Rotermanni kvartalis\",\"potentialAction\":[{\"@type\":\"SearchAction\",\"target\":{\"@type\":\"EntryPoint\",\"urlTemplate\":\"https:\/\/tallinndesignhouse.com\/?s={search_term_string}\"},\"query-input\":{\"@type\":\"PropertyValueSpecification\",\"valueRequired\":true,\"valueName\":\"search_term_string\"}}],\"inLanguage\":\"en-US\"}]}<\/script>\n<!-- \/ Yoast SEO plugin. -->","yoast_head_json":{"title":"Karl Korsari Bomber jacket Poison Ivy - Tallinn Design House","description":"Efektne bomberjakk on valmistatud Karl Korsari eritellimusel loodud \u017eakaarkangast, muutes kantava kunsti modernseks moeloominguks.","robots":{"index":"index","follow":"follow","max-snippet":"max-snippet:-1","max-image-preview":"max-image-preview:large","max-video-preview":"max-video-preview:-1"},"canonical":"https:\/\/tallinndesignhouse.com\/toode\/bomberjakk-poison-ivy\/","og_locale":"en_US","og_type":"article","og_title":"Karl Korsari Bomber jacket Poison Ivy - Tallinn Design House","og_description":"Efektne bomberjakk on valmistatud Karl Korsari eritellimusel loodud \u017eakaarkangast, muutes kantava kunsti modernseks moeloominguks.","og_url":"https:\/\/tallinndesignhouse.com\/toode\/bomberjakk-poison-ivy\/","og_site_name":"Tallinn Design House","article_modified_time":"2026-04-11T21:57:44+00:00","og_image":[{"width":1080,"height":1350,"url":"https:\/\/tallinndesignhouse.com\/wp-content\/uploads\/2026\/03\/Karl-Korsar-bomberjakk-Poison-Ivy.jpg","type":"image\/jpeg"}],"twitter_card":"summary_large_image","schema":{"@context":"https:\/\/schema.org","@graph":[{"@type":"WebPage","@id":"https:\/\/tallinndesignhouse.com\/toode\/bomberjakk-poison-ivy\/","url":"https:\/\/tallinndesignhouse.com\/toode\/bomberjakk-poison-ivy\/","name":"Karl Korsari Bomber jacket Poison Ivy - Tallinn Design House","isPartOf":{"@id":"https:\/\/tallinndesignhouse.com\/#website"},"primaryImageOfPage":{"@id":"https:\/\/tallinndesignhouse.com\/toode\/bomberjakk-poison-ivy\/#primaryimage"},"image":{"@id":"https:\/\/tallinndesignhouse.com\/toode\/bomberjakk-poison-ivy\/#primaryimage"},"thumbnailUrl":"https:\/\/tallinndesignhouse.com\/wp-content\/uploads\/2026\/03\/Karl-Korsar-bomberjakk-Poison-Ivy.jpg","datePublished":"2026-03-16T14:20:04+00:00","dateModified":"2026-04-11T21:57:44+00:00","description":"Efektne bomberjakk on valmistatud Karl Korsari eritellimusel loodud \u017eakaarkangast, muutes kantava kunsti modernseks moeloominguks.","breadcrumb":{"@id":"https:\/\/tallinndesignhouse.com\/toode\/bomberjakk-poison-ivy\/#breadcrumb"},"inLanguage":"en-US","potentialAction":[{"@type":"ReadAction","target":["https:\/\/tallinndesignhouse.com\/toode\/bomberjakk-poison-ivy\/"]}]},{"@type":"ImageObject","inLanguage":"en-US","@id":"https:\/\/tallinndesignhouse.com\/toode\/bomberjakk-poison-ivy\/#primaryimage","url":"https:\/\/tallinndesignhouse.com\/wp-content\/uploads\/2026\/03\/Karl-Korsar-bomberjakk-Poison-Ivy.jpg","contentUrl":"https:\/\/tallinndesignhouse.com\/wp-content\/uploads\/2026\/03\/Karl-Korsar-bomberjakk-Poison-Ivy.jpg","width":1080,"height":1350,"caption":"Karl Korsar bomberjakk Poison Ivy"},{"@type":"BreadcrumbList","@id":"https:\/\/tallinndesignhouse.com\/toode\/bomberjakk-poison-ivy\/#breadcrumb","itemListElement":[{"@type":"ListItem","position":1,"name":"Home","item":"https:\/\/tallinndesignhouse.com\/en\/"},{"@type":"ListItem","position":2,"name":"Shop","item":"https:\/\/tallinndesignhouse.com\/en\/shop\/"},{"@type":"ListItem","position":3,"name":"Bomber jacket Poison Ivy"}]},{"@type":"WebSite","@id":"https:\/\/tallinndesignhouse.com\/#website","url":"https:\/\/tallinndesignhouse.com\/","name":"Tallinn Design House","description":"Eesti disain Rotermanni kvartalis","potentialAction":[{"@type":"SearchAction","target":{"@type":"EntryPoint","urlTemplate":"https:\/\/tallinndesignhouse.com\/?s={search_term_string}"},"query-input":{"@type":"PropertyValueSpecification","valueRequired":true,"valueName":"search_term_string"}}],"inLanguage":"en-US"}]}},"_links":{"self":[{"href":"https:\/\/tallinndesignhouse.com\/en\/wp-json\/wp\/v2\/product\/3391249","targetHints":{"allow":["GET"]}}],"collection":[{"href":"https:\/\/tallinndesignhouse.com\/en\/wp-json\/wp\/v2\/product"}],"about":[{"href":"https:\/\/tallinndesignhouse.com\/en\/wp-json\/wp\/v2\/types\/product"}],"wp:featuredmedia":[{"embeddable":true,"href":"https:\/\/tallinndesignhouse.com\/en\/wp-json\/wp\/v2\/media\/3391253"}],"wp:attachment":[{"href":"https:\/\/tallinndesignhouse.com\/en\/wp-json\/wp\/v2\/media?parent=3391249"}],"wp:term":[{"taxonomy":"product_brand","embeddable":true,"href":"https:\/\/tallinndesignhouse.com\/en\/wp-json\/wp\/v2\/product_brand?post=3391249"},{"taxonomy":"product_cat","embeddable":true,"href":"https:\/\/tallinndesignhouse.com\/en\/wp-json\/wp\/v2\/product_cat?post=3391249"},{"taxonomy":"product_tag","embeddable":true,"href":"https:\/\/tallinndesignhouse.com\/en\/wp-json\/wp\/v2\/product_tag?post=3391249"}],"curies":[{"name":"wp","href":"https:\/\/api.w.org\/{rel}","templated":true}]}}