{"id":3391273,"date":"2026-03-18T11:35:04","date_gmt":"2026-03-18T09:35:04","guid":{"rendered":"https:\/\/tallinndesignhouse.com\/toode\/sark-051\/"},"modified":"2026-04-12T00:55:06","modified_gmt":"2026-04-11T21:55:06","slug":"sark-051","status":"publish","type":"product","link":"https:\/\/tallinndesignhouse.com\/en\/toode\/sark-051\/","title":{"rendered":"Shirt 051"},"content":{"rendered":"<p>Every item By Agureeva crafts, is one of a kind, as distinctive as you are. To create this shirt, 3 different garments were upcycled, each with its own history and character. Inclusive, adapt\u0430ble, and effortless \u2013 this one size shirt is designed to fit sizes S-L. Material: 100% cotton. Respecting every imperfection of a fabric as a reflection and evidence of its previous lifecycle, By Agureeva not only reduces waste but also infuses every creation with a rich tapestry of stories, colours, and textures. The philosophy of By Agureeva is to breathe a new life into iconic styles of the past that still have stories to tell and reconstruct them to become modern wardrobe staples. Upcycling vintage pieces and the ones from the stylist\u2019s wardrobe you\u2019ll recognise from Estonian movies, TV shows and editorials, the designer\u00b4s passion for sustainability goes beyond just fashion. It\u2019s a commitment to creating a more beautiful world, one garment at a time.<\/p>\n","protected":false},"excerpt":{"rendered":"<p>Every item By Agureeva crafts, is one of a kind, as distinctive as you are. To create this shirt, 3 different garments were upcycled, each with its own history and character. Inclusive, adapt\u0430ble, and effortless \u2013 this one size shirt is designed to fit sizes S-L. Material: 100% cotton. Respecting every imperfection of a fabric [&hellip;]<\/p>\n","protected":false},"featured_media":3391277,"template":"","meta":{"_acf_changed":false},"product_brand":[],"product_cat":[1957,2837],"product_tag":[2819],"class_list":{"0":"post-3391273","1":"product","2":"type-product","3":"status-publish","4":"has-post-thumbnail","6":"product_cat-shirts-and-blouses","7":"product_cat-clothes","8":"product_tag-women","9":"pa_brand-by-agureeva-en","10":"pa_brand-by-agureeva","11":"pa_kingiidee-jah","12":"pa_kingiidee-yes-en","14":"first","15":"instock","16":"taxable","17":"shipping-taxable","18":"purchasable","19":"product-type-simple"},"acf":[],"yoast_head":"<!-- This site is optimized with the Yoast SEO plugin v26.0 - https:\/\/yoast.com\/wordpress\/plugins\/seo\/ -->\n<title>By Agureeva Shirt 051 - Tallinn Design House<\/title>\n<meta name=\"description\" content=\"K\u00f5ik By Agureeva poolt k\u00e4sitsi valmistatud s\u00e4rgid on unikaalsed, just nagu sina. Selle s\u00e4rgi loomiseks taaskasutati 3 erinevat r\u00f5ivaeset.\" \/>\n<meta name=\"robots\" content=\"index, follow, max-snippet:-1, max-image-preview:large, max-video-preview:-1\" \/>\n<link rel=\"canonical\" href=\"https:\/\/tallinndesignhouse.com\/toode\/sark-051\/\" \/>\n<meta property=\"og:locale\" content=\"en_US\" \/>\n<meta property=\"og:type\" content=\"article\" \/>\n<meta property=\"og:title\" content=\"By Agureeva Shirt 051 - Tallinn Design House\" \/>\n<meta property=\"og:description\" content=\"K\u00f5ik By Agureeva poolt k\u00e4sitsi valmistatud s\u00e4rgid on unikaalsed, just nagu sina. Selle s\u00e4rgi loomiseks taaskasutati 3 erinevat r\u00f5ivaeset.\" \/>\n<meta property=\"og:url\" content=\"https:\/\/tallinndesignhouse.com\/toode\/sark-051\/\" \/>\n<meta property=\"og:site_name\" content=\"Tallinn Design House\" \/>\n<meta property=\"article:modified_time\" content=\"2026-04-11T21:55:06+00:00\" \/>\n<meta property=\"og:image\" content=\"https:\/\/tallinndesignhouse.com\/wp-content\/uploads\/2026\/03\/By-Agureeva-Sark-.jpg\" \/>\n\t<meta property=\"og:image:width\" content=\"1080\" \/>\n\t<meta property=\"og:image:height\" content=\"1350\" \/>\n\t<meta property=\"og:image:type\" content=\"image\/jpeg\" \/>\n<meta name=\"twitter:card\" content=\"summary_large_image\" \/>\n<meta name=\"twitter:label1\" content=\"Est. reading time\" \/>\n\t<meta name=\"twitter:data1\" content=\"1 minute\" \/>\n<script type=\"application\/ld+json\" class=\"yoast-schema-graph\">{\"@context\":\"https:\/\/schema.org\",\"@graph\":[{\"@type\":\"WebPage\",\"@id\":\"https:\/\/tallinndesignhouse.com\/toode\/sark-051\/\",\"url\":\"https:\/\/tallinndesignhouse.com\/toode\/sark-051\/\",\"name\":\"By Agureeva Shirt 051 - Tallinn Design House\",\"isPartOf\":{\"@id\":\"https:\/\/tallinndesignhouse.com\/#website\"},\"primaryImageOfPage\":{\"@id\":\"https:\/\/tallinndesignhouse.com\/toode\/sark-051\/#primaryimage\"},\"image\":{\"@id\":\"https:\/\/tallinndesignhouse.com\/toode\/sark-051\/#primaryimage\"},\"thumbnailUrl\":\"https:\/\/tallinndesignhouse.com\/wp-content\/uploads\/2026\/03\/By-Agureeva-Sark-.jpg\",\"datePublished\":\"2026-03-18T09:35:04+00:00\",\"dateModified\":\"2026-04-11T21:55:06+00:00\",\"description\":\"K\u00f5ik By Agureeva poolt k\u00e4sitsi valmistatud s\u00e4rgid on unikaalsed, just nagu sina. Selle s\u00e4rgi loomiseks taaskasutati 3 erinevat r\u00f5ivaeset.\",\"breadcrumb\":{\"@id\":\"https:\/\/tallinndesignhouse.com\/toode\/sark-051\/#breadcrumb\"},\"inLanguage\":\"en-US\",\"potentialAction\":[{\"@type\":\"ReadAction\",\"target\":[\"https:\/\/tallinndesignhouse.com\/toode\/sark-051\/\"]}]},{\"@type\":\"ImageObject\",\"inLanguage\":\"en-US\",\"@id\":\"https:\/\/tallinndesignhouse.com\/toode\/sark-051\/#primaryimage\",\"url\":\"https:\/\/tallinndesignhouse.com\/wp-content\/uploads\/2026\/03\/By-Agureeva-Sark-.jpg\",\"contentUrl\":\"https:\/\/tallinndesignhouse.com\/wp-content\/uploads\/2026\/03\/By-Agureeva-Sark-.jpg\",\"width\":1080,\"height\":1350,\"caption\":\"By Agureeva Sa\u0308rk\"},{\"@type\":\"BreadcrumbList\",\"@id\":\"https:\/\/tallinndesignhouse.com\/toode\/sark-051\/#breadcrumb\",\"itemListElement\":[{\"@type\":\"ListItem\",\"position\":1,\"name\":\"Home\",\"item\":\"https:\/\/tallinndesignhouse.com\/en\/\"},{\"@type\":\"ListItem\",\"position\":2,\"name\":\"Shop\",\"item\":\"https:\/\/tallinndesignhouse.com\/en\/shop\/\"},{\"@type\":\"ListItem\",\"position\":3,\"name\":\"Shirt 051\"}]},{\"@type\":\"WebSite\",\"@id\":\"https:\/\/tallinndesignhouse.com\/#website\",\"url\":\"https:\/\/tallinndesignhouse.com\/\",\"name\":\"Tallinn Design House\",\"description\":\"Eesti disain Rotermanni kvartalis\",\"potentialAction\":[{\"@type\":\"SearchAction\",\"target\":{\"@type\":\"EntryPoint\",\"urlTemplate\":\"https:\/\/tallinndesignhouse.com\/?s={search_term_string}\"},\"query-input\":{\"@type\":\"PropertyValueSpecification\",\"valueRequired\":true,\"valueName\":\"search_term_string\"}}],\"inLanguage\":\"en-US\"}]}<\/script>\n<!-- \/ Yoast SEO plugin. -->","yoast_head_json":{"title":"By Agureeva Shirt 051 - Tallinn Design House","description":"K\u00f5ik By Agureeva poolt k\u00e4sitsi valmistatud s\u00e4rgid on unikaalsed, just nagu sina. Selle s\u00e4rgi loomiseks taaskasutati 3 erinevat r\u00f5ivaeset.","robots":{"index":"index","follow":"follow","max-snippet":"max-snippet:-1","max-image-preview":"max-image-preview:large","max-video-preview":"max-video-preview:-1"},"canonical":"https:\/\/tallinndesignhouse.com\/toode\/sark-051\/","og_locale":"en_US","og_type":"article","og_title":"By Agureeva Shirt 051 - Tallinn Design House","og_description":"K\u00f5ik By Agureeva poolt k\u00e4sitsi valmistatud s\u00e4rgid on unikaalsed, just nagu sina. Selle s\u00e4rgi loomiseks taaskasutati 3 erinevat r\u00f5ivaeset.","og_url":"https:\/\/tallinndesignhouse.com\/toode\/sark-051\/","og_site_name":"Tallinn Design House","article_modified_time":"2026-04-11T21:55:06+00:00","og_image":[{"width":1080,"height":1350,"url":"https:\/\/tallinndesignhouse.com\/wp-content\/uploads\/2026\/03\/By-Agureeva-Sark-.jpg","type":"image\/jpeg"}],"twitter_card":"summary_large_image","twitter_misc":{"Est. reading time":"1 minute"},"schema":{"@context":"https:\/\/schema.org","@graph":[{"@type":"WebPage","@id":"https:\/\/tallinndesignhouse.com\/toode\/sark-051\/","url":"https:\/\/tallinndesignhouse.com\/toode\/sark-051\/","name":"By Agureeva Shirt 051 - Tallinn Design House","isPartOf":{"@id":"https:\/\/tallinndesignhouse.com\/#website"},"primaryImageOfPage":{"@id":"https:\/\/tallinndesignhouse.com\/toode\/sark-051\/#primaryimage"},"image":{"@id":"https:\/\/tallinndesignhouse.com\/toode\/sark-051\/#primaryimage"},"thumbnailUrl":"https:\/\/tallinndesignhouse.com\/wp-content\/uploads\/2026\/03\/By-Agureeva-Sark-.jpg","datePublished":"2026-03-18T09:35:04+00:00","dateModified":"2026-04-11T21:55:06+00:00","description":"K\u00f5ik By Agureeva poolt k\u00e4sitsi valmistatud s\u00e4rgid on unikaalsed, just nagu sina. Selle s\u00e4rgi loomiseks taaskasutati 3 erinevat r\u00f5ivaeset.","breadcrumb":{"@id":"https:\/\/tallinndesignhouse.com\/toode\/sark-051\/#breadcrumb"},"inLanguage":"en-US","potentialAction":[{"@type":"ReadAction","target":["https:\/\/tallinndesignhouse.com\/toode\/sark-051\/"]}]},{"@type":"ImageObject","inLanguage":"en-US","@id":"https:\/\/tallinndesignhouse.com\/toode\/sark-051\/#primaryimage","url":"https:\/\/tallinndesignhouse.com\/wp-content\/uploads\/2026\/03\/By-Agureeva-Sark-.jpg","contentUrl":"https:\/\/tallinndesignhouse.com\/wp-content\/uploads\/2026\/03\/By-Agureeva-Sark-.jpg","width":1080,"height":1350,"caption":"By Agureeva Sa\u0308rk"},{"@type":"BreadcrumbList","@id":"https:\/\/tallinndesignhouse.com\/toode\/sark-051\/#breadcrumb","itemListElement":[{"@type":"ListItem","position":1,"name":"Home","item":"https:\/\/tallinndesignhouse.com\/en\/"},{"@type":"ListItem","position":2,"name":"Shop","item":"https:\/\/tallinndesignhouse.com\/en\/shop\/"},{"@type":"ListItem","position":3,"name":"Shirt 051"}]},{"@type":"WebSite","@id":"https:\/\/tallinndesignhouse.com\/#website","url":"https:\/\/tallinndesignhouse.com\/","name":"Tallinn Design House","description":"Eesti disain Rotermanni kvartalis","potentialAction":[{"@type":"SearchAction","target":{"@type":"EntryPoint","urlTemplate":"https:\/\/tallinndesignhouse.com\/?s={search_term_string}"},"query-input":{"@type":"PropertyValueSpecification","valueRequired":true,"valueName":"search_term_string"}}],"inLanguage":"en-US"}]}},"_links":{"self":[{"href":"https:\/\/tallinndesignhouse.com\/en\/wp-json\/wp\/v2\/product\/3391273","targetHints":{"allow":["GET"]}}],"collection":[{"href":"https:\/\/tallinndesignhouse.com\/en\/wp-json\/wp\/v2\/product"}],"about":[{"href":"https:\/\/tallinndesignhouse.com\/en\/wp-json\/wp\/v2\/types\/product"}],"wp:featuredmedia":[{"embeddable":true,"href":"https:\/\/tallinndesignhouse.com\/en\/wp-json\/wp\/v2\/media\/3391277"}],"wp:attachment":[{"href":"https:\/\/tallinndesignhouse.com\/en\/wp-json\/wp\/v2\/media?parent=3391273"}],"wp:term":[{"taxonomy":"product_brand","embeddable":true,"href":"https:\/\/tallinndesignhouse.com\/en\/wp-json\/wp\/v2\/product_brand?post=3391273"},{"taxonomy":"product_cat","embeddable":true,"href":"https:\/\/tallinndesignhouse.com\/en\/wp-json\/wp\/v2\/product_cat?post=3391273"},{"taxonomy":"product_tag","embeddable":true,"href":"https:\/\/tallinndesignhouse.com\/en\/wp-json\/wp\/v2\/product_tag?post=3391273"}],"curies":[{"name":"wp","href":"https:\/\/api.w.org\/{rel}","templated":true}]}}