{"id":3391435,"date":"2026-03-25T10:05:06","date_gmt":"2026-03-25T08:05:06","guid":{"rendered":"https:\/\/tallinndesignhouse.com\/toode\/dressipluus-kirss-punane\/"},"modified":"2026-04-17T01:01:37","modified_gmt":"2026-04-16T22:01:37","slug":"dressipluus-kirss-punane","status":"publish","type":"product","link":"https:\/\/tallinndesignhouse.com\/en\/toode\/dressipluus-kirss-punane\/","title":{"rendered":"Sweatshirt Kirss"},"content":{"rendered":"<p>Red sweatshirt with embroidered cherry by designer Hannes R\u00fc\u00fctel. Made from 100% organic cotton (OEKO-TEX\u00ae, PETA-Approved Vegan). Relaxed fit. Sizes: S (chest 104 cm, length 56 cm), M (chest 110 cm, length 58 cm), L (chest 116 cm, length 60 cm) and XL (chest 122 cm, length 62 cm). Care: machine wash at 30\u00b0C.<\/p>\n","protected":false},"excerpt":{"rendered":"<p>Red sweatshirt with embroidered cherry by designer Hannes R\u00fc\u00fctel. Made from 100% organic cotton (OEKO-TEX\u00ae, PETA-Approved Vegan). Relaxed fit. Sizes: S (chest 104 cm, length 56 cm), M (chest 110 cm, length 58 cm), L (chest 116 cm, length 60 cm) and XL (chest 122 cm, length 62 cm). Care: machine wash at 30\u00b0C.<\/p>\n","protected":false},"featured_media":3391466,"template":"","meta":{"_acf_changed":false},"product_brand":[],"product_cat":[1957,2837],"product_tag":[2819],"class_list":{"0":"post-3391435","1":"product","2":"type-product","3":"status-publish","4":"has-post-thumbnail","6":"product_cat-shirts-and-blouses","7":"product_cat-clothes","8":"product_tag-women","9":"pa_brand-hannes-ruutel","11":"pa_suurus-s-en","12":"pa_suurus-l-en","13":"pa_suurus-m-en","18":"first","19":"instock","20":"taxable","21":"shipping-taxable","22":"purchasable","23":"product-type-variable"},"acf":[],"yoast_head":"<!-- This site is optimized with the Yoast SEO plugin v26.0 - https:\/\/yoast.com\/wordpress\/plugins\/seo\/ -->\n<title>Hannes R\u00fc\u00fctel Sweatshirt Kirss - Tallinn Design House<\/title>\n<meta name=\"description\" content=\"Tikitud kirsiga punane dressipluus disainerilt Hannes R\u00fc\u00fctel. Valmistatud 100% orgaanilisest puuvillast (OEKO-TEX\u00ae, PETA-Approved Vegan). Vabama l\u00f5ikega.\" \/>\n<meta name=\"robots\" content=\"index, follow, max-snippet:-1, max-image-preview:large, max-video-preview:-1\" \/>\n<link rel=\"canonical\" href=\"https:\/\/tallinndesignhouse.com\/toode\/dressipluus-kirss-punane\/\" \/>\n<meta property=\"og:locale\" content=\"en_US\" \/>\n<meta property=\"og:type\" content=\"article\" \/>\n<meta property=\"og:title\" content=\"Hannes R\u00fc\u00fctel Sweatshirt Kirss - Tallinn Design House\" \/>\n<meta property=\"og:description\" content=\"Tikitud kirsiga punane dressipluus disainerilt Hannes R\u00fc\u00fctel. Valmistatud 100% orgaanilisest puuvillast (OEKO-TEX\u00ae, PETA-Approved Vegan). Vabama l\u00f5ikega.\" \/>\n<meta property=\"og:url\" content=\"https:\/\/tallinndesignhouse.com\/toode\/dressipluus-kirss-punane\/\" \/>\n<meta property=\"og:site_name\" content=\"Tallinn Design House\" \/>\n<meta property=\"article:modified_time\" content=\"2026-04-16T22:01:37+00:00\" \/>\n<meta property=\"og:image\" content=\"https:\/\/tallinndesignhouse.com\/wp-content\/uploads\/2026\/03\/Hannes-Ruutel-pusa-Kirss-punane-2.jpg\" \/>\n\t<meta property=\"og:image:width\" content=\"1080\" \/>\n\t<meta property=\"og:image:height\" content=\"1350\" \/>\n\t<meta property=\"og:image:type\" content=\"image\/jpeg\" \/>\n<meta name=\"twitter:card\" content=\"summary_large_image\" \/>\n<meta name=\"twitter:label1\" content=\"Est. reading time\" \/>\n\t<meta name=\"twitter:data1\" content=\"1 minute\" \/>\n<script type=\"application\/ld+json\" class=\"yoast-schema-graph\">{\"@context\":\"https:\/\/schema.org\",\"@graph\":[{\"@type\":\"WebPage\",\"@id\":\"https:\/\/tallinndesignhouse.com\/toode\/dressipluus-kirss-punane\/\",\"url\":\"https:\/\/tallinndesignhouse.com\/toode\/dressipluus-kirss-punane\/\",\"name\":\"Hannes R\u00fc\u00fctel Sweatshirt Kirss - Tallinn Design House\",\"isPartOf\":{\"@id\":\"https:\/\/tallinndesignhouse.com\/#website\"},\"primaryImageOfPage\":{\"@id\":\"https:\/\/tallinndesignhouse.com\/toode\/dressipluus-kirss-punane\/#primaryimage\"},\"image\":{\"@id\":\"https:\/\/tallinndesignhouse.com\/toode\/dressipluus-kirss-punane\/#primaryimage\"},\"thumbnailUrl\":\"https:\/\/tallinndesignhouse.com\/wp-content\/uploads\/2026\/03\/Hannes-Ruutel-pusa-Kirss-punane-2.jpg\",\"datePublished\":\"2026-03-25T08:05:06+00:00\",\"dateModified\":\"2026-04-16T22:01:37+00:00\",\"description\":\"Tikitud kirsiga punane dressipluus disainerilt Hannes R\u00fc\u00fctel. Valmistatud 100% orgaanilisest puuvillast (OEKO-TEX\u00ae, PETA-Approved Vegan). Vabama l\u00f5ikega.\",\"breadcrumb\":{\"@id\":\"https:\/\/tallinndesignhouse.com\/toode\/dressipluus-kirss-punane\/#breadcrumb\"},\"inLanguage\":\"en-US\",\"potentialAction\":[{\"@type\":\"ReadAction\",\"target\":[\"https:\/\/tallinndesignhouse.com\/toode\/dressipluus-kirss-punane\/\"]}]},{\"@type\":\"ImageObject\",\"inLanguage\":\"en-US\",\"@id\":\"https:\/\/tallinndesignhouse.com\/toode\/dressipluus-kirss-punane\/#primaryimage\",\"url\":\"https:\/\/tallinndesignhouse.com\/wp-content\/uploads\/2026\/03\/Hannes-Ruutel-pusa-Kirss-punane-2.jpg\",\"contentUrl\":\"https:\/\/tallinndesignhouse.com\/wp-content\/uploads\/2026\/03\/Hannes-Ruutel-pusa-Kirss-punane-2.jpg\",\"width\":1080,\"height\":1350,\"caption\":\"Hannes Ru\u0308u\u0308tel pusa Kirss punane 2\"},{\"@type\":\"BreadcrumbList\",\"@id\":\"https:\/\/tallinndesignhouse.com\/toode\/dressipluus-kirss-punane\/#breadcrumb\",\"itemListElement\":[{\"@type\":\"ListItem\",\"position\":1,\"name\":\"Home\",\"item\":\"https:\/\/tallinndesignhouse.com\/en\/\"},{\"@type\":\"ListItem\",\"position\":2,\"name\":\"Shop\",\"item\":\"https:\/\/tallinndesignhouse.com\/en\/shop\/\"},{\"@type\":\"ListItem\",\"position\":3,\"name\":\"Sweatshirt Kirss\"}]},{\"@type\":\"WebSite\",\"@id\":\"https:\/\/tallinndesignhouse.com\/#website\",\"url\":\"https:\/\/tallinndesignhouse.com\/\",\"name\":\"Tallinn Design House\",\"description\":\"Eesti disain Rotermanni kvartalis\",\"potentialAction\":[{\"@type\":\"SearchAction\",\"target\":{\"@type\":\"EntryPoint\",\"urlTemplate\":\"https:\/\/tallinndesignhouse.com\/?s={search_term_string}\"},\"query-input\":{\"@type\":\"PropertyValueSpecification\",\"valueRequired\":true,\"valueName\":\"search_term_string\"}}],\"inLanguage\":\"en-US\"}]}<\/script>\n<!-- \/ Yoast SEO plugin. -->","yoast_head_json":{"title":"Hannes R\u00fc\u00fctel Sweatshirt Kirss - Tallinn Design House","description":"Tikitud kirsiga punane dressipluus disainerilt Hannes R\u00fc\u00fctel. Valmistatud 100% orgaanilisest puuvillast (OEKO-TEX\u00ae, PETA-Approved Vegan). Vabama l\u00f5ikega.","robots":{"index":"index","follow":"follow","max-snippet":"max-snippet:-1","max-image-preview":"max-image-preview:large","max-video-preview":"max-video-preview:-1"},"canonical":"https:\/\/tallinndesignhouse.com\/toode\/dressipluus-kirss-punane\/","og_locale":"en_US","og_type":"article","og_title":"Hannes R\u00fc\u00fctel Sweatshirt Kirss - Tallinn Design House","og_description":"Tikitud kirsiga punane dressipluus disainerilt Hannes R\u00fc\u00fctel. Valmistatud 100% orgaanilisest puuvillast (OEKO-TEX\u00ae, PETA-Approved Vegan). Vabama l\u00f5ikega.","og_url":"https:\/\/tallinndesignhouse.com\/toode\/dressipluus-kirss-punane\/","og_site_name":"Tallinn Design House","article_modified_time":"2026-04-16T22:01:37+00:00","og_image":[{"width":1080,"height":1350,"url":"https:\/\/tallinndesignhouse.com\/wp-content\/uploads\/2026\/03\/Hannes-Ruutel-pusa-Kirss-punane-2.jpg","type":"image\/jpeg"}],"twitter_card":"summary_large_image","twitter_misc":{"Est. reading time":"1 minute"},"schema":{"@context":"https:\/\/schema.org","@graph":[{"@type":"WebPage","@id":"https:\/\/tallinndesignhouse.com\/toode\/dressipluus-kirss-punane\/","url":"https:\/\/tallinndesignhouse.com\/toode\/dressipluus-kirss-punane\/","name":"Hannes R\u00fc\u00fctel Sweatshirt Kirss - Tallinn Design House","isPartOf":{"@id":"https:\/\/tallinndesignhouse.com\/#website"},"primaryImageOfPage":{"@id":"https:\/\/tallinndesignhouse.com\/toode\/dressipluus-kirss-punane\/#primaryimage"},"image":{"@id":"https:\/\/tallinndesignhouse.com\/toode\/dressipluus-kirss-punane\/#primaryimage"},"thumbnailUrl":"https:\/\/tallinndesignhouse.com\/wp-content\/uploads\/2026\/03\/Hannes-Ruutel-pusa-Kirss-punane-2.jpg","datePublished":"2026-03-25T08:05:06+00:00","dateModified":"2026-04-16T22:01:37+00:00","description":"Tikitud kirsiga punane dressipluus disainerilt Hannes R\u00fc\u00fctel. Valmistatud 100% orgaanilisest puuvillast (OEKO-TEX\u00ae, PETA-Approved Vegan). Vabama l\u00f5ikega.","breadcrumb":{"@id":"https:\/\/tallinndesignhouse.com\/toode\/dressipluus-kirss-punane\/#breadcrumb"},"inLanguage":"en-US","potentialAction":[{"@type":"ReadAction","target":["https:\/\/tallinndesignhouse.com\/toode\/dressipluus-kirss-punane\/"]}]},{"@type":"ImageObject","inLanguage":"en-US","@id":"https:\/\/tallinndesignhouse.com\/toode\/dressipluus-kirss-punane\/#primaryimage","url":"https:\/\/tallinndesignhouse.com\/wp-content\/uploads\/2026\/03\/Hannes-Ruutel-pusa-Kirss-punane-2.jpg","contentUrl":"https:\/\/tallinndesignhouse.com\/wp-content\/uploads\/2026\/03\/Hannes-Ruutel-pusa-Kirss-punane-2.jpg","width":1080,"height":1350,"caption":"Hannes Ru\u0308u\u0308tel pusa Kirss punane 2"},{"@type":"BreadcrumbList","@id":"https:\/\/tallinndesignhouse.com\/toode\/dressipluus-kirss-punane\/#breadcrumb","itemListElement":[{"@type":"ListItem","position":1,"name":"Home","item":"https:\/\/tallinndesignhouse.com\/en\/"},{"@type":"ListItem","position":2,"name":"Shop","item":"https:\/\/tallinndesignhouse.com\/en\/shop\/"},{"@type":"ListItem","position":3,"name":"Sweatshirt Kirss"}]},{"@type":"WebSite","@id":"https:\/\/tallinndesignhouse.com\/#website","url":"https:\/\/tallinndesignhouse.com\/","name":"Tallinn Design House","description":"Eesti disain Rotermanni kvartalis","potentialAction":[{"@type":"SearchAction","target":{"@type":"EntryPoint","urlTemplate":"https:\/\/tallinndesignhouse.com\/?s={search_term_string}"},"query-input":{"@type":"PropertyValueSpecification","valueRequired":true,"valueName":"search_term_string"}}],"inLanguage":"en-US"}]}},"_links":{"self":[{"href":"https:\/\/tallinndesignhouse.com\/en\/wp-json\/wp\/v2\/product\/3391435","targetHints":{"allow":["GET"]}}],"collection":[{"href":"https:\/\/tallinndesignhouse.com\/en\/wp-json\/wp\/v2\/product"}],"about":[{"href":"https:\/\/tallinndesignhouse.com\/en\/wp-json\/wp\/v2\/types\/product"}],"wp:featuredmedia":[{"embeddable":true,"href":"https:\/\/tallinndesignhouse.com\/en\/wp-json\/wp\/v2\/media\/3391466"}],"wp:attachment":[{"href":"https:\/\/tallinndesignhouse.com\/en\/wp-json\/wp\/v2\/media?parent=3391435"}],"wp:term":[{"taxonomy":"product_brand","embeddable":true,"href":"https:\/\/tallinndesignhouse.com\/en\/wp-json\/wp\/v2\/product_brand?post=3391435"},{"taxonomy":"product_cat","embeddable":true,"href":"https:\/\/tallinndesignhouse.com\/en\/wp-json\/wp\/v2\/product_cat?post=3391435"},{"taxonomy":"product_tag","embeddable":true,"href":"https:\/\/tallinndesignhouse.com\/en\/wp-json\/wp\/v2\/product_tag?post=3391435"}],"curies":[{"name":"wp","href":"https:\/\/api.w.org\/{rel}","templated":true}]}}