{"id":3391631,"date":"2026-03-25T14:35:19","date_gmt":"2026-03-25T12:35:19","guid":{"rendered":"https:\/\/tallinndesignhouse.com\/toode\/murumuts\/"},"modified":"2026-05-14T01:02:58","modified_gmt":"2026-05-13T22:02:58","slug":"murumuts","status":"publish","type":"product","link":"https:\/\/tallinndesignhouse.com\/en\/toode\/murumuts\/","title":{"rendered":"Cap"},"content":{"rendered":"<p>The Saarmas cap is a soft and characterful headpiece combining comfort with playful design. Available in different colours like Emerald, Otter, Raspberry and Lime, each with its own distinct personality. Features an embroidered otter on the edge and an adjustable buckle at the back. Made from rescued fabric remnants, 100% cotton and sewn in Estonia, each batch is small and unique<\/p>\n","protected":false},"excerpt":{"rendered":"<p>The Saarmas cap is a soft and characterful headpiece combining comfort with playful design. Available in different colours like Emerald, Otter, Raspberry and Lime, each with its own distinct personality. Features an embroidered otter on the edge and an adjustable buckle at the back. Made from rescued fabric remnants, 100% cotton and sewn in Estonia, [&hellip;]<\/p>\n","protected":false},"featured_media":3391698,"template":"","meta":{"_acf_changed":false},"product_brand":[],"product_cat":[1972,3296],"product_tag":[2818,2820],"class_list":{"0":"post-3391631","1":"product","2":"type-product","3":"status-publish","4":"has-post-thumbnail","6":"product_cat-headwear-and-scarves","7":"product_cat-accessories-en","8":"product_tag-naised","9":"product_tag-mehed","10":"pa_brand-saarmas","12":"pa_varv-beez","14":"pa_varv-tellis","15":"pa_varv-pruun","16":"pa_varv-tumesinine","17":"pa_varv-tumeroheline","18":"pa_varv-tumelilla","19":"pa_varv-heleroosa","20":"pa_varv-khaki","22":"pa_varv-laimiroheline","24":"pa_varv-lilla","26":"pa_varv-roosa","34":"pa_varv-turkiis","37":"first","38":"instock","39":"taxable","40":"shipping-taxable","41":"purchasable","42":"product-type-variable"},"acf":[],"yoast_head":"<!-- This site is optimized with the Yoast SEO plugin v26.0 - https:\/\/yoast.com\/wordpress\/plugins\/seo\/ -->\n<title>Saarmas Cap - Tallinn Design House<\/title>\n<meta name=\"description\" content=\"Saarmase murum\u00fcts on pehme ja iseloomuga peakate, mis \u00fchendab mugavuse ja m\u00e4ngulise disaini. Valmistatud p\u00e4\u00e4stetud kangaj\u00e4\u00e4kidest.\" \/>\n<meta name=\"robots\" content=\"index, follow, max-snippet:-1, max-image-preview:large, max-video-preview:-1\" \/>\n<link rel=\"canonical\" href=\"https:\/\/tallinndesignhouse.com\/toode\/murumuts\/\" \/>\n<meta property=\"og:locale\" content=\"en_US\" \/>\n<meta property=\"og:type\" content=\"article\" \/>\n<meta property=\"og:title\" content=\"Saarmas Cap - Tallinn Design House\" \/>\n<meta property=\"og:description\" content=\"Saarmase murum\u00fcts on pehme ja iseloomuga peakate, mis \u00fchendab mugavuse ja m\u00e4ngulise disaini. Valmistatud p\u00e4\u00e4stetud kangaj\u00e4\u00e4kidest.\" \/>\n<meta property=\"og:url\" content=\"https:\/\/tallinndesignhouse.com\/toode\/murumuts\/\" \/>\n<meta property=\"og:site_name\" content=\"Tallinn Design House\" \/>\n<meta property=\"article:modified_time\" content=\"2026-05-13T22:02:58+00:00\" \/>\n<meta property=\"og:image\" content=\"https:\/\/tallinndesignhouse.com\/wp-content\/uploads\/2026\/03\/Saarmas-Murumuts-smaragd-2.jpg\" \/>\n\t<meta property=\"og:image:width\" content=\"1080\" \/>\n\t<meta property=\"og:image:height\" content=\"1350\" \/>\n\t<meta property=\"og:image:type\" content=\"image\/jpeg\" \/>\n<meta name=\"twitter:card\" content=\"summary_large_image\" \/>\n<script type=\"application\/ld+json\" class=\"yoast-schema-graph\">{\"@context\":\"https:\/\/schema.org\",\"@graph\":[{\"@type\":\"WebPage\",\"@id\":\"https:\/\/tallinndesignhouse.com\/toode\/murumuts\/\",\"url\":\"https:\/\/tallinndesignhouse.com\/toode\/murumuts\/\",\"name\":\"Saarmas Cap - Tallinn Design House\",\"isPartOf\":{\"@id\":\"https:\/\/tallinndesignhouse.com\/#website\"},\"primaryImageOfPage\":{\"@id\":\"https:\/\/tallinndesignhouse.com\/toode\/murumuts\/#primaryimage\"},\"image\":{\"@id\":\"https:\/\/tallinndesignhouse.com\/toode\/murumuts\/#primaryimage\"},\"thumbnailUrl\":\"https:\/\/tallinndesignhouse.com\/wp-content\/uploads\/2026\/03\/Saarmas-Murumuts-smaragd-2.jpg\",\"datePublished\":\"2026-03-25T12:35:19+00:00\",\"dateModified\":\"2026-05-13T22:02:58+00:00\",\"description\":\"Saarmase murum\u00fcts on pehme ja iseloomuga peakate, mis \u00fchendab mugavuse ja m\u00e4ngulise disaini. Valmistatud p\u00e4\u00e4stetud kangaj\u00e4\u00e4kidest.\",\"breadcrumb\":{\"@id\":\"https:\/\/tallinndesignhouse.com\/toode\/murumuts\/#breadcrumb\"},\"inLanguage\":\"en-US\",\"potentialAction\":[{\"@type\":\"ReadAction\",\"target\":[\"https:\/\/tallinndesignhouse.com\/toode\/murumuts\/\"]}]},{\"@type\":\"ImageObject\",\"inLanguage\":\"en-US\",\"@id\":\"https:\/\/tallinndesignhouse.com\/toode\/murumuts\/#primaryimage\",\"url\":\"https:\/\/tallinndesignhouse.com\/wp-content\/uploads\/2026\/03\/Saarmas-Murumuts-smaragd-2.jpg\",\"contentUrl\":\"https:\/\/tallinndesignhouse.com\/wp-content\/uploads\/2026\/03\/Saarmas-Murumuts-smaragd-2.jpg\",\"width\":1080,\"height\":1350,\"caption\":\"Saarmas Murumu\u0308ts smaragd 2\"},{\"@type\":\"BreadcrumbList\",\"@id\":\"https:\/\/tallinndesignhouse.com\/toode\/murumuts\/#breadcrumb\",\"itemListElement\":[{\"@type\":\"ListItem\",\"position\":1,\"name\":\"Home\",\"item\":\"https:\/\/tallinndesignhouse.com\/en\/\"},{\"@type\":\"ListItem\",\"position\":2,\"name\":\"Shop\",\"item\":\"https:\/\/tallinndesignhouse.com\/en\/shop\/\"},{\"@type\":\"ListItem\",\"position\":3,\"name\":\"Cap\"}]},{\"@type\":\"WebSite\",\"@id\":\"https:\/\/tallinndesignhouse.com\/#website\",\"url\":\"https:\/\/tallinndesignhouse.com\/\",\"name\":\"Tallinn Design House\",\"description\":\"Eesti disain Rotermanni kvartalis\",\"potentialAction\":[{\"@type\":\"SearchAction\",\"target\":{\"@type\":\"EntryPoint\",\"urlTemplate\":\"https:\/\/tallinndesignhouse.com\/?s={search_term_string}\"},\"query-input\":{\"@type\":\"PropertyValueSpecification\",\"valueRequired\":true,\"valueName\":\"search_term_string\"}}],\"inLanguage\":\"en-US\"}]}<\/script>\n<!-- \/ Yoast SEO plugin. -->","yoast_head_json":{"title":"Saarmas Cap - Tallinn Design House","description":"Saarmase murum\u00fcts on pehme ja iseloomuga peakate, mis \u00fchendab mugavuse ja m\u00e4ngulise disaini. Valmistatud p\u00e4\u00e4stetud kangaj\u00e4\u00e4kidest.","robots":{"index":"index","follow":"follow","max-snippet":"max-snippet:-1","max-image-preview":"max-image-preview:large","max-video-preview":"max-video-preview:-1"},"canonical":"https:\/\/tallinndesignhouse.com\/toode\/murumuts\/","og_locale":"en_US","og_type":"article","og_title":"Saarmas Cap - Tallinn Design House","og_description":"Saarmase murum\u00fcts on pehme ja iseloomuga peakate, mis \u00fchendab mugavuse ja m\u00e4ngulise disaini. Valmistatud p\u00e4\u00e4stetud kangaj\u00e4\u00e4kidest.","og_url":"https:\/\/tallinndesignhouse.com\/toode\/murumuts\/","og_site_name":"Tallinn Design House","article_modified_time":"2026-05-13T22:02:58+00:00","og_image":[{"width":1080,"height":1350,"url":"https:\/\/tallinndesignhouse.com\/wp-content\/uploads\/2026\/03\/Saarmas-Murumuts-smaragd-2.jpg","type":"image\/jpeg"}],"twitter_card":"summary_large_image","schema":{"@context":"https:\/\/schema.org","@graph":[{"@type":"WebPage","@id":"https:\/\/tallinndesignhouse.com\/toode\/murumuts\/","url":"https:\/\/tallinndesignhouse.com\/toode\/murumuts\/","name":"Saarmas Cap - Tallinn Design House","isPartOf":{"@id":"https:\/\/tallinndesignhouse.com\/#website"},"primaryImageOfPage":{"@id":"https:\/\/tallinndesignhouse.com\/toode\/murumuts\/#primaryimage"},"image":{"@id":"https:\/\/tallinndesignhouse.com\/toode\/murumuts\/#primaryimage"},"thumbnailUrl":"https:\/\/tallinndesignhouse.com\/wp-content\/uploads\/2026\/03\/Saarmas-Murumuts-smaragd-2.jpg","datePublished":"2026-03-25T12:35:19+00:00","dateModified":"2026-05-13T22:02:58+00:00","description":"Saarmase murum\u00fcts on pehme ja iseloomuga peakate, mis \u00fchendab mugavuse ja m\u00e4ngulise disaini. Valmistatud p\u00e4\u00e4stetud kangaj\u00e4\u00e4kidest.","breadcrumb":{"@id":"https:\/\/tallinndesignhouse.com\/toode\/murumuts\/#breadcrumb"},"inLanguage":"en-US","potentialAction":[{"@type":"ReadAction","target":["https:\/\/tallinndesignhouse.com\/toode\/murumuts\/"]}]},{"@type":"ImageObject","inLanguage":"en-US","@id":"https:\/\/tallinndesignhouse.com\/toode\/murumuts\/#primaryimage","url":"https:\/\/tallinndesignhouse.com\/wp-content\/uploads\/2026\/03\/Saarmas-Murumuts-smaragd-2.jpg","contentUrl":"https:\/\/tallinndesignhouse.com\/wp-content\/uploads\/2026\/03\/Saarmas-Murumuts-smaragd-2.jpg","width":1080,"height":1350,"caption":"Saarmas Murumu\u0308ts smaragd 2"},{"@type":"BreadcrumbList","@id":"https:\/\/tallinndesignhouse.com\/toode\/murumuts\/#breadcrumb","itemListElement":[{"@type":"ListItem","position":1,"name":"Home","item":"https:\/\/tallinndesignhouse.com\/en\/"},{"@type":"ListItem","position":2,"name":"Shop","item":"https:\/\/tallinndesignhouse.com\/en\/shop\/"},{"@type":"ListItem","position":3,"name":"Cap"}]},{"@type":"WebSite","@id":"https:\/\/tallinndesignhouse.com\/#website","url":"https:\/\/tallinndesignhouse.com\/","name":"Tallinn Design House","description":"Eesti disain Rotermanni kvartalis","potentialAction":[{"@type":"SearchAction","target":{"@type":"EntryPoint","urlTemplate":"https:\/\/tallinndesignhouse.com\/?s={search_term_string}"},"query-input":{"@type":"PropertyValueSpecification","valueRequired":true,"valueName":"search_term_string"}}],"inLanguage":"en-US"}]}},"_links":{"self":[{"href":"https:\/\/tallinndesignhouse.com\/en\/wp-json\/wp\/v2\/product\/3391631","targetHints":{"allow":["GET"]}}],"collection":[{"href":"https:\/\/tallinndesignhouse.com\/en\/wp-json\/wp\/v2\/product"}],"about":[{"href":"https:\/\/tallinndesignhouse.com\/en\/wp-json\/wp\/v2\/types\/product"}],"wp:featuredmedia":[{"embeddable":true,"href":"https:\/\/tallinndesignhouse.com\/en\/wp-json\/wp\/v2\/media\/3391698"}],"wp:attachment":[{"href":"https:\/\/tallinndesignhouse.com\/en\/wp-json\/wp\/v2\/media?parent=3391631"}],"wp:term":[{"taxonomy":"product_brand","embeddable":true,"href":"https:\/\/tallinndesignhouse.com\/en\/wp-json\/wp\/v2\/product_brand?post=3391631"},{"taxonomy":"product_cat","embeddable":true,"href":"https:\/\/tallinndesignhouse.com\/en\/wp-json\/wp\/v2\/product_cat?post=3391631"},{"taxonomy":"product_tag","embeddable":true,"href":"https:\/\/tallinndesignhouse.com\/en\/wp-json\/wp\/v2\/product_tag?post=3391631"}],"curies":[{"name":"wp","href":"https:\/\/api.w.org\/{rel}","templated":true}]}}