{"id":3391751,"date":"2026-03-26T09:05:06","date_gmt":"2026-03-26T07:05:06","guid":{"rendered":"https:\/\/tallinndesignhouse.com\/toode\/dressipluus-oui-lavendel\/"},"modified":"2026-04-18T01:01:59","modified_gmt":"2026-04-17T22:01:59","slug":"dressipluus-oui-lavendel","status":"publish","type":"product","link":"https:\/\/tallinndesignhouse.com\/en\/toode\/dressipluus-oui-lavendel\/","title":{"rendered":"Sweatshirt OIU Lavender"},"content":{"rendered":"<p>A lavender sweatshirt OIU by Hannes R\u00fc\u00fctel. Made from a blend of organic cotton and recycled polyester and certified by OEKO-TEX\u00ae and PETA-Approved Vegan standards. Unisex and relaxed fit. Ready-made product with unique embroidery designed by Hannes R\u00fc\u00fctel. Sizes: S (chest 104 cm, length 68 cm), M (chest 110 cm, length 70 cm), L (chest 116 cm, length 72 cm), XL (chest 120 cm, length 74 cm). Care: machine wash at 30\u00b0C.<\/p>\n","protected":false},"excerpt":{"rendered":"<p>A lavender sweatshirt OIU by Hannes R\u00fc\u00fctel. Made from a blend of organic cotton and recycled polyester and certified by OEKO-TEX\u00ae and PETA-Approved Vegan standards. Unisex and relaxed fit. Ready-made product with unique embroidery designed by Hannes R\u00fc\u00fctel. Sizes: S (chest 104 cm, length 68 cm), M (chest 110 cm, length 70 cm), L (chest [&hellip;]<\/p>\n","protected":false},"featured_media":3391757,"template":"","meta":{"_acf_changed":false},"product_brand":[],"product_cat":[888,887],"product_tag":[2818,2820],"class_list":{"0":"post-3391751","1":"product","2":"type-product","3":"status-publish","4":"has-post-thumbnail","6":"product_cat-sargid_ja_pluusid","7":"product_cat-roivad","8":"product_tag-naised","9":"product_tag-mehed","10":"pa_brand-hannes-ruutel","12":"pa_suurus-l","14":"pa_suurus-m","17":"first","18":"instock","19":"taxable","20":"shipping-taxable","21":"purchasable","22":"product-type-variable"},"acf":[],"yoast_head":"<!-- This site is optimized with the Yoast SEO plugin v26.0 - https:\/\/yoast.com\/wordpress\/plugins\/seo\/ -->\n<title>Hannes R\u00fc\u00fctel Sweatshirt OIU Lavender - Tallinn Design House<\/title>\n<meta name=\"description\" content=\"Lavendliv\u00e4rvi dressipluus OIU disainerilt Hannes R\u00fc\u00fctel. Valmistatud orgaanilise puuvilla ja taaskasutatud pol\u00fcestri segust.\" \/>\n<meta name=\"robots\" content=\"index, follow, max-snippet:-1, max-image-preview:large, max-video-preview:-1\" \/>\n<link rel=\"canonical\" href=\"https:\/\/tallinndesignhouse.com\/toode\/dressipluus-oui-lavendel\/\" \/>\n<meta property=\"og:locale\" content=\"en_US\" \/>\n<meta property=\"og:type\" content=\"article\" \/>\n<meta property=\"og:title\" content=\"Hannes R\u00fc\u00fctel Sweatshirt OIU Lavender - Tallinn Design House\" \/>\n<meta property=\"og:description\" content=\"Lavendliv\u00e4rvi dressipluus OIU disainerilt Hannes R\u00fc\u00fctel. Valmistatud orgaanilise puuvilla ja taaskasutatud pol\u00fcestri segust.\" \/>\n<meta property=\"og:url\" content=\"https:\/\/tallinndesignhouse.com\/toode\/dressipluus-oui-lavendel\/\" \/>\n<meta property=\"og:site_name\" content=\"Tallinn Design House\" \/>\n<meta property=\"article:modified_time\" content=\"2026-04-17T22:01:59+00:00\" \/>\n<meta property=\"og:image\" content=\"https:\/\/tallinndesignhouse.com\/wp-content\/uploads\/2026\/03\/Hannes-Ruutel-dressipluus-OIU-lavendel.jpg\" \/>\n\t<meta property=\"og:image:width\" content=\"1080\" \/>\n\t<meta property=\"og:image:height\" content=\"1350\" \/>\n\t<meta property=\"og:image:type\" content=\"image\/jpeg\" \/>\n<meta name=\"twitter:card\" content=\"summary_large_image\" \/>\n<script type=\"application\/ld+json\" class=\"yoast-schema-graph\">{\"@context\":\"https:\/\/schema.org\",\"@graph\":[{\"@type\":\"WebPage\",\"@id\":\"https:\/\/tallinndesignhouse.com\/toode\/dressipluus-oui-lavendel\/\",\"url\":\"https:\/\/tallinndesignhouse.com\/toode\/dressipluus-oui-lavendel\/\",\"name\":\"Hannes R\u00fc\u00fctel Sweatshirt OIU Lavender - Tallinn Design House\",\"isPartOf\":{\"@id\":\"https:\/\/tallinndesignhouse.com\/#website\"},\"primaryImageOfPage\":{\"@id\":\"https:\/\/tallinndesignhouse.com\/toode\/dressipluus-oui-lavendel\/#primaryimage\"},\"image\":{\"@id\":\"https:\/\/tallinndesignhouse.com\/toode\/dressipluus-oui-lavendel\/#primaryimage\"},\"thumbnailUrl\":\"https:\/\/tallinndesignhouse.com\/wp-content\/uploads\/2026\/03\/Hannes-Ruutel-dressipluus-OIU-lavendel.jpg\",\"datePublished\":\"2026-03-26T07:05:06+00:00\",\"dateModified\":\"2026-04-17T22:01:59+00:00\",\"description\":\"Lavendliv\u00e4rvi dressipluus OIU disainerilt Hannes R\u00fc\u00fctel. Valmistatud orgaanilise puuvilla ja taaskasutatud pol\u00fcestri segust.\",\"breadcrumb\":{\"@id\":\"https:\/\/tallinndesignhouse.com\/toode\/dressipluus-oui-lavendel\/#breadcrumb\"},\"inLanguage\":\"en-US\",\"potentialAction\":[{\"@type\":\"ReadAction\",\"target\":[\"https:\/\/tallinndesignhouse.com\/toode\/dressipluus-oui-lavendel\/\"]}]},{\"@type\":\"ImageObject\",\"inLanguage\":\"en-US\",\"@id\":\"https:\/\/tallinndesignhouse.com\/toode\/dressipluus-oui-lavendel\/#primaryimage\",\"url\":\"https:\/\/tallinndesignhouse.com\/wp-content\/uploads\/2026\/03\/Hannes-Ruutel-dressipluus-OIU-lavendel.jpg\",\"contentUrl\":\"https:\/\/tallinndesignhouse.com\/wp-content\/uploads\/2026\/03\/Hannes-Ruutel-dressipluus-OIU-lavendel.jpg\",\"width\":1080,\"height\":1350,\"caption\":\"Hannes Ru\u0308u\u0308tel dressipluus OIU lavendel\"},{\"@type\":\"BreadcrumbList\",\"@id\":\"https:\/\/tallinndesignhouse.com\/toode\/dressipluus-oui-lavendel\/#breadcrumb\",\"itemListElement\":[{\"@type\":\"ListItem\",\"position\":1,\"name\":\"Home\",\"item\":\"https:\/\/tallinndesignhouse.com\/en\/\"},{\"@type\":\"ListItem\",\"position\":2,\"name\":\"Shop\",\"item\":\"https:\/\/tallinndesignhouse.com\/en\/shop\/\"},{\"@type\":\"ListItem\",\"position\":3,\"name\":\"Sweatshirt OIU Lavender\"}]},{\"@type\":\"WebSite\",\"@id\":\"https:\/\/tallinndesignhouse.com\/#website\",\"url\":\"https:\/\/tallinndesignhouse.com\/\",\"name\":\"Tallinn Design House\",\"description\":\"Eesti disain Rotermanni kvartalis\",\"potentialAction\":[{\"@type\":\"SearchAction\",\"target\":{\"@type\":\"EntryPoint\",\"urlTemplate\":\"https:\/\/tallinndesignhouse.com\/?s={search_term_string}\"},\"query-input\":{\"@type\":\"PropertyValueSpecification\",\"valueRequired\":true,\"valueName\":\"search_term_string\"}}],\"inLanguage\":\"en-US\"}]}<\/script>\n<!-- \/ Yoast SEO plugin. -->","yoast_head_json":{"title":"Hannes R\u00fc\u00fctel Sweatshirt OIU Lavender - Tallinn Design House","description":"Lavendliv\u00e4rvi dressipluus OIU disainerilt Hannes R\u00fc\u00fctel. Valmistatud orgaanilise puuvilla ja taaskasutatud pol\u00fcestri segust.","robots":{"index":"index","follow":"follow","max-snippet":"max-snippet:-1","max-image-preview":"max-image-preview:large","max-video-preview":"max-video-preview:-1"},"canonical":"https:\/\/tallinndesignhouse.com\/toode\/dressipluus-oui-lavendel\/","og_locale":"en_US","og_type":"article","og_title":"Hannes R\u00fc\u00fctel Sweatshirt OIU Lavender - Tallinn Design House","og_description":"Lavendliv\u00e4rvi dressipluus OIU disainerilt Hannes R\u00fc\u00fctel. Valmistatud orgaanilise puuvilla ja taaskasutatud pol\u00fcestri segust.","og_url":"https:\/\/tallinndesignhouse.com\/toode\/dressipluus-oui-lavendel\/","og_site_name":"Tallinn Design House","article_modified_time":"2026-04-17T22:01:59+00:00","og_image":[{"width":1080,"height":1350,"url":"https:\/\/tallinndesignhouse.com\/wp-content\/uploads\/2026\/03\/Hannes-Ruutel-dressipluus-OIU-lavendel.jpg","type":"image\/jpeg"}],"twitter_card":"summary_large_image","schema":{"@context":"https:\/\/schema.org","@graph":[{"@type":"WebPage","@id":"https:\/\/tallinndesignhouse.com\/toode\/dressipluus-oui-lavendel\/","url":"https:\/\/tallinndesignhouse.com\/toode\/dressipluus-oui-lavendel\/","name":"Hannes R\u00fc\u00fctel Sweatshirt OIU Lavender - Tallinn Design House","isPartOf":{"@id":"https:\/\/tallinndesignhouse.com\/#website"},"primaryImageOfPage":{"@id":"https:\/\/tallinndesignhouse.com\/toode\/dressipluus-oui-lavendel\/#primaryimage"},"image":{"@id":"https:\/\/tallinndesignhouse.com\/toode\/dressipluus-oui-lavendel\/#primaryimage"},"thumbnailUrl":"https:\/\/tallinndesignhouse.com\/wp-content\/uploads\/2026\/03\/Hannes-Ruutel-dressipluus-OIU-lavendel.jpg","datePublished":"2026-03-26T07:05:06+00:00","dateModified":"2026-04-17T22:01:59+00:00","description":"Lavendliv\u00e4rvi dressipluus OIU disainerilt Hannes R\u00fc\u00fctel. Valmistatud orgaanilise puuvilla ja taaskasutatud pol\u00fcestri segust.","breadcrumb":{"@id":"https:\/\/tallinndesignhouse.com\/toode\/dressipluus-oui-lavendel\/#breadcrumb"},"inLanguage":"en-US","potentialAction":[{"@type":"ReadAction","target":["https:\/\/tallinndesignhouse.com\/toode\/dressipluus-oui-lavendel\/"]}]},{"@type":"ImageObject","inLanguage":"en-US","@id":"https:\/\/tallinndesignhouse.com\/toode\/dressipluus-oui-lavendel\/#primaryimage","url":"https:\/\/tallinndesignhouse.com\/wp-content\/uploads\/2026\/03\/Hannes-Ruutel-dressipluus-OIU-lavendel.jpg","contentUrl":"https:\/\/tallinndesignhouse.com\/wp-content\/uploads\/2026\/03\/Hannes-Ruutel-dressipluus-OIU-lavendel.jpg","width":1080,"height":1350,"caption":"Hannes Ru\u0308u\u0308tel dressipluus OIU lavendel"},{"@type":"BreadcrumbList","@id":"https:\/\/tallinndesignhouse.com\/toode\/dressipluus-oui-lavendel\/#breadcrumb","itemListElement":[{"@type":"ListItem","position":1,"name":"Home","item":"https:\/\/tallinndesignhouse.com\/en\/"},{"@type":"ListItem","position":2,"name":"Shop","item":"https:\/\/tallinndesignhouse.com\/en\/shop\/"},{"@type":"ListItem","position":3,"name":"Sweatshirt OIU Lavender"}]},{"@type":"WebSite","@id":"https:\/\/tallinndesignhouse.com\/#website","url":"https:\/\/tallinndesignhouse.com\/","name":"Tallinn Design House","description":"Eesti disain Rotermanni kvartalis","potentialAction":[{"@type":"SearchAction","target":{"@type":"EntryPoint","urlTemplate":"https:\/\/tallinndesignhouse.com\/?s={search_term_string}"},"query-input":{"@type":"PropertyValueSpecification","valueRequired":true,"valueName":"search_term_string"}}],"inLanguage":"en-US"}]}},"_links":{"self":[{"href":"https:\/\/tallinndesignhouse.com\/en\/wp-json\/wp\/v2\/product\/3391751","targetHints":{"allow":["GET"]}}],"collection":[{"href":"https:\/\/tallinndesignhouse.com\/en\/wp-json\/wp\/v2\/product"}],"about":[{"href":"https:\/\/tallinndesignhouse.com\/en\/wp-json\/wp\/v2\/types\/product"}],"wp:featuredmedia":[{"embeddable":true,"href":"https:\/\/tallinndesignhouse.com\/en\/wp-json\/wp\/v2\/media\/3391757"}],"wp:attachment":[{"href":"https:\/\/tallinndesignhouse.com\/en\/wp-json\/wp\/v2\/media?parent=3391751"}],"wp:term":[{"taxonomy":"product_brand","embeddable":true,"href":"https:\/\/tallinndesignhouse.com\/en\/wp-json\/wp\/v2\/product_brand?post=3391751"},{"taxonomy":"product_cat","embeddable":true,"href":"https:\/\/tallinndesignhouse.com\/en\/wp-json\/wp\/v2\/product_cat?post=3391751"},{"taxonomy":"product_tag","embeddable":true,"href":"https:\/\/tallinndesignhouse.com\/en\/wp-json\/wp\/v2\/product_tag?post=3391751"}],"curies":[{"name":"wp","href":"https:\/\/api.w.org\/{rel}","templated":true}]}}