{"id":3391793,"date":"2026-03-30T11:20:04","date_gmt":"2026-03-30T08:20:04","guid":{"rendered":"https:\/\/tallinndesignhouse.com\/toode\/lohnakuunal-cashmere-sandalwood-220g\/"},"modified":"2026-05-13T00:57:01","modified_gmt":"2026-05-12T21:57:01","slug":"lohnakuunal-cashmere-sandalwood-220g","status":"publish","type":"product","link":"https:\/\/tallinndesignhouse.com\/en\/toode\/lohnakuunal-cashmere-sandalwood-220g\/","title":{"rendered":"Scented Candle Cashmere &#038; Sandalwood"},"content":{"rendered":"<p>The Cashmere &#038; Sandalwood scented candle from the JOIK Parfumerie collection brings a soft and luxurious fragrance, where spicy cardamom and elemi blend with iris, patchouli and cedarwood, finishing with warm sandalwood, musk and amber. The candle burns for up to 45 hours and is made from GMO-free rapeseed wax that burns cleanly and is vegan-friendly. Ingredients: rapeseed wax, fragrance.<\/p>\n","protected":false},"excerpt":{"rendered":"<p>The Cashmere &#038; Sandalwood scented candle from the JOIK Parfumerie collection brings a soft and luxurious fragrance, where spicy cardamom and elemi blend with iris, patchouli and cedarwood, finishing with warm sandalwood, musk and amber. The candle burns for up to 45 hours and is made from GMO-free rapeseed wax that burns cleanly and is [&hellip;]<\/p>\n","protected":false},"featured_media":3391823,"template":"","meta":{"_acf_changed":false},"product_brand":[],"product_cat":[890,875],"product_tag":[1828],"class_list":{"0":"post-3391793","1":"product","2":"type-product","3":"status-publish","4":"has-post-thumbnail","6":"product_cat-sisustustooted","7":"product_cat-kodu","8":"product_tag-kodu","9":"pa_brand-joik-en","10":"pa_brand-joik","11":"pa_kingiidee-jah","12":"pa_kingiidee-yes-en","14":"first","15":"instock","16":"taxable","17":"shipping-taxable","18":"purchasable","19":"product-type-simple"},"acf":[],"yoast_head":"<!-- This site is optimized with the Yoast SEO plugin v26.0 - https:\/\/yoast.com\/wordpress\/plugins\/seo\/ -->\n<title>Joik Scented Candle Cashmere &amp; Sandalwood - Tallinn Design House<\/title>\n<meta name=\"description\" content=\"Cashmere &amp; Sandalwood l\u00f5hnak\u00fc\u00fcnal JOIK Parfumerie kollektsioonist toob ruumi pehme ja luksusliku aroomi. Koostis: rapsivaha, parf\u00fc\u00fcm.\" \/>\n<meta name=\"robots\" content=\"index, follow, max-snippet:-1, max-image-preview:large, max-video-preview:-1\" \/>\n<link rel=\"canonical\" href=\"https:\/\/tallinndesignhouse.com\/toode\/lohnakuunal-cashmere-sandalwood-220g\/\" \/>\n<meta property=\"og:locale\" content=\"en_US\" \/>\n<meta property=\"og:type\" content=\"article\" \/>\n<meta property=\"og:title\" content=\"Joik Scented Candle Cashmere &amp; Sandalwood - Tallinn Design House\" \/>\n<meta property=\"og:description\" content=\"Cashmere &amp; Sandalwood l\u00f5hnak\u00fc\u00fcnal JOIK Parfumerie kollektsioonist toob ruumi pehme ja luksusliku aroomi. Koostis: rapsivaha, parf\u00fc\u00fcm.\" \/>\n<meta property=\"og:url\" content=\"https:\/\/tallinndesignhouse.com\/toode\/lohnakuunal-cashmere-sandalwood-220g\/\" \/>\n<meta property=\"og:site_name\" content=\"Tallinn Design House\" \/>\n<meta property=\"article:modified_time\" content=\"2026-05-12T21:57:01+00:00\" \/>\n<meta property=\"og:image\" content=\"https:\/\/tallinndesignhouse.com\/wp-content\/uploads\/2026\/03\/Joik-Lohnakuunal-Cashmere-Sandalwood-1.jpg\" \/>\n\t<meta property=\"og:image:width\" content=\"1080\" \/>\n\t<meta property=\"og:image:height\" content=\"1350\" \/>\n\t<meta property=\"og:image:type\" content=\"image\/jpeg\" \/>\n<meta name=\"twitter:card\" content=\"summary_large_image\" \/>\n<script type=\"application\/ld+json\" class=\"yoast-schema-graph\">{\"@context\":\"https:\/\/schema.org\",\"@graph\":[{\"@type\":\"WebPage\",\"@id\":\"https:\/\/tallinndesignhouse.com\/toode\/lohnakuunal-cashmere-sandalwood-220g\/\",\"url\":\"https:\/\/tallinndesignhouse.com\/toode\/lohnakuunal-cashmere-sandalwood-220g\/\",\"name\":\"Joik Scented Candle Cashmere & Sandalwood - Tallinn Design House\",\"isPartOf\":{\"@id\":\"https:\/\/tallinndesignhouse.com\/#website\"},\"primaryImageOfPage\":{\"@id\":\"https:\/\/tallinndesignhouse.com\/toode\/lohnakuunal-cashmere-sandalwood-220g\/#primaryimage\"},\"image\":{\"@id\":\"https:\/\/tallinndesignhouse.com\/toode\/lohnakuunal-cashmere-sandalwood-220g\/#primaryimage\"},\"thumbnailUrl\":\"https:\/\/tallinndesignhouse.com\/wp-content\/uploads\/2026\/03\/Joik-Lohnakuunal-Cashmere-Sandalwood-1.jpg\",\"datePublished\":\"2026-03-30T08:20:04+00:00\",\"dateModified\":\"2026-05-12T21:57:01+00:00\",\"description\":\"Cashmere & Sandalwood l\u00f5hnak\u00fc\u00fcnal JOIK Parfumerie kollektsioonist toob ruumi pehme ja luksusliku aroomi. Koostis: rapsivaha, parf\u00fc\u00fcm.\",\"breadcrumb\":{\"@id\":\"https:\/\/tallinndesignhouse.com\/toode\/lohnakuunal-cashmere-sandalwood-220g\/#breadcrumb\"},\"inLanguage\":\"en-US\",\"potentialAction\":[{\"@type\":\"ReadAction\",\"target\":[\"https:\/\/tallinndesignhouse.com\/toode\/lohnakuunal-cashmere-sandalwood-220g\/\"]}]},{\"@type\":\"ImageObject\",\"inLanguage\":\"en-US\",\"@id\":\"https:\/\/tallinndesignhouse.com\/toode\/lohnakuunal-cashmere-sandalwood-220g\/#primaryimage\",\"url\":\"https:\/\/tallinndesignhouse.com\/wp-content\/uploads\/2026\/03\/Joik-Lohnakuunal-Cashmere-Sandalwood-1.jpg\",\"contentUrl\":\"https:\/\/tallinndesignhouse.com\/wp-content\/uploads\/2026\/03\/Joik-Lohnakuunal-Cashmere-Sandalwood-1.jpg\",\"width\":1080,\"height\":1350,\"caption\":\"Joik Lo\u0303hnaku\u0308u\u0308nal Cashmere & Sandalwood 1\"},{\"@type\":\"BreadcrumbList\",\"@id\":\"https:\/\/tallinndesignhouse.com\/toode\/lohnakuunal-cashmere-sandalwood-220g\/#breadcrumb\",\"itemListElement\":[{\"@type\":\"ListItem\",\"position\":1,\"name\":\"Home\",\"item\":\"https:\/\/tallinndesignhouse.com\/en\/\"},{\"@type\":\"ListItem\",\"position\":2,\"name\":\"Shop\",\"item\":\"https:\/\/tallinndesignhouse.com\/en\/shop\/\"},{\"@type\":\"ListItem\",\"position\":3,\"name\":\"Scented Candle Cashmere &#038; Sandalwood\"}]},{\"@type\":\"WebSite\",\"@id\":\"https:\/\/tallinndesignhouse.com\/#website\",\"url\":\"https:\/\/tallinndesignhouse.com\/\",\"name\":\"Tallinn Design House\",\"description\":\"Eesti disain Rotermanni kvartalis\",\"potentialAction\":[{\"@type\":\"SearchAction\",\"target\":{\"@type\":\"EntryPoint\",\"urlTemplate\":\"https:\/\/tallinndesignhouse.com\/?s={search_term_string}\"},\"query-input\":{\"@type\":\"PropertyValueSpecification\",\"valueRequired\":true,\"valueName\":\"search_term_string\"}}],\"inLanguage\":\"en-US\"}]}<\/script>\n<!-- \/ Yoast SEO plugin. -->","yoast_head_json":{"title":"Joik Scented Candle Cashmere & Sandalwood - Tallinn Design House","description":"Cashmere & Sandalwood l\u00f5hnak\u00fc\u00fcnal JOIK Parfumerie kollektsioonist toob ruumi pehme ja luksusliku aroomi. Koostis: rapsivaha, parf\u00fc\u00fcm.","robots":{"index":"index","follow":"follow","max-snippet":"max-snippet:-1","max-image-preview":"max-image-preview:large","max-video-preview":"max-video-preview:-1"},"canonical":"https:\/\/tallinndesignhouse.com\/toode\/lohnakuunal-cashmere-sandalwood-220g\/","og_locale":"en_US","og_type":"article","og_title":"Joik Scented Candle Cashmere & Sandalwood - Tallinn Design House","og_description":"Cashmere & Sandalwood l\u00f5hnak\u00fc\u00fcnal JOIK Parfumerie kollektsioonist toob ruumi pehme ja luksusliku aroomi. Koostis: rapsivaha, parf\u00fc\u00fcm.","og_url":"https:\/\/tallinndesignhouse.com\/toode\/lohnakuunal-cashmere-sandalwood-220g\/","og_site_name":"Tallinn Design House","article_modified_time":"2026-05-12T21:57:01+00:00","og_image":[{"width":1080,"height":1350,"url":"https:\/\/tallinndesignhouse.com\/wp-content\/uploads\/2026\/03\/Joik-Lohnakuunal-Cashmere-Sandalwood-1.jpg","type":"image\/jpeg"}],"twitter_card":"summary_large_image","schema":{"@context":"https:\/\/schema.org","@graph":[{"@type":"WebPage","@id":"https:\/\/tallinndesignhouse.com\/toode\/lohnakuunal-cashmere-sandalwood-220g\/","url":"https:\/\/tallinndesignhouse.com\/toode\/lohnakuunal-cashmere-sandalwood-220g\/","name":"Joik Scented Candle Cashmere & Sandalwood - Tallinn Design House","isPartOf":{"@id":"https:\/\/tallinndesignhouse.com\/#website"},"primaryImageOfPage":{"@id":"https:\/\/tallinndesignhouse.com\/toode\/lohnakuunal-cashmere-sandalwood-220g\/#primaryimage"},"image":{"@id":"https:\/\/tallinndesignhouse.com\/toode\/lohnakuunal-cashmere-sandalwood-220g\/#primaryimage"},"thumbnailUrl":"https:\/\/tallinndesignhouse.com\/wp-content\/uploads\/2026\/03\/Joik-Lohnakuunal-Cashmere-Sandalwood-1.jpg","datePublished":"2026-03-30T08:20:04+00:00","dateModified":"2026-05-12T21:57:01+00:00","description":"Cashmere & Sandalwood l\u00f5hnak\u00fc\u00fcnal JOIK Parfumerie kollektsioonist toob ruumi pehme ja luksusliku aroomi. Koostis: rapsivaha, parf\u00fc\u00fcm.","breadcrumb":{"@id":"https:\/\/tallinndesignhouse.com\/toode\/lohnakuunal-cashmere-sandalwood-220g\/#breadcrumb"},"inLanguage":"en-US","potentialAction":[{"@type":"ReadAction","target":["https:\/\/tallinndesignhouse.com\/toode\/lohnakuunal-cashmere-sandalwood-220g\/"]}]},{"@type":"ImageObject","inLanguage":"en-US","@id":"https:\/\/tallinndesignhouse.com\/toode\/lohnakuunal-cashmere-sandalwood-220g\/#primaryimage","url":"https:\/\/tallinndesignhouse.com\/wp-content\/uploads\/2026\/03\/Joik-Lohnakuunal-Cashmere-Sandalwood-1.jpg","contentUrl":"https:\/\/tallinndesignhouse.com\/wp-content\/uploads\/2026\/03\/Joik-Lohnakuunal-Cashmere-Sandalwood-1.jpg","width":1080,"height":1350,"caption":"Joik Lo\u0303hnaku\u0308u\u0308nal Cashmere & Sandalwood 1"},{"@type":"BreadcrumbList","@id":"https:\/\/tallinndesignhouse.com\/toode\/lohnakuunal-cashmere-sandalwood-220g\/#breadcrumb","itemListElement":[{"@type":"ListItem","position":1,"name":"Home","item":"https:\/\/tallinndesignhouse.com\/en\/"},{"@type":"ListItem","position":2,"name":"Shop","item":"https:\/\/tallinndesignhouse.com\/en\/shop\/"},{"@type":"ListItem","position":3,"name":"Scented Candle Cashmere &#038; Sandalwood"}]},{"@type":"WebSite","@id":"https:\/\/tallinndesignhouse.com\/#website","url":"https:\/\/tallinndesignhouse.com\/","name":"Tallinn Design House","description":"Eesti disain Rotermanni kvartalis","potentialAction":[{"@type":"SearchAction","target":{"@type":"EntryPoint","urlTemplate":"https:\/\/tallinndesignhouse.com\/?s={search_term_string}"},"query-input":{"@type":"PropertyValueSpecification","valueRequired":true,"valueName":"search_term_string"}}],"inLanguage":"en-US"}]}},"_links":{"self":[{"href":"https:\/\/tallinndesignhouse.com\/en\/wp-json\/wp\/v2\/product\/3391793","targetHints":{"allow":["GET"]}}],"collection":[{"href":"https:\/\/tallinndesignhouse.com\/en\/wp-json\/wp\/v2\/product"}],"about":[{"href":"https:\/\/tallinndesignhouse.com\/en\/wp-json\/wp\/v2\/types\/product"}],"wp:featuredmedia":[{"embeddable":true,"href":"https:\/\/tallinndesignhouse.com\/en\/wp-json\/wp\/v2\/media\/3391823"}],"wp:attachment":[{"href":"https:\/\/tallinndesignhouse.com\/en\/wp-json\/wp\/v2\/media?parent=3391793"}],"wp:term":[{"taxonomy":"product_brand","embeddable":true,"href":"https:\/\/tallinndesignhouse.com\/en\/wp-json\/wp\/v2\/product_brand?post=3391793"},{"taxonomy":"product_cat","embeddable":true,"href":"https:\/\/tallinndesignhouse.com\/en\/wp-json\/wp\/v2\/product_cat?post=3391793"},{"taxonomy":"product_tag","embeddable":true,"href":"https:\/\/tallinndesignhouse.com\/en\/wp-json\/wp\/v2\/product_tag?post=3391793"}],"curies":[{"name":"wp","href":"https:\/\/api.w.org\/{rel}","templated":true}]}}