{"id":3392655,"date":"2026-04-15T16:20:09","date_gmt":"2026-04-15T13:20:09","guid":{"rendered":"https:\/\/tallinndesignhouse.com\/toode\/nokamuts-kirss-pestud-must\/"},"modified":"2026-05-14T10:50:06","modified_gmt":"2026-05-14T07:50:06","slug":"nokamuts-kirss-pestud-must","status":"publish","type":"product","link":"https:\/\/tallinndesignhouse.com\/en\/toode\/nokamuts-kirss-pestud-must\/","title":{"rendered":"Denim cap KIRSS washed black"},"content":{"rendered":"<p>KIRSS denim cap in washed black by designer Hannes R\u00fc\u00fctel is a unisex design offering a classic and slightly rugged look. Made from 50% recycled cotton and 50% cotton. Ideal for everyday use. This ready-made cap features embroidery and is recommended to be hand washed.<\/p>\n","protected":false},"excerpt":{"rendered":"<p>KIRSS denim cap in washed black by designer Hannes R\u00fc\u00fctel is a unisex design offering a classic and slightly rugged look. Made from 50% recycled cotton and 50% cotton. Ideal for everyday use. This ready-made cap features embroidery and is recommended to be hand washed.<\/p>\n","protected":false},"featured_media":3393442,"template":"","meta":{"_acf_changed":false},"product_brand":[],"product_cat":[113,883],"product_tag":[2820,2818],"class_list":{"0":"post-3392655","1":"product","2":"type-product","3":"status-publish","4":"has-post-thumbnail","6":"product_cat-aksessuaarid","7":"product_cat-peakatted_ja_sallid","8":"product_tag-mehed","9":"product_tag-naised","10":"pa_brand-hannes-ruutel","11":"pa_brand-hannes-ruutel-en","13":"first","14":"instock","15":"taxable","16":"shipping-taxable","17":"purchasable","18":"product-type-simple"},"acf":[],"yoast_head":"<!-- This site is optimized with the Yoast SEO plugin v26.0 - https:\/\/yoast.com\/wordpress\/plugins\/seo\/ -->\n<title>Hannes R\u00fc\u00fctel Denim cap KIRSS washed black - Tallinn Design House<\/title>\n<meta name=\"description\" content=\"Kirsi tikandiga nokam\u00fcts disainerilt Hannes R\u00fc\u00fctel. Nokam\u00fcts on unisex mudel ning v\u00e4rvilt pestud must. Soovitatav k\u00e4sipesu.\" \/>\n<meta name=\"robots\" content=\"index, follow, max-snippet:-1, max-image-preview:large, max-video-preview:-1\" \/>\n<link rel=\"canonical\" href=\"https:\/\/tallinndesignhouse.com\/toode\/nokamuts-kirss-pestud-must\/\" \/>\n<meta property=\"og:locale\" content=\"en_US\" \/>\n<meta property=\"og:type\" content=\"article\" \/>\n<meta property=\"og:title\" content=\"Hannes R\u00fc\u00fctel Denim cap KIRSS washed black - Tallinn Design House\" \/>\n<meta property=\"og:description\" content=\"Kirsi tikandiga nokam\u00fcts disainerilt Hannes R\u00fc\u00fctel. Nokam\u00fcts on unisex mudel ning v\u00e4rvilt pestud must. Soovitatav k\u00e4sipesu.\" \/>\n<meta property=\"og:url\" content=\"https:\/\/tallinndesignhouse.com\/toode\/nokamuts-kirss-pestud-must\/\" \/>\n<meta property=\"og:site_name\" content=\"Tallinn Design House\" \/>\n<meta property=\"article:modified_time\" content=\"2026-05-14T07:50:06+00:00\" \/>\n<meta property=\"og:image\" content=\"https:\/\/tallinndesignhouse.com\/wp-content\/uploads\/2026\/03\/Hannes-Ruutel-Tallinn-Design-House-14.jpg\" \/>\n\t<meta property=\"og:image:width\" content=\"1080\" \/>\n\t<meta property=\"og:image:height\" content=\"1350\" \/>\n\t<meta property=\"og:image:type\" content=\"image\/jpeg\" \/>\n<meta name=\"twitter:card\" content=\"summary_large_image\" \/>\n<meta name=\"twitter:label1\" content=\"Est. reading time\" \/>\n\t<meta name=\"twitter:data1\" content=\"1 minute\" \/>\n<script type=\"application\/ld+json\" class=\"yoast-schema-graph\">{\"@context\":\"https:\/\/schema.org\",\"@graph\":[{\"@type\":\"WebPage\",\"@id\":\"https:\/\/tallinndesignhouse.com\/toode\/nokamuts-kirss-pestud-must\/\",\"url\":\"https:\/\/tallinndesignhouse.com\/toode\/nokamuts-kirss-pestud-must\/\",\"name\":\"Hannes R\u00fc\u00fctel Denim cap KIRSS washed black - Tallinn Design House\",\"isPartOf\":{\"@id\":\"https:\/\/tallinndesignhouse.com\/#website\"},\"primaryImageOfPage\":{\"@id\":\"https:\/\/tallinndesignhouse.com\/toode\/nokamuts-kirss-pestud-must\/#primaryimage\"},\"image\":{\"@id\":\"https:\/\/tallinndesignhouse.com\/toode\/nokamuts-kirss-pestud-must\/#primaryimage\"},\"thumbnailUrl\":\"https:\/\/tallinndesignhouse.com\/wp-content\/uploads\/2026\/03\/Hannes-Ruutel-Tallinn-Design-House-14.jpg\",\"datePublished\":\"2026-04-15T13:20:09+00:00\",\"dateModified\":\"2026-05-14T07:50:06+00:00\",\"description\":\"Kirsi tikandiga nokam\u00fcts disainerilt Hannes R\u00fc\u00fctel. Nokam\u00fcts on unisex mudel ning v\u00e4rvilt pestud must. Soovitatav k\u00e4sipesu.\",\"breadcrumb\":{\"@id\":\"https:\/\/tallinndesignhouse.com\/toode\/nokamuts-kirss-pestud-must\/#breadcrumb\"},\"inLanguage\":\"en-US\",\"potentialAction\":[{\"@type\":\"ReadAction\",\"target\":[\"https:\/\/tallinndesignhouse.com\/toode\/nokamuts-kirss-pestud-must\/\"]}]},{\"@type\":\"ImageObject\",\"inLanguage\":\"en-US\",\"@id\":\"https:\/\/tallinndesignhouse.com\/toode\/nokamuts-kirss-pestud-must\/#primaryimage\",\"url\":\"https:\/\/tallinndesignhouse.com\/wp-content\/uploads\/2026\/03\/Hannes-Ruutel-Tallinn-Design-House-14.jpg\",\"contentUrl\":\"https:\/\/tallinndesignhouse.com\/wp-content\/uploads\/2026\/03\/Hannes-Ruutel-Tallinn-Design-House-14.jpg\",\"width\":1080,\"height\":1350,\"caption\":\"Hannes Ru\u0308u\u0308tel Tallinn Design House\"},{\"@type\":\"BreadcrumbList\",\"@id\":\"https:\/\/tallinndesignhouse.com\/toode\/nokamuts-kirss-pestud-must\/#breadcrumb\",\"itemListElement\":[{\"@type\":\"ListItem\",\"position\":1,\"name\":\"Home\",\"item\":\"https:\/\/tallinndesignhouse.com\/en\/\"},{\"@type\":\"ListItem\",\"position\":2,\"name\":\"Shop\",\"item\":\"https:\/\/tallinndesignhouse.com\/en\/shop\/\"},{\"@type\":\"ListItem\",\"position\":3,\"name\":\"Denim cap KIRSS washed black\"}]},{\"@type\":\"WebSite\",\"@id\":\"https:\/\/tallinndesignhouse.com\/#website\",\"url\":\"https:\/\/tallinndesignhouse.com\/\",\"name\":\"Tallinn Design House\",\"description\":\"Eesti disain Rotermanni kvartalis\",\"potentialAction\":[{\"@type\":\"SearchAction\",\"target\":{\"@type\":\"EntryPoint\",\"urlTemplate\":\"https:\/\/tallinndesignhouse.com\/?s={search_term_string}\"},\"query-input\":{\"@type\":\"PropertyValueSpecification\",\"valueRequired\":true,\"valueName\":\"search_term_string\"}}],\"inLanguage\":\"en-US\"}]}<\/script>\n<!-- \/ Yoast SEO plugin. -->","yoast_head_json":{"title":"Hannes R\u00fc\u00fctel Denim cap KIRSS washed black - Tallinn Design House","description":"Kirsi tikandiga nokam\u00fcts disainerilt Hannes R\u00fc\u00fctel. Nokam\u00fcts on unisex mudel ning v\u00e4rvilt pestud must. Soovitatav k\u00e4sipesu.","robots":{"index":"index","follow":"follow","max-snippet":"max-snippet:-1","max-image-preview":"max-image-preview:large","max-video-preview":"max-video-preview:-1"},"canonical":"https:\/\/tallinndesignhouse.com\/toode\/nokamuts-kirss-pestud-must\/","og_locale":"en_US","og_type":"article","og_title":"Hannes R\u00fc\u00fctel Denim cap KIRSS washed black - Tallinn Design House","og_description":"Kirsi tikandiga nokam\u00fcts disainerilt Hannes R\u00fc\u00fctel. Nokam\u00fcts on unisex mudel ning v\u00e4rvilt pestud must. Soovitatav k\u00e4sipesu.","og_url":"https:\/\/tallinndesignhouse.com\/toode\/nokamuts-kirss-pestud-must\/","og_site_name":"Tallinn Design House","article_modified_time":"2026-05-14T07:50:06+00:00","og_image":[{"width":1080,"height":1350,"url":"https:\/\/tallinndesignhouse.com\/wp-content\/uploads\/2026\/03\/Hannes-Ruutel-Tallinn-Design-House-14.jpg","type":"image\/jpeg"}],"twitter_card":"summary_large_image","twitter_misc":{"Est. reading time":"1 minute"},"schema":{"@context":"https:\/\/schema.org","@graph":[{"@type":"WebPage","@id":"https:\/\/tallinndesignhouse.com\/toode\/nokamuts-kirss-pestud-must\/","url":"https:\/\/tallinndesignhouse.com\/toode\/nokamuts-kirss-pestud-must\/","name":"Hannes R\u00fc\u00fctel Denim cap KIRSS washed black - Tallinn Design House","isPartOf":{"@id":"https:\/\/tallinndesignhouse.com\/#website"},"primaryImageOfPage":{"@id":"https:\/\/tallinndesignhouse.com\/toode\/nokamuts-kirss-pestud-must\/#primaryimage"},"image":{"@id":"https:\/\/tallinndesignhouse.com\/toode\/nokamuts-kirss-pestud-must\/#primaryimage"},"thumbnailUrl":"https:\/\/tallinndesignhouse.com\/wp-content\/uploads\/2026\/03\/Hannes-Ruutel-Tallinn-Design-House-14.jpg","datePublished":"2026-04-15T13:20:09+00:00","dateModified":"2026-05-14T07:50:06+00:00","description":"Kirsi tikandiga nokam\u00fcts disainerilt Hannes R\u00fc\u00fctel. Nokam\u00fcts on unisex mudel ning v\u00e4rvilt pestud must. Soovitatav k\u00e4sipesu.","breadcrumb":{"@id":"https:\/\/tallinndesignhouse.com\/toode\/nokamuts-kirss-pestud-must\/#breadcrumb"},"inLanguage":"en-US","potentialAction":[{"@type":"ReadAction","target":["https:\/\/tallinndesignhouse.com\/toode\/nokamuts-kirss-pestud-must\/"]}]},{"@type":"ImageObject","inLanguage":"en-US","@id":"https:\/\/tallinndesignhouse.com\/toode\/nokamuts-kirss-pestud-must\/#primaryimage","url":"https:\/\/tallinndesignhouse.com\/wp-content\/uploads\/2026\/03\/Hannes-Ruutel-Tallinn-Design-House-14.jpg","contentUrl":"https:\/\/tallinndesignhouse.com\/wp-content\/uploads\/2026\/03\/Hannes-Ruutel-Tallinn-Design-House-14.jpg","width":1080,"height":1350,"caption":"Hannes Ru\u0308u\u0308tel Tallinn Design House"},{"@type":"BreadcrumbList","@id":"https:\/\/tallinndesignhouse.com\/toode\/nokamuts-kirss-pestud-must\/#breadcrumb","itemListElement":[{"@type":"ListItem","position":1,"name":"Home","item":"https:\/\/tallinndesignhouse.com\/en\/"},{"@type":"ListItem","position":2,"name":"Shop","item":"https:\/\/tallinndesignhouse.com\/en\/shop\/"},{"@type":"ListItem","position":3,"name":"Denim cap KIRSS washed black"}]},{"@type":"WebSite","@id":"https:\/\/tallinndesignhouse.com\/#website","url":"https:\/\/tallinndesignhouse.com\/","name":"Tallinn Design House","description":"Eesti disain Rotermanni kvartalis","potentialAction":[{"@type":"SearchAction","target":{"@type":"EntryPoint","urlTemplate":"https:\/\/tallinndesignhouse.com\/?s={search_term_string}"},"query-input":{"@type":"PropertyValueSpecification","valueRequired":true,"valueName":"search_term_string"}}],"inLanguage":"en-US"}]}},"_links":{"self":[{"href":"https:\/\/tallinndesignhouse.com\/en\/wp-json\/wp\/v2\/product\/3392655","targetHints":{"allow":["GET"]}}],"collection":[{"href":"https:\/\/tallinndesignhouse.com\/en\/wp-json\/wp\/v2\/product"}],"about":[{"href":"https:\/\/tallinndesignhouse.com\/en\/wp-json\/wp\/v2\/types\/product"}],"wp:featuredmedia":[{"embeddable":true,"href":"https:\/\/tallinndesignhouse.com\/en\/wp-json\/wp\/v2\/media\/3393442"}],"wp:attachment":[{"href":"https:\/\/tallinndesignhouse.com\/en\/wp-json\/wp\/v2\/media?parent=3392655"}],"wp:term":[{"taxonomy":"product_brand","embeddable":true,"href":"https:\/\/tallinndesignhouse.com\/en\/wp-json\/wp\/v2\/product_brand?post=3392655"},{"taxonomy":"product_cat","embeddable":true,"href":"https:\/\/tallinndesignhouse.com\/en\/wp-json\/wp\/v2\/product_cat?post=3392655"},{"taxonomy":"product_tag","embeddable":true,"href":"https:\/\/tallinndesignhouse.com\/en\/wp-json\/wp\/v2\/product_tag?post=3392655"}],"curies":[{"name":"wp","href":"https:\/\/api.w.org\/{rel}","templated":true}]}}