{"id":3393213,"date":"2026-04-28T16:20:08","date_gmt":"2026-04-28T13:20:08","guid":{"rendered":"https:\/\/tallinndesignhouse.com\/toode\/puksid-vernus\/"},"modified":"2026-04-29T09:20:09","modified_gmt":"2026-04-29T06:20:09","slug":"puksid-vernus","status":"publish","type":"product","link":"https:\/\/tallinndesignhouse.com\/en\/toode\/puksid-vernus\/","title":{"rendered":"Trousers VERNUS"},"content":{"rendered":"<p>Designed by Hannes R\u00fc\u00fctel, the VERNUS trousers are wide-fit cotton trousers designed for everyday comfort and ease. Made in Estonia from 100% cotton, the fabric is breathable and suitable across seasons. The clean silhouette and minimal design make them easy to style in both relaxed and more structured looks. Available in light grey and caramel beige.<\/p>\n","protected":false},"excerpt":{"rendered":"<p>Designed by Hannes R\u00fc\u00fctel, the VERNUS trousers are wide-fit cotton trousers designed for everyday comfort and ease. Made in Estonia from 100% cotton, the fabric is breathable and suitable across seasons. The clean silhouette and minimal design make them easy to style in both relaxed and more structured looks. Available in light grey and caramel [&hellip;]<\/p>\n","protected":false},"featured_media":3393289,"template":"","meta":{"_acf_changed":false},"product_brand":[],"product_cat":[885,887],"product_tag":[2820],"class_list":{"0":"post-3393213","1":"product","2":"type-product","3":"status-publish","4":"has-post-thumbnail","6":"product_cat-puksid","7":"product_cat-roivad","8":"product_tag-mehed","9":"pa_brand-hannes-ruutel","11":"pa_suurus-1922","13":"pa_suurus-3351","15":"pa_suurus-1926","17":"pa_suurus-3350","19":"pa_varv-beez","21":"pa_varv-helehall","24":"first","25":"instock","26":"taxable","27":"shipping-taxable","28":"purchasable","29":"product-type-variable"},"acf":[],"yoast_head":"<!-- This site is optimized with the Yoast SEO plugin v26.0 - https:\/\/yoast.com\/wordpress\/plugins\/seo\/ -->\n<title>Hannes R\u00fc\u00fctel Trousers VERNUS - Tallinn Design House<\/title>\n<meta name=\"description\" content=\"Disaineri Hannes R\u00fc\u00fctel VERNUS p\u00fcksid on laia l\u00f5ikega ja mugavad igap\u00e4evased puuvillased p\u00fcksid, mis on valmistatud Eestis.\" \/>\n<meta name=\"robots\" content=\"index, follow, max-snippet:-1, max-image-preview:large, max-video-preview:-1\" \/>\n<link rel=\"canonical\" href=\"https:\/\/tallinndesignhouse.com\/toode\/puksid-vernus\/\" \/>\n<meta property=\"og:locale\" content=\"en_US\" \/>\n<meta property=\"og:type\" content=\"article\" \/>\n<meta property=\"og:title\" content=\"Hannes R\u00fc\u00fctel Trousers VERNUS - Tallinn Design House\" \/>\n<meta property=\"og:description\" content=\"Disaineri Hannes R\u00fc\u00fctel VERNUS p\u00fcksid on laia l\u00f5ikega ja mugavad igap\u00e4evased puuvillased p\u00fcksid, mis on valmistatud Eestis.\" \/>\n<meta property=\"og:url\" content=\"https:\/\/tallinndesignhouse.com\/toode\/puksid-vernus\/\" \/>\n<meta property=\"og:site_name\" content=\"Tallinn Design House\" \/>\n<meta property=\"article:modified_time\" content=\"2026-04-29T06:20:09+00:00\" \/>\n<meta property=\"og:image\" content=\"https:\/\/tallinndesignhouse.com\/wp-content\/uploads\/2026\/04\/Hannes-Ruutel-Tallinn-Design-House-.jpg\" \/>\n\t<meta property=\"og:image:width\" content=\"1080\" \/>\n\t<meta property=\"og:image:height\" content=\"1350\" \/>\n\t<meta property=\"og:image:type\" content=\"image\/jpeg\" \/>\n<meta name=\"twitter:card\" content=\"summary_large_image\" \/>\n<script type=\"application\/ld+json\" class=\"yoast-schema-graph\">{\"@context\":\"https:\/\/schema.org\",\"@graph\":[{\"@type\":\"WebPage\",\"@id\":\"https:\/\/tallinndesignhouse.com\/toode\/puksid-vernus\/\",\"url\":\"https:\/\/tallinndesignhouse.com\/toode\/puksid-vernus\/\",\"name\":\"Hannes R\u00fc\u00fctel Trousers VERNUS - Tallinn Design House\",\"isPartOf\":{\"@id\":\"https:\/\/tallinndesignhouse.com\/#website\"},\"primaryImageOfPage\":{\"@id\":\"https:\/\/tallinndesignhouse.com\/toode\/puksid-vernus\/#primaryimage\"},\"image\":{\"@id\":\"https:\/\/tallinndesignhouse.com\/toode\/puksid-vernus\/#primaryimage\"},\"thumbnailUrl\":\"https:\/\/tallinndesignhouse.com\/wp-content\/uploads\/2026\/04\/Hannes-Ruutel-Tallinn-Design-House-.jpg\",\"datePublished\":\"2026-04-28T13:20:08+00:00\",\"dateModified\":\"2026-04-29T06:20:09+00:00\",\"description\":\"Disaineri Hannes R\u00fc\u00fctel VERNUS p\u00fcksid on laia l\u00f5ikega ja mugavad igap\u00e4evased puuvillased p\u00fcksid, mis on valmistatud Eestis.\",\"breadcrumb\":{\"@id\":\"https:\/\/tallinndesignhouse.com\/toode\/puksid-vernus\/#breadcrumb\"},\"inLanguage\":\"en-US\",\"potentialAction\":[{\"@type\":\"ReadAction\",\"target\":[\"https:\/\/tallinndesignhouse.com\/toode\/puksid-vernus\/\"]}]},{\"@type\":\"ImageObject\",\"inLanguage\":\"en-US\",\"@id\":\"https:\/\/tallinndesignhouse.com\/toode\/puksid-vernus\/#primaryimage\",\"url\":\"https:\/\/tallinndesignhouse.com\/wp-content\/uploads\/2026\/04\/Hannes-Ruutel-Tallinn-Design-House-.jpg\",\"contentUrl\":\"https:\/\/tallinndesignhouse.com\/wp-content\/uploads\/2026\/04\/Hannes-Ruutel-Tallinn-Design-House-.jpg\",\"width\":1080,\"height\":1350},{\"@type\":\"BreadcrumbList\",\"@id\":\"https:\/\/tallinndesignhouse.com\/toode\/puksid-vernus\/#breadcrumb\",\"itemListElement\":[{\"@type\":\"ListItem\",\"position\":1,\"name\":\"Home\",\"item\":\"https:\/\/tallinndesignhouse.com\/en\/\"},{\"@type\":\"ListItem\",\"position\":2,\"name\":\"Shop\",\"item\":\"https:\/\/tallinndesignhouse.com\/en\/shop\/\"},{\"@type\":\"ListItem\",\"position\":3,\"name\":\"Trousers VERNUS\"}]},{\"@type\":\"WebSite\",\"@id\":\"https:\/\/tallinndesignhouse.com\/#website\",\"url\":\"https:\/\/tallinndesignhouse.com\/\",\"name\":\"Tallinn Design House\",\"description\":\"Eesti disain Rotermanni kvartalis\",\"potentialAction\":[{\"@type\":\"SearchAction\",\"target\":{\"@type\":\"EntryPoint\",\"urlTemplate\":\"https:\/\/tallinndesignhouse.com\/?s={search_term_string}\"},\"query-input\":{\"@type\":\"PropertyValueSpecification\",\"valueRequired\":true,\"valueName\":\"search_term_string\"}}],\"inLanguage\":\"en-US\"}]}<\/script>\n<!-- \/ Yoast SEO plugin. -->","yoast_head_json":{"title":"Hannes R\u00fc\u00fctel Trousers VERNUS - Tallinn Design House","description":"Disaineri Hannes R\u00fc\u00fctel VERNUS p\u00fcksid on laia l\u00f5ikega ja mugavad igap\u00e4evased puuvillased p\u00fcksid, mis on valmistatud Eestis.","robots":{"index":"index","follow":"follow","max-snippet":"max-snippet:-1","max-image-preview":"max-image-preview:large","max-video-preview":"max-video-preview:-1"},"canonical":"https:\/\/tallinndesignhouse.com\/toode\/puksid-vernus\/","og_locale":"en_US","og_type":"article","og_title":"Hannes R\u00fc\u00fctel Trousers VERNUS - Tallinn Design House","og_description":"Disaineri Hannes R\u00fc\u00fctel VERNUS p\u00fcksid on laia l\u00f5ikega ja mugavad igap\u00e4evased puuvillased p\u00fcksid, mis on valmistatud Eestis.","og_url":"https:\/\/tallinndesignhouse.com\/toode\/puksid-vernus\/","og_site_name":"Tallinn Design House","article_modified_time":"2026-04-29T06:20:09+00:00","og_image":[{"width":1080,"height":1350,"url":"https:\/\/tallinndesignhouse.com\/wp-content\/uploads\/2026\/04\/Hannes-Ruutel-Tallinn-Design-House-.jpg","type":"image\/jpeg"}],"twitter_card":"summary_large_image","schema":{"@context":"https:\/\/schema.org","@graph":[{"@type":"WebPage","@id":"https:\/\/tallinndesignhouse.com\/toode\/puksid-vernus\/","url":"https:\/\/tallinndesignhouse.com\/toode\/puksid-vernus\/","name":"Hannes R\u00fc\u00fctel Trousers VERNUS - Tallinn Design House","isPartOf":{"@id":"https:\/\/tallinndesignhouse.com\/#website"},"primaryImageOfPage":{"@id":"https:\/\/tallinndesignhouse.com\/toode\/puksid-vernus\/#primaryimage"},"image":{"@id":"https:\/\/tallinndesignhouse.com\/toode\/puksid-vernus\/#primaryimage"},"thumbnailUrl":"https:\/\/tallinndesignhouse.com\/wp-content\/uploads\/2026\/04\/Hannes-Ruutel-Tallinn-Design-House-.jpg","datePublished":"2026-04-28T13:20:08+00:00","dateModified":"2026-04-29T06:20:09+00:00","description":"Disaineri Hannes R\u00fc\u00fctel VERNUS p\u00fcksid on laia l\u00f5ikega ja mugavad igap\u00e4evased puuvillased p\u00fcksid, mis on valmistatud Eestis.","breadcrumb":{"@id":"https:\/\/tallinndesignhouse.com\/toode\/puksid-vernus\/#breadcrumb"},"inLanguage":"en-US","potentialAction":[{"@type":"ReadAction","target":["https:\/\/tallinndesignhouse.com\/toode\/puksid-vernus\/"]}]},{"@type":"ImageObject","inLanguage":"en-US","@id":"https:\/\/tallinndesignhouse.com\/toode\/puksid-vernus\/#primaryimage","url":"https:\/\/tallinndesignhouse.com\/wp-content\/uploads\/2026\/04\/Hannes-Ruutel-Tallinn-Design-House-.jpg","contentUrl":"https:\/\/tallinndesignhouse.com\/wp-content\/uploads\/2026\/04\/Hannes-Ruutel-Tallinn-Design-House-.jpg","width":1080,"height":1350},{"@type":"BreadcrumbList","@id":"https:\/\/tallinndesignhouse.com\/toode\/puksid-vernus\/#breadcrumb","itemListElement":[{"@type":"ListItem","position":1,"name":"Home","item":"https:\/\/tallinndesignhouse.com\/en\/"},{"@type":"ListItem","position":2,"name":"Shop","item":"https:\/\/tallinndesignhouse.com\/en\/shop\/"},{"@type":"ListItem","position":3,"name":"Trousers VERNUS"}]},{"@type":"WebSite","@id":"https:\/\/tallinndesignhouse.com\/#website","url":"https:\/\/tallinndesignhouse.com\/","name":"Tallinn Design House","description":"Eesti disain Rotermanni kvartalis","potentialAction":[{"@type":"SearchAction","target":{"@type":"EntryPoint","urlTemplate":"https:\/\/tallinndesignhouse.com\/?s={search_term_string}"},"query-input":{"@type":"PropertyValueSpecification","valueRequired":true,"valueName":"search_term_string"}}],"inLanguage":"en-US"}]}},"_links":{"self":[{"href":"https:\/\/tallinndesignhouse.com\/en\/wp-json\/wp\/v2\/product\/3393213","targetHints":{"allow":["GET"]}}],"collection":[{"href":"https:\/\/tallinndesignhouse.com\/en\/wp-json\/wp\/v2\/product"}],"about":[{"href":"https:\/\/tallinndesignhouse.com\/en\/wp-json\/wp\/v2\/types\/product"}],"wp:featuredmedia":[{"embeddable":true,"href":"https:\/\/tallinndesignhouse.com\/en\/wp-json\/wp\/v2\/media\/3393289"}],"wp:attachment":[{"href":"https:\/\/tallinndesignhouse.com\/en\/wp-json\/wp\/v2\/media?parent=3393213"}],"wp:term":[{"taxonomy":"product_brand","embeddable":true,"href":"https:\/\/tallinndesignhouse.com\/en\/wp-json\/wp\/v2\/product_brand?post=3393213"},{"taxonomy":"product_cat","embeddable":true,"href":"https:\/\/tallinndesignhouse.com\/en\/wp-json\/wp\/v2\/product_cat?post=3393213"},{"taxonomy":"product_tag","embeddable":true,"href":"https:\/\/tallinndesignhouse.com\/en\/wp-json\/wp\/v2\/product_tag?post=3393213"}],"curies":[{"name":"wp","href":"https:\/\/api.w.org\/{rel}","templated":true}]}}