{"id":3394365,"date":"2026-05-15T16:50:12","date_gmt":"2026-05-15T13:50:12","guid":{"rendered":"https:\/\/tallinndesignhouse.com\/toode\/bikiinitopp-gone-tanning-roheline\/"},"modified":"2026-05-15T22:20:05","modified_gmt":"2026-05-15T19:20:05","slug":"bikiinitopp-gone-tanning-roheline","status":"publish","type":"product","link":"https:\/\/tallinndesignhouse.com\/en\/toode\/bikiinitopp-gone-tanning-roheline\/","title":{"rendered":"Gone Tanning bikini top"},"content":{"rendered":"<p>The Gone Tanning bandeau bikini top by Kriss Soonik is a reversible style that can be worn in neon green or with the brand\u2019s signature nude Cat Logo print. Boning at the sides provides added support, while the removable neck tie allows versatile styling. The bold colourway and minimal silhouette create a playful beach look. Made in Estonia from UV protective fabric containing 80% polyamide and 20% elastane.<\/p>\n","protected":false},"excerpt":{"rendered":"<p>The Gone Tanning bandeau bikini top by Kriss Soonik is a reversible style that can be worn in neon green or with the brand\u2019s signature nude Cat Logo print. Boning at the sides provides added support, while the removable neck tie allows versatile styling. The bold colourway and minimal silhouette create a playful beach look. [&hellip;]<\/p>\n","protected":false},"featured_media":3394422,"template":"","meta":{"_acf_changed":false},"product_brand":[],"product_cat":[888,887],"product_tag":[2818],"class_list":{"0":"post-3394365","1":"product","2":"type-product","3":"status-publish","4":"has-post-thumbnail","6":"product_cat-sargid_ja_pluusid","7":"product_cat-roivad","8":"product_tag-naised","9":"pa_brand-kriss-soonik","11":"pa_suurus-one-size","14":"first","15":"instock","16":"taxable","17":"shipping-taxable","18":"purchasable","19":"product-type-variable"},"acf":[],"yoast_head":"<!-- This site is optimized with the Yoast SEO plugin v26.0 - https:\/\/yoast.com\/wordpress\/plugins\/seo\/ -->\n<title>Kriss Soonik Gone Tanning bikini top - Tallinn Design House<\/title>\n<meta name=\"description\" content=\"Kriss Sooniku Gone Tanning bandeau-bikiinitopp on p\u00f6\u00f6ratav mudel, mida saab kanda neoonrohelisena v\u00f5i br\u00e4ndi signatuurse bee\u017ei kassilogo mustriga poolel.\" \/>\n<meta name=\"robots\" content=\"index, follow, max-snippet:-1, max-image-preview:large, max-video-preview:-1\" \/>\n<link rel=\"canonical\" href=\"https:\/\/tallinndesignhouse.com\/toode\/bikiinitopp-gone-tanning-roheline\/\" \/>\n<meta property=\"og:locale\" content=\"en_US\" \/>\n<meta property=\"og:type\" content=\"article\" \/>\n<meta property=\"og:title\" content=\"Kriss Soonik Gone Tanning bikini top - Tallinn Design House\" \/>\n<meta property=\"og:description\" content=\"Kriss Sooniku Gone Tanning bandeau-bikiinitopp on p\u00f6\u00f6ratav mudel, mida saab kanda neoonrohelisena v\u00f5i br\u00e4ndi signatuurse bee\u017ei kassilogo mustriga poolel.\" \/>\n<meta property=\"og:url\" content=\"https:\/\/tallinndesignhouse.com\/toode\/bikiinitopp-gone-tanning-roheline\/\" \/>\n<meta property=\"og:site_name\" content=\"Tallinn Design House\" \/>\n<meta property=\"article:modified_time\" content=\"2026-05-15T19:20:05+00:00\" \/>\n<meta property=\"og:image\" content=\"https:\/\/tallinndesignhouse.com\/wp-content\/uploads\/2026\/05\/Kriss-Soonik-Tallinn-Design-House-28.jpg\" \/>\n\t<meta property=\"og:image:width\" content=\"1080\" \/>\n\t<meta property=\"og:image:height\" content=\"1350\" \/>\n\t<meta property=\"og:image:type\" content=\"image\/jpeg\" \/>\n<meta name=\"twitter:card\" content=\"summary_large_image\" \/>\n<script type=\"application\/ld+json\" class=\"yoast-schema-graph\">{\"@context\":\"https:\/\/schema.org\",\"@graph\":[{\"@type\":\"WebPage\",\"@id\":\"https:\/\/tallinndesignhouse.com\/toode\/bikiinitopp-gone-tanning-roheline\/\",\"url\":\"https:\/\/tallinndesignhouse.com\/toode\/bikiinitopp-gone-tanning-roheline\/\",\"name\":\"Kriss Soonik Gone Tanning bikini top - Tallinn Design House\",\"isPartOf\":{\"@id\":\"https:\/\/tallinndesignhouse.com\/#website\"},\"primaryImageOfPage\":{\"@id\":\"https:\/\/tallinndesignhouse.com\/toode\/bikiinitopp-gone-tanning-roheline\/#primaryimage\"},\"image\":{\"@id\":\"https:\/\/tallinndesignhouse.com\/toode\/bikiinitopp-gone-tanning-roheline\/#primaryimage\"},\"thumbnailUrl\":\"https:\/\/tallinndesignhouse.com\/wp-content\/uploads\/2026\/05\/Kriss-Soonik-Tallinn-Design-House-28.jpg\",\"datePublished\":\"2026-05-15T13:50:12+00:00\",\"dateModified\":\"2026-05-15T19:20:05+00:00\",\"description\":\"Kriss Sooniku Gone Tanning bandeau-bikiinitopp on p\u00f6\u00f6ratav mudel, mida saab kanda neoonrohelisena v\u00f5i br\u00e4ndi signatuurse bee\u017ei kassilogo mustriga poolel.\",\"breadcrumb\":{\"@id\":\"https:\/\/tallinndesignhouse.com\/toode\/bikiinitopp-gone-tanning-roheline\/#breadcrumb\"},\"inLanguage\":\"en-US\",\"potentialAction\":[{\"@type\":\"ReadAction\",\"target\":[\"https:\/\/tallinndesignhouse.com\/toode\/bikiinitopp-gone-tanning-roheline\/\"]}]},{\"@type\":\"ImageObject\",\"inLanguage\":\"en-US\",\"@id\":\"https:\/\/tallinndesignhouse.com\/toode\/bikiinitopp-gone-tanning-roheline\/#primaryimage\",\"url\":\"https:\/\/tallinndesignhouse.com\/wp-content\/uploads\/2026\/05\/Kriss-Soonik-Tallinn-Design-House-28.jpg\",\"contentUrl\":\"https:\/\/tallinndesignhouse.com\/wp-content\/uploads\/2026\/05\/Kriss-Soonik-Tallinn-Design-House-28.jpg\",\"width\":1080,\"height\":1350,\"caption\":\"Kriss Soonik Tallinn Design House\"},{\"@type\":\"BreadcrumbList\",\"@id\":\"https:\/\/tallinndesignhouse.com\/toode\/bikiinitopp-gone-tanning-roheline\/#breadcrumb\",\"itemListElement\":[{\"@type\":\"ListItem\",\"position\":1,\"name\":\"Home\",\"item\":\"https:\/\/tallinndesignhouse.com\/en\/\"},{\"@type\":\"ListItem\",\"position\":2,\"name\":\"Shop\",\"item\":\"https:\/\/tallinndesignhouse.com\/en\/shop\/\"},{\"@type\":\"ListItem\",\"position\":3,\"name\":\"Gone Tanning bikini top\"}]},{\"@type\":\"WebSite\",\"@id\":\"https:\/\/tallinndesignhouse.com\/#website\",\"url\":\"https:\/\/tallinndesignhouse.com\/\",\"name\":\"Tallinn Design House\",\"description\":\"Eesti disain Rotermanni kvartalis\",\"potentialAction\":[{\"@type\":\"SearchAction\",\"target\":{\"@type\":\"EntryPoint\",\"urlTemplate\":\"https:\/\/tallinndesignhouse.com\/?s={search_term_string}\"},\"query-input\":{\"@type\":\"PropertyValueSpecification\",\"valueRequired\":true,\"valueName\":\"search_term_string\"}}],\"inLanguage\":\"en-US\"}]}<\/script>\n<!-- \/ Yoast SEO plugin. -->","yoast_head_json":{"title":"Kriss Soonik Gone Tanning bikini top - Tallinn Design House","description":"Kriss Sooniku Gone Tanning bandeau-bikiinitopp on p\u00f6\u00f6ratav mudel, mida saab kanda neoonrohelisena v\u00f5i br\u00e4ndi signatuurse bee\u017ei kassilogo mustriga poolel.","robots":{"index":"index","follow":"follow","max-snippet":"max-snippet:-1","max-image-preview":"max-image-preview:large","max-video-preview":"max-video-preview:-1"},"canonical":"https:\/\/tallinndesignhouse.com\/toode\/bikiinitopp-gone-tanning-roheline\/","og_locale":"en_US","og_type":"article","og_title":"Kriss Soonik Gone Tanning bikini top - Tallinn Design House","og_description":"Kriss Sooniku Gone Tanning bandeau-bikiinitopp on p\u00f6\u00f6ratav mudel, mida saab kanda neoonrohelisena v\u00f5i br\u00e4ndi signatuurse bee\u017ei kassilogo mustriga poolel.","og_url":"https:\/\/tallinndesignhouse.com\/toode\/bikiinitopp-gone-tanning-roheline\/","og_site_name":"Tallinn Design House","article_modified_time":"2026-05-15T19:20:05+00:00","og_image":[{"width":1080,"height":1350,"url":"https:\/\/tallinndesignhouse.com\/wp-content\/uploads\/2026\/05\/Kriss-Soonik-Tallinn-Design-House-28.jpg","type":"image\/jpeg"}],"twitter_card":"summary_large_image","schema":{"@context":"https:\/\/schema.org","@graph":[{"@type":"WebPage","@id":"https:\/\/tallinndesignhouse.com\/toode\/bikiinitopp-gone-tanning-roheline\/","url":"https:\/\/tallinndesignhouse.com\/toode\/bikiinitopp-gone-tanning-roheline\/","name":"Kriss Soonik Gone Tanning bikini top - Tallinn Design House","isPartOf":{"@id":"https:\/\/tallinndesignhouse.com\/#website"},"primaryImageOfPage":{"@id":"https:\/\/tallinndesignhouse.com\/toode\/bikiinitopp-gone-tanning-roheline\/#primaryimage"},"image":{"@id":"https:\/\/tallinndesignhouse.com\/toode\/bikiinitopp-gone-tanning-roheline\/#primaryimage"},"thumbnailUrl":"https:\/\/tallinndesignhouse.com\/wp-content\/uploads\/2026\/05\/Kriss-Soonik-Tallinn-Design-House-28.jpg","datePublished":"2026-05-15T13:50:12+00:00","dateModified":"2026-05-15T19:20:05+00:00","description":"Kriss Sooniku Gone Tanning bandeau-bikiinitopp on p\u00f6\u00f6ratav mudel, mida saab kanda neoonrohelisena v\u00f5i br\u00e4ndi signatuurse bee\u017ei kassilogo mustriga poolel.","breadcrumb":{"@id":"https:\/\/tallinndesignhouse.com\/toode\/bikiinitopp-gone-tanning-roheline\/#breadcrumb"},"inLanguage":"en-US","potentialAction":[{"@type":"ReadAction","target":["https:\/\/tallinndesignhouse.com\/toode\/bikiinitopp-gone-tanning-roheline\/"]}]},{"@type":"ImageObject","inLanguage":"en-US","@id":"https:\/\/tallinndesignhouse.com\/toode\/bikiinitopp-gone-tanning-roheline\/#primaryimage","url":"https:\/\/tallinndesignhouse.com\/wp-content\/uploads\/2026\/05\/Kriss-Soonik-Tallinn-Design-House-28.jpg","contentUrl":"https:\/\/tallinndesignhouse.com\/wp-content\/uploads\/2026\/05\/Kriss-Soonik-Tallinn-Design-House-28.jpg","width":1080,"height":1350,"caption":"Kriss Soonik Tallinn Design House"},{"@type":"BreadcrumbList","@id":"https:\/\/tallinndesignhouse.com\/toode\/bikiinitopp-gone-tanning-roheline\/#breadcrumb","itemListElement":[{"@type":"ListItem","position":1,"name":"Home","item":"https:\/\/tallinndesignhouse.com\/en\/"},{"@type":"ListItem","position":2,"name":"Shop","item":"https:\/\/tallinndesignhouse.com\/en\/shop\/"},{"@type":"ListItem","position":3,"name":"Gone Tanning bikini top"}]},{"@type":"WebSite","@id":"https:\/\/tallinndesignhouse.com\/#website","url":"https:\/\/tallinndesignhouse.com\/","name":"Tallinn Design House","description":"Eesti disain Rotermanni kvartalis","potentialAction":[{"@type":"SearchAction","target":{"@type":"EntryPoint","urlTemplate":"https:\/\/tallinndesignhouse.com\/?s={search_term_string}"},"query-input":{"@type":"PropertyValueSpecification","valueRequired":true,"valueName":"search_term_string"}}],"inLanguage":"en-US"}]}},"_links":{"self":[{"href":"https:\/\/tallinndesignhouse.com\/en\/wp-json\/wp\/v2\/product\/3394365","targetHints":{"allow":["GET"]}}],"collection":[{"href":"https:\/\/tallinndesignhouse.com\/en\/wp-json\/wp\/v2\/product"}],"about":[{"href":"https:\/\/tallinndesignhouse.com\/en\/wp-json\/wp\/v2\/types\/product"}],"wp:featuredmedia":[{"embeddable":true,"href":"https:\/\/tallinndesignhouse.com\/en\/wp-json\/wp\/v2\/media\/3394422"}],"wp:attachment":[{"href":"https:\/\/tallinndesignhouse.com\/en\/wp-json\/wp\/v2\/media?parent=3394365"}],"wp:term":[{"taxonomy":"product_brand","embeddable":true,"href":"https:\/\/tallinndesignhouse.com\/en\/wp-json\/wp\/v2\/product_brand?post=3394365"},{"taxonomy":"product_cat","embeddable":true,"href":"https:\/\/tallinndesignhouse.com\/en\/wp-json\/wp\/v2\/product_cat?post=3394365"},{"taxonomy":"product_tag","embeddable":true,"href":"https:\/\/tallinndesignhouse.com\/en\/wp-json\/wp\/v2\/product_tag?post=3394365"}],"curies":[{"name":"wp","href":"https:\/\/api.w.org\/{rel}","templated":true}]}}