{"id":42294,"date":"2022-07-11T17:36:12","date_gmt":"2022-07-11T14:36:12","guid":{"rendered":"https:\/\/tallinndesignhouse.com\/toode\/gone-tanning-umberpooratavad-bikiinipuksid\/"},"modified":"2026-05-15T18:05:05","modified_gmt":"2026-05-15T15:05:05","slug":"gone-tanning-umberpooratavad-bikiinipuksid","status":"publish","type":"product","link":"https:\/\/tallinndesignhouse.com\/en\/toode\/gone-tanning-umberpooratavad-bikiinipuksid\/","title":{"rendered":"Gone tanning reversible bikini bottom"},"content":{"rendered":"<p>Bestselling low-rise bikini bottom. Ties at sides with black beads at ends. Gone Tanning bikini bottom is reversible. You can choose to keep it classic in black or show off the playful nude Cat Logo print. Comes in one size. Fits true to size. Material: 80% polyamide, 20% elastane, UV UPF 50+ protection. Hand wash only. Made in Estonia.<\/p>\n","protected":false},"excerpt":{"rendered":"<p>Bestselling low-rise bikini bottom. Ties at sides with black beads at ends. Gone Tanning bikini bottom is reversible. You can choose to keep it classic in black or show off the playful nude Cat Logo print. Comes in one size. Fits true to size. Material: 80% polyamide, 20% elastane, UV UPF 50+ protection. Hand wash [&hellip;]<\/p>\n","protected":false},"featured_media":42284,"template":"","meta":{"_acf_changed":false},"product_brand":[],"product_cat":[865,887],"product_tag":[2818],"class_list":{"0":"post-42294","1":"product","2":"type-product","3":"status-publish","4":"has-post-thumbnail","6":"product_cat-buduaar","7":"product_cat-roivad","8":"product_tag-naised","9":"pa_brand-kriss-soonik","11":"pa_suurus-one-size","14":"first","15":"instock","16":"taxable","17":"shipping-taxable","18":"product-type-variable"},"acf":[],"yoast_head":"<!-- This site is optimized with the Yoast SEO plugin v26.0 - https:\/\/yoast.com\/wordpress\/plugins\/seo\/ -->\n<title>Kriss Soonik Gone tanning reversible bikini bottom - Tallinn Design House<\/title>\n<meta name=\"description\" content=\"Kriss Soonik Gone Tanning \u00fcmberp\u00f6\u00f6ratavad bikiinip\u00fcksid. K\u00fclgedel seotavad paelad mustade helmestega otstes.\" \/>\n<meta name=\"robots\" content=\"index, follow, max-snippet:-1, max-image-preview:large, max-video-preview:-1\" \/>\n<link rel=\"canonical\" href=\"https:\/\/tallinndesignhouse.com\/toode\/gone-tanning-umberpooratavad-bikiinipuksid\/\" \/>\n<meta property=\"og:locale\" content=\"en_US\" \/>\n<meta property=\"og:type\" content=\"article\" \/>\n<meta property=\"og:title\" content=\"Kriss Soonik Gone tanning reversible bikini bottom - Tallinn Design House\" \/>\n<meta property=\"og:description\" content=\"Kriss Soonik Gone Tanning \u00fcmberp\u00f6\u00f6ratavad bikiinip\u00fcksid. K\u00fclgedel seotavad paelad mustade helmestega otstes.\" \/>\n<meta property=\"og:url\" content=\"https:\/\/tallinndesignhouse.com\/toode\/gone-tanning-umberpooratavad-bikiinipuksid\/\" \/>\n<meta property=\"og:site_name\" content=\"Tallinn Design House\" \/>\n<meta property=\"article:modified_time\" content=\"2026-05-15T15:05:05+00:00\" \/>\n<meta property=\"og:image\" content=\"https:\/\/tallinndesignhouse.com\/wp-content\/uploads\/2022\/07\/Kriss-Soonik-gone-tanning-bikini-top-cats3.jpg\" \/>\n\t<meta property=\"og:image:width\" content=\"1000\" \/>\n\t<meta property=\"og:image:height\" content=\"1500\" \/>\n\t<meta property=\"og:image:type\" content=\"image\/jpeg\" \/>\n<meta name=\"twitter:card\" content=\"summary_large_image\" \/>\n<script type=\"application\/ld+json\" class=\"yoast-schema-graph\">{\"@context\":\"https:\/\/schema.org\",\"@graph\":[{\"@type\":\"WebPage\",\"@id\":\"https:\/\/tallinndesignhouse.com\/toode\/gone-tanning-umberpooratavad-bikiinipuksid\/\",\"url\":\"https:\/\/tallinndesignhouse.com\/toode\/gone-tanning-umberpooratavad-bikiinipuksid\/\",\"name\":\"Kriss Soonik Gone tanning reversible bikini bottom - Tallinn Design House\",\"isPartOf\":{\"@id\":\"https:\/\/tallinndesignhouse.com\/#website\"},\"primaryImageOfPage\":{\"@id\":\"https:\/\/tallinndesignhouse.com\/toode\/gone-tanning-umberpooratavad-bikiinipuksid\/#primaryimage\"},\"image\":{\"@id\":\"https:\/\/tallinndesignhouse.com\/toode\/gone-tanning-umberpooratavad-bikiinipuksid\/#primaryimage\"},\"thumbnailUrl\":\"https:\/\/tallinndesignhouse.com\/wp-content\/uploads\/2022\/07\/Kriss-Soonik-gone-tanning-bikini-top-cats3.jpg\",\"datePublished\":\"2022-07-11T14:36:12+00:00\",\"dateModified\":\"2026-05-15T15:05:05+00:00\",\"description\":\"Kriss Soonik Gone Tanning \u00fcmberp\u00f6\u00f6ratavad bikiinip\u00fcksid. K\u00fclgedel seotavad paelad mustade helmestega otstes.\",\"breadcrumb\":{\"@id\":\"https:\/\/tallinndesignhouse.com\/toode\/gone-tanning-umberpooratavad-bikiinipuksid\/#breadcrumb\"},\"inLanguage\":\"en-US\",\"potentialAction\":[{\"@type\":\"ReadAction\",\"target\":[\"https:\/\/tallinndesignhouse.com\/toode\/gone-tanning-umberpooratavad-bikiinipuksid\/\"]}]},{\"@type\":\"ImageObject\",\"inLanguage\":\"en-US\",\"@id\":\"https:\/\/tallinndesignhouse.com\/toode\/gone-tanning-umberpooratavad-bikiinipuksid\/#primaryimage\",\"url\":\"https:\/\/tallinndesignhouse.com\/wp-content\/uploads\/2022\/07\/Kriss-Soonik-gone-tanning-bikini-top-cats3.jpg\",\"contentUrl\":\"https:\/\/tallinndesignhouse.com\/wp-content\/uploads\/2022\/07\/Kriss-Soonik-gone-tanning-bikini-top-cats3.jpg\",\"width\":1000,\"height\":1500,\"caption\":\"Kriss Soonik gone-tanning-bikini-top-cats3\"},{\"@type\":\"BreadcrumbList\",\"@id\":\"https:\/\/tallinndesignhouse.com\/toode\/gone-tanning-umberpooratavad-bikiinipuksid\/#breadcrumb\",\"itemListElement\":[{\"@type\":\"ListItem\",\"position\":1,\"name\":\"Home\",\"item\":\"https:\/\/tallinndesignhouse.com\/en\/\"},{\"@type\":\"ListItem\",\"position\":2,\"name\":\"Shop\",\"item\":\"https:\/\/tallinndesignhouse.com\/en\/shop\/\"},{\"@type\":\"ListItem\",\"position\":3,\"name\":\"Gone tanning reversible bikini bottom\"}]},{\"@type\":\"WebSite\",\"@id\":\"https:\/\/tallinndesignhouse.com\/#website\",\"url\":\"https:\/\/tallinndesignhouse.com\/\",\"name\":\"Tallinn Design House\",\"description\":\"Eesti disain Rotermanni kvartalis\",\"potentialAction\":[{\"@type\":\"SearchAction\",\"target\":{\"@type\":\"EntryPoint\",\"urlTemplate\":\"https:\/\/tallinndesignhouse.com\/?s={search_term_string}\"},\"query-input\":{\"@type\":\"PropertyValueSpecification\",\"valueRequired\":true,\"valueName\":\"search_term_string\"}}],\"inLanguage\":\"en-US\"}]}<\/script>\n<!-- \/ Yoast SEO plugin. -->","yoast_head_json":{"title":"Kriss Soonik Gone tanning reversible bikini bottom - Tallinn Design House","description":"Kriss Soonik Gone Tanning \u00fcmberp\u00f6\u00f6ratavad bikiinip\u00fcksid. K\u00fclgedel seotavad paelad mustade helmestega otstes.","robots":{"index":"index","follow":"follow","max-snippet":"max-snippet:-1","max-image-preview":"max-image-preview:large","max-video-preview":"max-video-preview:-1"},"canonical":"https:\/\/tallinndesignhouse.com\/toode\/gone-tanning-umberpooratavad-bikiinipuksid\/","og_locale":"en_US","og_type":"article","og_title":"Kriss Soonik Gone tanning reversible bikini bottom - Tallinn Design House","og_description":"Kriss Soonik Gone Tanning \u00fcmberp\u00f6\u00f6ratavad bikiinip\u00fcksid. K\u00fclgedel seotavad paelad mustade helmestega otstes.","og_url":"https:\/\/tallinndesignhouse.com\/toode\/gone-tanning-umberpooratavad-bikiinipuksid\/","og_site_name":"Tallinn Design House","article_modified_time":"2026-05-15T15:05:05+00:00","og_image":[{"width":1000,"height":1500,"url":"https:\/\/tallinndesignhouse.com\/wp-content\/uploads\/2022\/07\/Kriss-Soonik-gone-tanning-bikini-top-cats3.jpg","type":"image\/jpeg"}],"twitter_card":"summary_large_image","schema":{"@context":"https:\/\/schema.org","@graph":[{"@type":"WebPage","@id":"https:\/\/tallinndesignhouse.com\/toode\/gone-tanning-umberpooratavad-bikiinipuksid\/","url":"https:\/\/tallinndesignhouse.com\/toode\/gone-tanning-umberpooratavad-bikiinipuksid\/","name":"Kriss Soonik Gone tanning reversible bikini bottom - Tallinn Design House","isPartOf":{"@id":"https:\/\/tallinndesignhouse.com\/#website"},"primaryImageOfPage":{"@id":"https:\/\/tallinndesignhouse.com\/toode\/gone-tanning-umberpooratavad-bikiinipuksid\/#primaryimage"},"image":{"@id":"https:\/\/tallinndesignhouse.com\/toode\/gone-tanning-umberpooratavad-bikiinipuksid\/#primaryimage"},"thumbnailUrl":"https:\/\/tallinndesignhouse.com\/wp-content\/uploads\/2022\/07\/Kriss-Soonik-gone-tanning-bikini-top-cats3.jpg","datePublished":"2022-07-11T14:36:12+00:00","dateModified":"2026-05-15T15:05:05+00:00","description":"Kriss Soonik Gone Tanning \u00fcmberp\u00f6\u00f6ratavad bikiinip\u00fcksid. K\u00fclgedel seotavad paelad mustade helmestega otstes.","breadcrumb":{"@id":"https:\/\/tallinndesignhouse.com\/toode\/gone-tanning-umberpooratavad-bikiinipuksid\/#breadcrumb"},"inLanguage":"en-US","potentialAction":[{"@type":"ReadAction","target":["https:\/\/tallinndesignhouse.com\/toode\/gone-tanning-umberpooratavad-bikiinipuksid\/"]}]},{"@type":"ImageObject","inLanguage":"en-US","@id":"https:\/\/tallinndesignhouse.com\/toode\/gone-tanning-umberpooratavad-bikiinipuksid\/#primaryimage","url":"https:\/\/tallinndesignhouse.com\/wp-content\/uploads\/2022\/07\/Kriss-Soonik-gone-tanning-bikini-top-cats3.jpg","contentUrl":"https:\/\/tallinndesignhouse.com\/wp-content\/uploads\/2022\/07\/Kriss-Soonik-gone-tanning-bikini-top-cats3.jpg","width":1000,"height":1500,"caption":"Kriss Soonik gone-tanning-bikini-top-cats3"},{"@type":"BreadcrumbList","@id":"https:\/\/tallinndesignhouse.com\/toode\/gone-tanning-umberpooratavad-bikiinipuksid\/#breadcrumb","itemListElement":[{"@type":"ListItem","position":1,"name":"Home","item":"https:\/\/tallinndesignhouse.com\/en\/"},{"@type":"ListItem","position":2,"name":"Shop","item":"https:\/\/tallinndesignhouse.com\/en\/shop\/"},{"@type":"ListItem","position":3,"name":"Gone tanning reversible bikini bottom"}]},{"@type":"WebSite","@id":"https:\/\/tallinndesignhouse.com\/#website","url":"https:\/\/tallinndesignhouse.com\/","name":"Tallinn Design House","description":"Eesti disain Rotermanni kvartalis","potentialAction":[{"@type":"SearchAction","target":{"@type":"EntryPoint","urlTemplate":"https:\/\/tallinndesignhouse.com\/?s={search_term_string}"},"query-input":{"@type":"PropertyValueSpecification","valueRequired":true,"valueName":"search_term_string"}}],"inLanguage":"en-US"}]}},"_links":{"self":[{"href":"https:\/\/tallinndesignhouse.com\/en\/wp-json\/wp\/v2\/product\/42294","targetHints":{"allow":["GET"]}}],"collection":[{"href":"https:\/\/tallinndesignhouse.com\/en\/wp-json\/wp\/v2\/product"}],"about":[{"href":"https:\/\/tallinndesignhouse.com\/en\/wp-json\/wp\/v2\/types\/product"}],"wp:featuredmedia":[{"embeddable":true,"href":"https:\/\/tallinndesignhouse.com\/en\/wp-json\/wp\/v2\/media\/42284"}],"wp:attachment":[{"href":"https:\/\/tallinndesignhouse.com\/en\/wp-json\/wp\/v2\/media?parent=42294"}],"wp:term":[{"taxonomy":"product_brand","embeddable":true,"href":"https:\/\/tallinndesignhouse.com\/en\/wp-json\/wp\/v2\/product_brand?post=42294"},{"taxonomy":"product_cat","embeddable":true,"href":"https:\/\/tallinndesignhouse.com\/en\/wp-json\/wp\/v2\/product_cat?post=42294"},{"taxonomy":"product_tag","embeddable":true,"href":"https:\/\/tallinndesignhouse.com\/en\/wp-json\/wp\/v2\/product_tag?post=42294"}],"curies":[{"name":"wp","href":"https:\/\/api.w.org\/{rel}","templated":true}]}}