{"id":42300,"date":"2022-07-11T17:36:13","date_gmt":"2022-07-11T14:36:13","guid":{"rendered":"https:\/\/tallinndesignhouse.com\/toode\/gone-tanning-umberpooratav-bikiinitop\/"},"modified":"2026-05-15T19:05:05","modified_gmt":"2026-05-15T16:05:05","slug":"gone-tanning-umberpooratav-bikiinitop","status":"publish","type":"product","link":"https:\/\/tallinndesignhouse.com\/en\/toode\/gone-tanning-umberpooratav-bikiinitop\/","title":{"rendered":"Gone Tanning Reversible Bikini Top"},"content":{"rendered":"<p>Our bestselling reversible bandeau bikini top. Wear it as classic black or turn it around and rock the signature nude Cat Logo pattern. Gone tanning bikini ties at back and it has boning on sides. Finished with a Kriss Soonik gold metal label in the front.\u00a0Comes in one size. Fits true to size. Reversible. Material 80% polyamide, 20% elastane, UV UPF 50+ protection. Hand wash only. Made in Estonia.<\/p>\n","protected":false},"excerpt":{"rendered":"<p>Our bestselling reversible bandeau bikini top. Wear it as classic black or turn it around and rock the signature nude Cat Logo pattern. Gone tanning bikini ties at back and it has boning on sides. Finished with a Kriss Soonik gold metal label in the front.\u00a0Comes in one size. Fits true to size. Reversible. Material [&hellip;]<\/p>\n","protected":false},"featured_media":42274,"template":"","meta":{"_acf_changed":false},"product_brand":[],"product_cat":[888,887],"product_tag":[2818],"class_list":{"0":"post-42300","1":"product","2":"type-product","3":"status-publish","4":"has-post-thumbnail","6":"product_cat-sargid_ja_pluusid","7":"product_cat-roivad","8":"product_tag-naised","9":"pa_brand-kriss-soonik","11":"pa_suurus-one-size","14":"first","15":"instock","16":"taxable","17":"shipping-taxable","18":"purchasable","19":"product-type-variable"},"acf":[],"yoast_head":"<!-- This site is optimized with the Yoast SEO plugin v26.0 - https:\/\/yoast.com\/wordpress\/plugins\/seo\/ -->\n<title>Kriss Soonik Gone Tanning Reversible Bikini Top - Tallinn Design House<\/title>\n<meta name=\"description\" content=\"Kriss Soonik enimm\u00fc\u00fcdud \u00fcmberp\u00f6\u00f6ratav bikiinitop. \u00dcks pool klassikalist musta v\u00e4rvi, teisel pool logo kassi muster.\" \/>\n<meta name=\"robots\" content=\"index, follow, max-snippet:-1, max-image-preview:large, max-video-preview:-1\" \/>\n<link rel=\"canonical\" href=\"https:\/\/tallinndesignhouse.com\/toode\/gone-tanning-umberpooratav-bikiinitop\/\" \/>\n<meta property=\"og:locale\" content=\"en_US\" \/>\n<meta property=\"og:type\" content=\"article\" \/>\n<meta property=\"og:title\" content=\"Kriss Soonik Gone Tanning Reversible Bikini Top - Tallinn Design House\" \/>\n<meta property=\"og:description\" content=\"Kriss Soonik enimm\u00fc\u00fcdud \u00fcmberp\u00f6\u00f6ratav bikiinitop. \u00dcks pool klassikalist musta v\u00e4rvi, teisel pool logo kassi muster.\" \/>\n<meta property=\"og:url\" content=\"https:\/\/tallinndesignhouse.com\/toode\/gone-tanning-umberpooratav-bikiinitop\/\" \/>\n<meta property=\"og:site_name\" content=\"Tallinn Design House\" \/>\n<meta property=\"article:modified_time\" content=\"2026-05-15T16:05:05+00:00\" \/>\n<meta property=\"og:image\" content=\"https:\/\/tallinndesignhouse.com\/wp-content\/uploads\/2022\/07\/Kriss-Soonik-gone-tanning-bikini-bottom3.jpg\" \/>\n\t<meta property=\"og:image:width\" content=\"1000\" \/>\n\t<meta property=\"og:image:height\" content=\"1500\" \/>\n\t<meta property=\"og:image:type\" content=\"image\/jpeg\" \/>\n<meta name=\"twitter:card\" content=\"summary_large_image\" \/>\n<script type=\"application\/ld+json\" class=\"yoast-schema-graph\">{\"@context\":\"https:\/\/schema.org\",\"@graph\":[{\"@type\":\"WebPage\",\"@id\":\"https:\/\/tallinndesignhouse.com\/toode\/gone-tanning-umberpooratav-bikiinitop\/\",\"url\":\"https:\/\/tallinndesignhouse.com\/toode\/gone-tanning-umberpooratav-bikiinitop\/\",\"name\":\"Kriss Soonik Gone Tanning Reversible Bikini Top - Tallinn Design House\",\"isPartOf\":{\"@id\":\"https:\/\/tallinndesignhouse.com\/#website\"},\"primaryImageOfPage\":{\"@id\":\"https:\/\/tallinndesignhouse.com\/toode\/gone-tanning-umberpooratav-bikiinitop\/#primaryimage\"},\"image\":{\"@id\":\"https:\/\/tallinndesignhouse.com\/toode\/gone-tanning-umberpooratav-bikiinitop\/#primaryimage\"},\"thumbnailUrl\":\"https:\/\/tallinndesignhouse.com\/wp-content\/uploads\/2022\/07\/Kriss-Soonik-gone-tanning-bikini-bottom3.jpg\",\"datePublished\":\"2022-07-11T14:36:13+00:00\",\"dateModified\":\"2026-05-15T16:05:05+00:00\",\"description\":\"Kriss Soonik enimm\u00fc\u00fcdud \u00fcmberp\u00f6\u00f6ratav bikiinitop. \u00dcks pool klassikalist musta v\u00e4rvi, teisel pool logo kassi muster.\",\"breadcrumb\":{\"@id\":\"https:\/\/tallinndesignhouse.com\/toode\/gone-tanning-umberpooratav-bikiinitop\/#breadcrumb\"},\"inLanguage\":\"en-US\",\"potentialAction\":[{\"@type\":\"ReadAction\",\"target\":[\"https:\/\/tallinndesignhouse.com\/toode\/gone-tanning-umberpooratav-bikiinitop\/\"]}]},{\"@type\":\"ImageObject\",\"inLanguage\":\"en-US\",\"@id\":\"https:\/\/tallinndesignhouse.com\/toode\/gone-tanning-umberpooratav-bikiinitop\/#primaryimage\",\"url\":\"https:\/\/tallinndesignhouse.com\/wp-content\/uploads\/2022\/07\/Kriss-Soonik-gone-tanning-bikini-bottom3.jpg\",\"contentUrl\":\"https:\/\/tallinndesignhouse.com\/wp-content\/uploads\/2022\/07\/Kriss-Soonik-gone-tanning-bikini-bottom3.jpg\",\"width\":1000,\"height\":1500,\"caption\":\"Kriss Soonik gone tanning bikini bottom3\"},{\"@type\":\"BreadcrumbList\",\"@id\":\"https:\/\/tallinndesignhouse.com\/toode\/gone-tanning-umberpooratav-bikiinitop\/#breadcrumb\",\"itemListElement\":[{\"@type\":\"ListItem\",\"position\":1,\"name\":\"Home\",\"item\":\"https:\/\/tallinndesignhouse.com\/en\/\"},{\"@type\":\"ListItem\",\"position\":2,\"name\":\"Shop\",\"item\":\"https:\/\/tallinndesignhouse.com\/en\/shop\/\"},{\"@type\":\"ListItem\",\"position\":3,\"name\":\"Gone Tanning Reversible Bikini Top\"}]},{\"@type\":\"WebSite\",\"@id\":\"https:\/\/tallinndesignhouse.com\/#website\",\"url\":\"https:\/\/tallinndesignhouse.com\/\",\"name\":\"Tallinn Design House\",\"description\":\"Eesti disain Rotermanni kvartalis\",\"potentialAction\":[{\"@type\":\"SearchAction\",\"target\":{\"@type\":\"EntryPoint\",\"urlTemplate\":\"https:\/\/tallinndesignhouse.com\/?s={search_term_string}\"},\"query-input\":{\"@type\":\"PropertyValueSpecification\",\"valueRequired\":true,\"valueName\":\"search_term_string\"}}],\"inLanguage\":\"en-US\"}]}<\/script>\n<!-- \/ Yoast SEO plugin. -->","yoast_head_json":{"title":"Kriss Soonik Gone Tanning Reversible Bikini Top - Tallinn Design House","description":"Kriss Soonik enimm\u00fc\u00fcdud \u00fcmberp\u00f6\u00f6ratav bikiinitop. \u00dcks pool klassikalist musta v\u00e4rvi, teisel pool logo kassi muster.","robots":{"index":"index","follow":"follow","max-snippet":"max-snippet:-1","max-image-preview":"max-image-preview:large","max-video-preview":"max-video-preview:-1"},"canonical":"https:\/\/tallinndesignhouse.com\/toode\/gone-tanning-umberpooratav-bikiinitop\/","og_locale":"en_US","og_type":"article","og_title":"Kriss Soonik Gone Tanning Reversible Bikini Top - Tallinn Design House","og_description":"Kriss Soonik enimm\u00fc\u00fcdud \u00fcmberp\u00f6\u00f6ratav bikiinitop. \u00dcks pool klassikalist musta v\u00e4rvi, teisel pool logo kassi muster.","og_url":"https:\/\/tallinndesignhouse.com\/toode\/gone-tanning-umberpooratav-bikiinitop\/","og_site_name":"Tallinn Design House","article_modified_time":"2026-05-15T16:05:05+00:00","og_image":[{"width":1000,"height":1500,"url":"https:\/\/tallinndesignhouse.com\/wp-content\/uploads\/2022\/07\/Kriss-Soonik-gone-tanning-bikini-bottom3.jpg","type":"image\/jpeg"}],"twitter_card":"summary_large_image","schema":{"@context":"https:\/\/schema.org","@graph":[{"@type":"WebPage","@id":"https:\/\/tallinndesignhouse.com\/toode\/gone-tanning-umberpooratav-bikiinitop\/","url":"https:\/\/tallinndesignhouse.com\/toode\/gone-tanning-umberpooratav-bikiinitop\/","name":"Kriss Soonik Gone Tanning Reversible Bikini Top - Tallinn Design House","isPartOf":{"@id":"https:\/\/tallinndesignhouse.com\/#website"},"primaryImageOfPage":{"@id":"https:\/\/tallinndesignhouse.com\/toode\/gone-tanning-umberpooratav-bikiinitop\/#primaryimage"},"image":{"@id":"https:\/\/tallinndesignhouse.com\/toode\/gone-tanning-umberpooratav-bikiinitop\/#primaryimage"},"thumbnailUrl":"https:\/\/tallinndesignhouse.com\/wp-content\/uploads\/2022\/07\/Kriss-Soonik-gone-tanning-bikini-bottom3.jpg","datePublished":"2022-07-11T14:36:13+00:00","dateModified":"2026-05-15T16:05:05+00:00","description":"Kriss Soonik enimm\u00fc\u00fcdud \u00fcmberp\u00f6\u00f6ratav bikiinitop. \u00dcks pool klassikalist musta v\u00e4rvi, teisel pool logo kassi muster.","breadcrumb":{"@id":"https:\/\/tallinndesignhouse.com\/toode\/gone-tanning-umberpooratav-bikiinitop\/#breadcrumb"},"inLanguage":"en-US","potentialAction":[{"@type":"ReadAction","target":["https:\/\/tallinndesignhouse.com\/toode\/gone-tanning-umberpooratav-bikiinitop\/"]}]},{"@type":"ImageObject","inLanguage":"en-US","@id":"https:\/\/tallinndesignhouse.com\/toode\/gone-tanning-umberpooratav-bikiinitop\/#primaryimage","url":"https:\/\/tallinndesignhouse.com\/wp-content\/uploads\/2022\/07\/Kriss-Soonik-gone-tanning-bikini-bottom3.jpg","contentUrl":"https:\/\/tallinndesignhouse.com\/wp-content\/uploads\/2022\/07\/Kriss-Soonik-gone-tanning-bikini-bottom3.jpg","width":1000,"height":1500,"caption":"Kriss Soonik gone tanning bikini bottom3"},{"@type":"BreadcrumbList","@id":"https:\/\/tallinndesignhouse.com\/toode\/gone-tanning-umberpooratav-bikiinitop\/#breadcrumb","itemListElement":[{"@type":"ListItem","position":1,"name":"Home","item":"https:\/\/tallinndesignhouse.com\/en\/"},{"@type":"ListItem","position":2,"name":"Shop","item":"https:\/\/tallinndesignhouse.com\/en\/shop\/"},{"@type":"ListItem","position":3,"name":"Gone Tanning Reversible Bikini Top"}]},{"@type":"WebSite","@id":"https:\/\/tallinndesignhouse.com\/#website","url":"https:\/\/tallinndesignhouse.com\/","name":"Tallinn Design House","description":"Eesti disain Rotermanni kvartalis","potentialAction":[{"@type":"SearchAction","target":{"@type":"EntryPoint","urlTemplate":"https:\/\/tallinndesignhouse.com\/?s={search_term_string}"},"query-input":{"@type":"PropertyValueSpecification","valueRequired":true,"valueName":"search_term_string"}}],"inLanguage":"en-US"}]}},"_links":{"self":[{"href":"https:\/\/tallinndesignhouse.com\/en\/wp-json\/wp\/v2\/product\/42300","targetHints":{"allow":["GET"]}}],"collection":[{"href":"https:\/\/tallinndesignhouse.com\/en\/wp-json\/wp\/v2\/product"}],"about":[{"href":"https:\/\/tallinndesignhouse.com\/en\/wp-json\/wp\/v2\/types\/product"}],"wp:featuredmedia":[{"embeddable":true,"href":"https:\/\/tallinndesignhouse.com\/en\/wp-json\/wp\/v2\/media\/42274"}],"wp:attachment":[{"href":"https:\/\/tallinndesignhouse.com\/en\/wp-json\/wp\/v2\/media?parent=42300"}],"wp:term":[{"taxonomy":"product_brand","embeddable":true,"href":"https:\/\/tallinndesignhouse.com\/en\/wp-json\/wp\/v2\/product_brand?post=42300"},{"taxonomy":"product_cat","embeddable":true,"href":"https:\/\/tallinndesignhouse.com\/en\/wp-json\/wp\/v2\/product_cat?post=42300"},{"taxonomy":"product_tag","embeddable":true,"href":"https:\/\/tallinndesignhouse.com\/en\/wp-json\/wp\/v2\/product_tag?post=42300"}],"curies":[{"name":"wp","href":"https:\/\/api.w.org\/{rel}","templated":true}]}}