{"id":763181,"date":"2022-09-12T19:23:46","date_gmt":"2022-09-12T16:23:46","guid":{"rendered":"https:\/\/tallinndesignhouse.com\/toode\/orn-neroli-naopuhastusvaht\/"},"modified":"2026-04-13T01:01:40","modified_gmt":"2026-04-12T22:01:40","slug":"orn-neroli-naopuhastusvaht","status":"publish","type":"product","link":"https:\/\/tallinndesignhouse.com\/en\/toode\/orn-neroli-naopuhastusvaht\/","title":{"rendered":"Gentle facial Cleansing foam"},"content":{"rendered":"<p>Gentle facial Cleansing foam by Nurme with neroli and passion fruit vitamins, loosens and sweeps away make-up and impurities. Provitamin B5 and babassu oil uplift and tone skin\u2019s moisture barrier for a flawless looking complexion. Apply to damp skin, gently massage, and rinse clean. Removes make-up\/rinse-off. Measures 150 ml.<\/p>\n","protected":false},"excerpt":{"rendered":"<p>Gentle facial Cleansing foam by Nurme with neroli and passion fruit vitamins, loosens and sweeps away make-up and impurities. Provitamin B5 and babassu oil uplift and tone skin\u2019s moisture barrier for a flawless looking complexion. Apply to damp skin, gently massage, and rinse clean. Removes make-up\/rinse-off. Measures 150 ml.<\/p>\n","protected":false},"featured_media":760607,"template":"","meta":{"_acf_changed":false},"product_brand":[],"product_cat":[2242],"product_tag":[2819],"class_list":{"0":"post-763181","1":"product","2":"type-product","3":"status-publish","4":"has-post-thumbnail","6":"product_cat-face","7":"product_tag-women","8":"pa_brand-nurme-en","11":"first","12":"instock","13":"taxable","14":"shipping-taxable","15":"purchasable","16":"product-type-simple"},"acf":[],"yoast_head":"<!-- This site is optimized with the Yoast SEO plugin v26.0 - https:\/\/yoast.com\/wordpress\/plugins\/seo\/ -->\n<title>Nurme Gentle facial Cleansing foam - Tallinn Design House<\/title>\n<meta name=\"description\" content=\"Nurme \u00f5rn n\u00e4opuhastusvaht neroli ja kirevilja vitamiinidega, eemaldab meigi ja ebapuhtused. Pro vitamiin B5 ja babassu\u00f5li t\u00f5stab naha niiskustasakaalu.\" \/>\n<meta name=\"robots\" content=\"index, follow, max-snippet:-1, max-image-preview:large, max-video-preview:-1\" \/>\n<link rel=\"canonical\" href=\"https:\/\/tallinndesignhouse.com\/en\/toode\/orn-neroli-naopuhastusvaht\/\" \/>\n<meta property=\"og:locale\" content=\"en_US\" \/>\n<meta property=\"og:type\" content=\"article\" \/>\n<meta property=\"og:title\" content=\"Nurme Gentle facial Cleansing foam - Tallinn Design House\" \/>\n<meta property=\"og:description\" content=\"Nurme \u00f5rn n\u00e4opuhastusvaht neroli ja kirevilja vitamiinidega, eemaldab meigi ja ebapuhtused. Pro vitamiin B5 ja babassu\u00f5li t\u00f5stab naha niiskustasakaalu.\" \/>\n<meta property=\"og:url\" content=\"https:\/\/tallinndesignhouse.com\/en\/toode\/orn-neroli-naopuhastusvaht\/\" \/>\n<meta property=\"og:site_name\" content=\"Tallinn Design House\" \/>\n<meta property=\"article:modified_time\" content=\"2026-04-12T22:01:40+00:00\" \/>\n<meta property=\"og:image\" content=\"https:\/\/tallinndesignhouse.com\/wp-content\/uploads\/2022\/09\/Nurme-neroli-na\u0308opuhastusvaht.jpg\" \/>\n\t<meta property=\"og:image:width\" content=\"1000\" \/>\n\t<meta property=\"og:image:height\" content=\"1000\" \/>\n\t<meta property=\"og:image:type\" content=\"image\/jpeg\" \/>\n<meta name=\"twitter:card\" content=\"summary_large_image\" \/>\n<meta name=\"twitter:label1\" content=\"Est. reading time\" \/>\n\t<meta name=\"twitter:data1\" content=\"1 minute\" \/>\n<script type=\"application\/ld+json\" class=\"yoast-schema-graph\">{\"@context\":\"https:\/\/schema.org\",\"@graph\":[{\"@type\":\"WebPage\",\"@id\":\"https:\/\/tallinndesignhouse.com\/en\/toode\/orn-neroli-naopuhastusvaht\/\",\"url\":\"https:\/\/tallinndesignhouse.com\/en\/toode\/orn-neroli-naopuhastusvaht\/\",\"name\":\"Nurme Gentle facial Cleansing foam - Tallinn Design House\",\"isPartOf\":{\"@id\":\"https:\/\/tallinndesignhouse.com\/#website\"},\"primaryImageOfPage\":{\"@id\":\"https:\/\/tallinndesignhouse.com\/en\/toode\/orn-neroli-naopuhastusvaht\/#primaryimage\"},\"image\":{\"@id\":\"https:\/\/tallinndesignhouse.com\/en\/toode\/orn-neroli-naopuhastusvaht\/#primaryimage\"},\"thumbnailUrl\":\"https:\/\/tallinndesignhouse.com\/wp-content\/uploads\/2022\/09\/Nurme-neroli-na\u0308opuhastusvaht.jpg\",\"datePublished\":\"2022-09-12T16:23:46+00:00\",\"dateModified\":\"2026-04-12T22:01:40+00:00\",\"description\":\"Nurme \u00f5rn n\u00e4opuhastusvaht neroli ja kirevilja vitamiinidega, eemaldab meigi ja ebapuhtused. Pro vitamiin B5 ja babassu\u00f5li t\u00f5stab naha niiskustasakaalu.\",\"breadcrumb\":{\"@id\":\"https:\/\/tallinndesignhouse.com\/en\/toode\/orn-neroli-naopuhastusvaht\/#breadcrumb\"},\"inLanguage\":\"en-US\",\"potentialAction\":[{\"@type\":\"ReadAction\",\"target\":[\"https:\/\/tallinndesignhouse.com\/en\/toode\/orn-neroli-naopuhastusvaht\/\"]}]},{\"@type\":\"ImageObject\",\"inLanguage\":\"en-US\",\"@id\":\"https:\/\/tallinndesignhouse.com\/en\/toode\/orn-neroli-naopuhastusvaht\/#primaryimage\",\"url\":\"https:\/\/tallinndesignhouse.com\/wp-content\/uploads\/2022\/09\/Nurme-neroli-na\u0308opuhastusvaht.jpg\",\"contentUrl\":\"https:\/\/tallinndesignhouse.com\/wp-content\/uploads\/2022\/09\/Nurme-neroli-na\u0308opuhastusvaht.jpg\",\"width\":1000,\"height\":1000,\"caption\":\"Nurme neroli na\u0308opuhastusvaht\"},{\"@type\":\"BreadcrumbList\",\"@id\":\"https:\/\/tallinndesignhouse.com\/en\/toode\/orn-neroli-naopuhastusvaht\/#breadcrumb\",\"itemListElement\":[{\"@type\":\"ListItem\",\"position\":1,\"name\":\"Home\",\"item\":\"https:\/\/tallinndesignhouse.com\/en\/\"},{\"@type\":\"ListItem\",\"position\":2,\"name\":\"Shop\",\"item\":\"https:\/\/tallinndesignhouse.com\/en\/shop\/\"},{\"@type\":\"ListItem\",\"position\":3,\"name\":\"Gentle facial Cleansing foam\"}]},{\"@type\":\"WebSite\",\"@id\":\"https:\/\/tallinndesignhouse.com\/#website\",\"url\":\"https:\/\/tallinndesignhouse.com\/\",\"name\":\"Tallinn Design House\",\"description\":\"Eesti disain Rotermanni kvartalis\",\"potentialAction\":[{\"@type\":\"SearchAction\",\"target\":{\"@type\":\"EntryPoint\",\"urlTemplate\":\"https:\/\/tallinndesignhouse.com\/?s={search_term_string}\"},\"query-input\":{\"@type\":\"PropertyValueSpecification\",\"valueRequired\":true,\"valueName\":\"search_term_string\"}}],\"inLanguage\":\"en-US\"}]}<\/script>\n<!-- \/ Yoast SEO plugin. -->","yoast_head_json":{"title":"Nurme Gentle facial Cleansing foam - Tallinn Design House","description":"Nurme \u00f5rn n\u00e4opuhastusvaht neroli ja kirevilja vitamiinidega, eemaldab meigi ja ebapuhtused. Pro vitamiin B5 ja babassu\u00f5li t\u00f5stab naha niiskustasakaalu.","robots":{"index":"index","follow":"follow","max-snippet":"max-snippet:-1","max-image-preview":"max-image-preview:large","max-video-preview":"max-video-preview:-1"},"canonical":"https:\/\/tallinndesignhouse.com\/en\/toode\/orn-neroli-naopuhastusvaht\/","og_locale":"en_US","og_type":"article","og_title":"Nurme Gentle facial Cleansing foam - Tallinn Design House","og_description":"Nurme \u00f5rn n\u00e4opuhastusvaht neroli ja kirevilja vitamiinidega, eemaldab meigi ja ebapuhtused. Pro vitamiin B5 ja babassu\u00f5li t\u00f5stab naha niiskustasakaalu.","og_url":"https:\/\/tallinndesignhouse.com\/en\/toode\/orn-neroli-naopuhastusvaht\/","og_site_name":"Tallinn Design House","article_modified_time":"2026-04-12T22:01:40+00:00","og_image":[{"width":1000,"height":1000,"url":"https:\/\/tallinndesignhouse.com\/wp-content\/uploads\/2022\/09\/Nurme-neroli-na\u0308opuhastusvaht.jpg","type":"image\/jpeg"}],"twitter_card":"summary_large_image","twitter_misc":{"Est. reading time":"1 minute"},"schema":{"@context":"https:\/\/schema.org","@graph":[{"@type":"WebPage","@id":"https:\/\/tallinndesignhouse.com\/en\/toode\/orn-neroli-naopuhastusvaht\/","url":"https:\/\/tallinndesignhouse.com\/en\/toode\/orn-neroli-naopuhastusvaht\/","name":"Nurme Gentle facial Cleansing foam - Tallinn Design House","isPartOf":{"@id":"https:\/\/tallinndesignhouse.com\/#website"},"primaryImageOfPage":{"@id":"https:\/\/tallinndesignhouse.com\/en\/toode\/orn-neroli-naopuhastusvaht\/#primaryimage"},"image":{"@id":"https:\/\/tallinndesignhouse.com\/en\/toode\/orn-neroli-naopuhastusvaht\/#primaryimage"},"thumbnailUrl":"https:\/\/tallinndesignhouse.com\/wp-content\/uploads\/2022\/09\/Nurme-neroli-na\u0308opuhastusvaht.jpg","datePublished":"2022-09-12T16:23:46+00:00","dateModified":"2026-04-12T22:01:40+00:00","description":"Nurme \u00f5rn n\u00e4opuhastusvaht neroli ja kirevilja vitamiinidega, eemaldab meigi ja ebapuhtused. Pro vitamiin B5 ja babassu\u00f5li t\u00f5stab naha niiskustasakaalu.","breadcrumb":{"@id":"https:\/\/tallinndesignhouse.com\/en\/toode\/orn-neroli-naopuhastusvaht\/#breadcrumb"},"inLanguage":"en-US","potentialAction":[{"@type":"ReadAction","target":["https:\/\/tallinndesignhouse.com\/en\/toode\/orn-neroli-naopuhastusvaht\/"]}]},{"@type":"ImageObject","inLanguage":"en-US","@id":"https:\/\/tallinndesignhouse.com\/en\/toode\/orn-neroli-naopuhastusvaht\/#primaryimage","url":"https:\/\/tallinndesignhouse.com\/wp-content\/uploads\/2022\/09\/Nurme-neroli-na\u0308opuhastusvaht.jpg","contentUrl":"https:\/\/tallinndesignhouse.com\/wp-content\/uploads\/2022\/09\/Nurme-neroli-na\u0308opuhastusvaht.jpg","width":1000,"height":1000,"caption":"Nurme neroli na\u0308opuhastusvaht"},{"@type":"BreadcrumbList","@id":"https:\/\/tallinndesignhouse.com\/en\/toode\/orn-neroli-naopuhastusvaht\/#breadcrumb","itemListElement":[{"@type":"ListItem","position":1,"name":"Home","item":"https:\/\/tallinndesignhouse.com\/en\/"},{"@type":"ListItem","position":2,"name":"Shop","item":"https:\/\/tallinndesignhouse.com\/en\/shop\/"},{"@type":"ListItem","position":3,"name":"Gentle facial Cleansing foam"}]},{"@type":"WebSite","@id":"https:\/\/tallinndesignhouse.com\/#website","url":"https:\/\/tallinndesignhouse.com\/","name":"Tallinn Design House","description":"Eesti disain Rotermanni kvartalis","potentialAction":[{"@type":"SearchAction","target":{"@type":"EntryPoint","urlTemplate":"https:\/\/tallinndesignhouse.com\/?s={search_term_string}"},"query-input":{"@type":"PropertyValueSpecification","valueRequired":true,"valueName":"search_term_string"}}],"inLanguage":"en-US"}]}},"_links":{"self":[{"href":"https:\/\/tallinndesignhouse.com\/en\/wp-json\/wp\/v2\/product\/763181","targetHints":{"allow":["GET"]}}],"collection":[{"href":"https:\/\/tallinndesignhouse.com\/en\/wp-json\/wp\/v2\/product"}],"about":[{"href":"https:\/\/tallinndesignhouse.com\/en\/wp-json\/wp\/v2\/types\/product"}],"wp:featuredmedia":[{"embeddable":true,"href":"https:\/\/tallinndesignhouse.com\/en\/wp-json\/wp\/v2\/media\/760607"}],"wp:attachment":[{"href":"https:\/\/tallinndesignhouse.com\/en\/wp-json\/wp\/v2\/media?parent=763181"}],"wp:term":[{"taxonomy":"product_brand","embeddable":true,"href":"https:\/\/tallinndesignhouse.com\/en\/wp-json\/wp\/v2\/product_brand?post=763181"},{"taxonomy":"product_cat","embeddable":true,"href":"https:\/\/tallinndesignhouse.com\/en\/wp-json\/wp\/v2\/product_cat?post=763181"},{"taxonomy":"product_tag","embeddable":true,"href":"https:\/\/tallinndesignhouse.com\/en\/wp-json\/wp\/v2\/product_tag?post=763181"}],"curies":[{"name":"wp","href":"https:\/\/api.w.org\/{rel}","templated":true}]}}