{"id":985165,"date":"2022-09-19T15:23:32","date_gmt":"2022-09-19T12:23:32","guid":{"rendered":"https:\/\/tallinndesignhouse.com\/toode\/kleit-spellbound\/"},"modified":"2026-04-18T00:57:47","modified_gmt":"2026-04-17T21:57:47","slug":"kleit-spellbound","status":"publish","type":"product","link":"https:\/\/tallinndesignhouse.com\/en\/toode\/kleit-spellbound\/","title":{"rendered":"Dress Spellbound"},"content":{"rendered":"<p>KARL KORSARS viscose dress is part of the AUTUMN\/WINTER 22\/23 collection that celebrates smooth and breathable fabrics. Cut for an oversized, boxy silhouette, it\u2019s decorated with a digital print and has a pleated sides\u00a0 that swish beautifully. Decorated with Korsars signature digital print. Size: oversize. Material: 100% viscose. Pattern placement might vary.<\/p>\n","protected":false},"excerpt":{"rendered":"<p>KARL KORSARS viscose dress is part of the AUTUMN\/WINTER 22\/23 collection that celebrates smooth and breathable fabrics. Cut for an oversized, boxy silhouette, it\u2019s decorated with a digital print and has a pleated sides\u00a0 that swish beautifully. Decorated with Korsars signature digital print. Size: oversize. Material: 100% viscose. Pattern placement might vary.<\/p>\n","protected":false},"featured_media":986403,"template":"","meta":{"_acf_changed":false},"product_brand":[],"product_cat":[874,887],"product_tag":[2818],"class_list":{"0":"post-985165","1":"product","2":"type-product","3":"status-publish","4":"has-post-thumbnail","6":"product_cat-kleidid","7":"product_cat-roivad","8":"product_tag-naised","9":"pa_brand-karl-korsar","12":"first","13":"instock","14":"taxable","15":"shipping-taxable","16":"purchasable","17":"product-type-simple"},"acf":[],"yoast_head":"<!-- This site is optimized with the Yoast SEO plugin v26.0 - https:\/\/yoast.com\/wordpress\/plugins\/seo\/ -->\n<title>Karl Korsar Dress Spellbound - Tallinn Design House<\/title>\n<meta name=\"description\" content=\"Karl Korsar kleit Spellbound on avara l\u00f5ikega, kaunistatud digitr\u00fckiga. Materjal: 100% viskoos. Mustri paigutus v\u00f5ib erineda. One size.\" \/>\n<meta name=\"robots\" content=\"index, follow, max-snippet:-1, max-image-preview:large, max-video-preview:-1\" \/>\n<link rel=\"canonical\" href=\"https:\/\/tallinndesignhouse.com\/toode\/kleit-spellbound\/\" \/>\n<meta property=\"og:locale\" content=\"en_US\" \/>\n<meta property=\"og:type\" content=\"article\" \/>\n<meta property=\"og:title\" content=\"Karl Korsar Dress Spellbound - Tallinn Design House\" \/>\n<meta property=\"og:description\" content=\"Karl Korsar kleit Spellbound on avara l\u00f5ikega, kaunistatud digitr\u00fckiga. Materjal: 100% viskoos. Mustri paigutus v\u00f5ib erineda. One size.\" \/>\n<meta property=\"og:url\" content=\"https:\/\/tallinndesignhouse.com\/toode\/kleit-spellbound\/\" \/>\n<meta property=\"og:site_name\" content=\"Tallinn Design House\" \/>\n<meta property=\"article:modified_time\" content=\"2026-04-17T21:57:47+00:00\" \/>\n<meta property=\"og:image\" content=\"https:\/\/tallinndesignhouse.com\/wp-content\/uploads\/2022\/09\/Avar-kleit-rohelise-roosa-kirju.karlkorsar-600x900-2.jpg\" \/>\n\t<meta property=\"og:image:width\" content=\"600\" \/>\n\t<meta property=\"og:image:height\" content=\"900\" \/>\n\t<meta property=\"og:image:type\" content=\"image\/jpeg\" \/>\n<meta name=\"twitter:card\" content=\"summary_large_image\" \/>\n<meta name=\"twitter:label1\" content=\"Est. reading time\" \/>\n\t<meta name=\"twitter:data1\" content=\"1 minute\" \/>\n<script type=\"application\/ld+json\" class=\"yoast-schema-graph\">{\"@context\":\"https:\/\/schema.org\",\"@graph\":[{\"@type\":\"WebPage\",\"@id\":\"https:\/\/tallinndesignhouse.com\/toode\/kleit-spellbound\/\",\"url\":\"https:\/\/tallinndesignhouse.com\/toode\/kleit-spellbound\/\",\"name\":\"Karl Korsar Dress Spellbound - Tallinn Design House\",\"isPartOf\":{\"@id\":\"https:\/\/tallinndesignhouse.com\/#website\"},\"primaryImageOfPage\":{\"@id\":\"https:\/\/tallinndesignhouse.com\/toode\/kleit-spellbound\/#primaryimage\"},\"image\":{\"@id\":\"https:\/\/tallinndesignhouse.com\/toode\/kleit-spellbound\/#primaryimage\"},\"thumbnailUrl\":\"https:\/\/tallinndesignhouse.com\/wp-content\/uploads\/2022\/09\/Avar-kleit-rohelise-roosa-kirju.karlkorsar-600x900-2.jpg\",\"datePublished\":\"2022-09-19T12:23:32+00:00\",\"dateModified\":\"2026-04-17T21:57:47+00:00\",\"description\":\"Karl Korsar kleit Spellbound on avara l\u00f5ikega, kaunistatud digitr\u00fckiga. Materjal: 100% viskoos. Mustri paigutus v\u00f5ib erineda. One size.\",\"breadcrumb\":{\"@id\":\"https:\/\/tallinndesignhouse.com\/toode\/kleit-spellbound\/#breadcrumb\"},\"inLanguage\":\"en-US\",\"potentialAction\":[{\"@type\":\"ReadAction\",\"target\":[\"https:\/\/tallinndesignhouse.com\/toode\/kleit-spellbound\/\"]}]},{\"@type\":\"ImageObject\",\"inLanguage\":\"en-US\",\"@id\":\"https:\/\/tallinndesignhouse.com\/toode\/kleit-spellbound\/#primaryimage\",\"url\":\"https:\/\/tallinndesignhouse.com\/wp-content\/uploads\/2022\/09\/Avar-kleit-rohelise-roosa-kirju.karlkorsar-600x900-2.jpg\",\"contentUrl\":\"https:\/\/tallinndesignhouse.com\/wp-content\/uploads\/2022\/09\/Avar-kleit-rohelise-roosa-kirju.karlkorsar-600x900-2.jpg\",\"width\":600,\"height\":900,\"caption\":\"Avar-kleit-rohelise-roosa-kirju.karlkorsar-600x900 2\"},{\"@type\":\"BreadcrumbList\",\"@id\":\"https:\/\/tallinndesignhouse.com\/toode\/kleit-spellbound\/#breadcrumb\",\"itemListElement\":[{\"@type\":\"ListItem\",\"position\":1,\"name\":\"Home\",\"item\":\"https:\/\/tallinndesignhouse.com\/en\/\"},{\"@type\":\"ListItem\",\"position\":2,\"name\":\"Shop\",\"item\":\"https:\/\/tallinndesignhouse.com\/en\/shop\/\"},{\"@type\":\"ListItem\",\"position\":3,\"name\":\"Dress Spellbound\"}]},{\"@type\":\"WebSite\",\"@id\":\"https:\/\/tallinndesignhouse.com\/#website\",\"url\":\"https:\/\/tallinndesignhouse.com\/\",\"name\":\"Tallinn Design House\",\"description\":\"Eesti disain Rotermanni kvartalis\",\"potentialAction\":[{\"@type\":\"SearchAction\",\"target\":{\"@type\":\"EntryPoint\",\"urlTemplate\":\"https:\/\/tallinndesignhouse.com\/?s={search_term_string}\"},\"query-input\":{\"@type\":\"PropertyValueSpecification\",\"valueRequired\":true,\"valueName\":\"search_term_string\"}}],\"inLanguage\":\"en-US\"}]}<\/script>\n<!-- \/ Yoast SEO plugin. -->","yoast_head_json":{"title":"Karl Korsar Dress Spellbound - Tallinn Design House","description":"Karl Korsar kleit Spellbound on avara l\u00f5ikega, kaunistatud digitr\u00fckiga. Materjal: 100% viskoos. Mustri paigutus v\u00f5ib erineda. One size.","robots":{"index":"index","follow":"follow","max-snippet":"max-snippet:-1","max-image-preview":"max-image-preview:large","max-video-preview":"max-video-preview:-1"},"canonical":"https:\/\/tallinndesignhouse.com\/toode\/kleit-spellbound\/","og_locale":"en_US","og_type":"article","og_title":"Karl Korsar Dress Spellbound - Tallinn Design House","og_description":"Karl Korsar kleit Spellbound on avara l\u00f5ikega, kaunistatud digitr\u00fckiga. Materjal: 100% viskoos. Mustri paigutus v\u00f5ib erineda. One size.","og_url":"https:\/\/tallinndesignhouse.com\/toode\/kleit-spellbound\/","og_site_name":"Tallinn Design House","article_modified_time":"2026-04-17T21:57:47+00:00","og_image":[{"width":600,"height":900,"url":"https:\/\/tallinndesignhouse.com\/wp-content\/uploads\/2022\/09\/Avar-kleit-rohelise-roosa-kirju.karlkorsar-600x900-2.jpg","type":"image\/jpeg"}],"twitter_card":"summary_large_image","twitter_misc":{"Est. reading time":"1 minute"},"schema":{"@context":"https:\/\/schema.org","@graph":[{"@type":"WebPage","@id":"https:\/\/tallinndesignhouse.com\/toode\/kleit-spellbound\/","url":"https:\/\/tallinndesignhouse.com\/toode\/kleit-spellbound\/","name":"Karl Korsar Dress Spellbound - Tallinn Design House","isPartOf":{"@id":"https:\/\/tallinndesignhouse.com\/#website"},"primaryImageOfPage":{"@id":"https:\/\/tallinndesignhouse.com\/toode\/kleit-spellbound\/#primaryimage"},"image":{"@id":"https:\/\/tallinndesignhouse.com\/toode\/kleit-spellbound\/#primaryimage"},"thumbnailUrl":"https:\/\/tallinndesignhouse.com\/wp-content\/uploads\/2022\/09\/Avar-kleit-rohelise-roosa-kirju.karlkorsar-600x900-2.jpg","datePublished":"2022-09-19T12:23:32+00:00","dateModified":"2026-04-17T21:57:47+00:00","description":"Karl Korsar kleit Spellbound on avara l\u00f5ikega, kaunistatud digitr\u00fckiga. Materjal: 100% viskoos. Mustri paigutus v\u00f5ib erineda. One size.","breadcrumb":{"@id":"https:\/\/tallinndesignhouse.com\/toode\/kleit-spellbound\/#breadcrumb"},"inLanguage":"en-US","potentialAction":[{"@type":"ReadAction","target":["https:\/\/tallinndesignhouse.com\/toode\/kleit-spellbound\/"]}]},{"@type":"ImageObject","inLanguage":"en-US","@id":"https:\/\/tallinndesignhouse.com\/toode\/kleit-spellbound\/#primaryimage","url":"https:\/\/tallinndesignhouse.com\/wp-content\/uploads\/2022\/09\/Avar-kleit-rohelise-roosa-kirju.karlkorsar-600x900-2.jpg","contentUrl":"https:\/\/tallinndesignhouse.com\/wp-content\/uploads\/2022\/09\/Avar-kleit-rohelise-roosa-kirju.karlkorsar-600x900-2.jpg","width":600,"height":900,"caption":"Avar-kleit-rohelise-roosa-kirju.karlkorsar-600x900 2"},{"@type":"BreadcrumbList","@id":"https:\/\/tallinndesignhouse.com\/toode\/kleit-spellbound\/#breadcrumb","itemListElement":[{"@type":"ListItem","position":1,"name":"Home","item":"https:\/\/tallinndesignhouse.com\/en\/"},{"@type":"ListItem","position":2,"name":"Shop","item":"https:\/\/tallinndesignhouse.com\/en\/shop\/"},{"@type":"ListItem","position":3,"name":"Dress Spellbound"}]},{"@type":"WebSite","@id":"https:\/\/tallinndesignhouse.com\/#website","url":"https:\/\/tallinndesignhouse.com\/","name":"Tallinn Design House","description":"Eesti disain Rotermanni kvartalis","potentialAction":[{"@type":"SearchAction","target":{"@type":"EntryPoint","urlTemplate":"https:\/\/tallinndesignhouse.com\/?s={search_term_string}"},"query-input":{"@type":"PropertyValueSpecification","valueRequired":true,"valueName":"search_term_string"}}],"inLanguage":"en-US"}]}},"_links":{"self":[{"href":"https:\/\/tallinndesignhouse.com\/en\/wp-json\/wp\/v2\/product\/985165","targetHints":{"allow":["GET"]}}],"collection":[{"href":"https:\/\/tallinndesignhouse.com\/en\/wp-json\/wp\/v2\/product"}],"about":[{"href":"https:\/\/tallinndesignhouse.com\/en\/wp-json\/wp\/v2\/types\/product"}],"wp:featuredmedia":[{"embeddable":true,"href":"https:\/\/tallinndesignhouse.com\/en\/wp-json\/wp\/v2\/media\/986403"}],"wp:attachment":[{"href":"https:\/\/tallinndesignhouse.com\/en\/wp-json\/wp\/v2\/media?parent=985165"}],"wp:term":[{"taxonomy":"product_brand","embeddable":true,"href":"https:\/\/tallinndesignhouse.com\/en\/wp-json\/wp\/v2\/product_brand?post=985165"},{"taxonomy":"product_cat","embeddable":true,"href":"https:\/\/tallinndesignhouse.com\/en\/wp-json\/wp\/v2\/product_cat?post=985165"},{"taxonomy":"product_tag","embeddable":true,"href":"https:\/\/tallinndesignhouse.com\/en\/wp-json\/wp\/v2\/product_tag?post=985165"}],"curies":[{"name":"wp","href":"https:\/\/api.w.org\/{rel}","templated":true}]}}